{"id":2363794,"date":"2026-04-24T06:43:27","date_gmt":"2026-04-24T06:43:27","guid":{"rendered":""},"modified":"2026-04-24T06:43:27","modified_gmt":"2026-04-24T06:43:27","slug":"catfest-tuunikala-tarretis-krevettidega-meal-nr2-12-x-50g","status":"publish","type":"product","link":"https:\/\/petfest.ee\/lt\/p\/catfest-tunas-su-krevetemis-gabaliukai-svelnioje-zeleje-meal-nr2-12-x-50-g\/","title":{"rendered":"CatFest Tunas su krevet\u0117mis gabaliukai \u0161velnioje \u017eel\u0117je Meal Nr2, 12 x 50 g"},"content":{"rendered":"<p>Konservuotas dr\u0117gnas pa\u0161aras kat\u0117ms i\u0161 CatFest serijos, pagamintas i\u0161 \u0161velniausios Ramiojo vandenyno tuno m\u0117sos, \u2013 tai gurmani\u0161kas patiekalas tikriems p\u016bkuotiems gurmanams. Tamsi tuno m\u0117sa pasi\u017eymi \u0161velnia tekst\u016bra ir intensyvesniu aromatu, tod\u0117l pa\u0161aras \u012fgauna ry\u0161k\u0173 j\u016bros \u017euv\u0173 skon\u012f. Patiekiamas \u0161velnioje \u017eel\u0117je, kuri ne tik pagerina pa\u0161aro tekst\u016br\u0105, bet ir padeda geriau \u012fsisavinti maistines med\u017eiagas.<\/p>\n<p><B>Sud\u0117tis<\/B>: Tunas 60 %, krevet\u0117s 4 %, mieli\u0173 ekstraktas, prebiotikas FOS, an\u010diuvi\u0173 aliejus, mineralai.<br \/>\nMaistingosios med\u017eiagos (mg\/kg): vitaminas E \u2013 1 000, taurinas \u2013 1 000<\/p>\n<p><B>Analitin\u0117 sud\u0117tis<\/B>: \u017eali baltymai 10%, \u017eali riebalai 0.5%, \u017ealios pelenai 1,5%, \u017eali pluo\u0161tai 1%, dr\u0117gm\u0117 88%.<\/p>\n<p><B>Naudojimas<\/B>: Patiekti kaip papild\u0105 pagrindinei dietai. Laikykit\u0117s \u0161\u0117rimo lentel\u0117s ant pakuot\u0117s. Atidarius laikyti \u0161aldytuve ir suvartoti per 48 valandas. Netinka vartoti \u017emon\u0117ms.<\/p>","protected":false},"excerpt":{"rendered":"<p>79217940 6921959217940<\/p>\n","protected":false},"featured_media":2363976,"comment_status":"closed","ping_status":"closed","template":"","meta":{"inline_featured_image":false},"product_cat":[238,236],"product_tag":[],"_links":{"self":[{"href":"https:\/\/petfest.ee\/lt\/wp-json\/wp\/v2\/product\/2363794"}],"collection":[{"href":"https:\/\/petfest.ee\/lt\/wp-json\/wp\/v2\/product"}],"about":[{"href":"https:\/\/petfest.ee\/lt\/wp-json\/wp\/v2\/types\/product"}],"replies":[{"embeddable":true,"href":"https:\/\/petfest.ee\/lt\/wp-json\/wp\/v2\/comments?post=2363794"}],"wp:featuredmedia":[{"embeddable":true,"href":"https:\/\/petfest.ee\/lt\/wp-json\/wp\/v2\/media\/2363976"}],"wp:attachment":[{"href":"https:\/\/petfest.ee\/lt\/wp-json\/wp\/v2\/media?parent=2363794"}],"wp:term":[{"taxonomy":"product_cat","embeddable":true,"href":"https:\/\/petfest.ee\/lt\/wp-json\/wp\/v2\/product_cat?post=2363794"},{"taxonomy":"product_tag","embeddable":true,"href":"https:\/\/petfest.ee\/lt\/wp-json\/wp\/v2\/product_tag?post=2363794"}],"curies":[{"name":"wp","href":"https:\/\/api.w.org\/{rel}","templated":true}]}}