{"id":2363758,"date":"2026-04-24T06:43:27","date_gmt":"2026-04-24T06:43:27","guid":{"rendered":""},"modified":"2026-04-24T06:43:27","modified_gmt":"2026-04-24T06:43:27","slug":"catfest-dental-krobedad-padjakesed-lohega-30g","status":"publish","type":"product","link":"https:\/\/petfest.ee\/lt\/p\/catfest-dental-traskios-pagalveles-su-lasisa-30g\/","title":{"rendered":"CatFest Dental Tra\u0161kios Pagalv\u0117l\u0117s su la\u0161i\u0161a, 30g."},"content":{"rendered":"<p>Tra\u0161kios pagalv\u0117l\u0117s su la\u0161i\u0161os kremu d\u0117l por\u0117tos strukt\u016bros \u0161alina apna\u0161as, padeda i\u0161vengti akmen\u0173 susidarymo ir gaivina kv\u0117pavim\u0105. \u0160velnus \u017euvies kremas viduje \u2013 tikras ka\u010di\u0173 m\u0117gstamiausias skan\u0117stas. Dant\u0173 valymas dabar ne tik lengvas, bet ir skanus!<br \/>\n<B>Sud\u0117tis<\/B>: kukur\u016bz\u0173 miltai, bulvi\u0173 miltai, ry\u017ei\u0173 miltai, kiau\u0161ini\u0173 tryni\u0173 miltai, \u017euv\u0173 miltai, la\u0161i\u0161os miltai 5%, kreve\u010di\u0173 miltai, kat\u017eol\u0117s miltai, aliejai ir riebalai, granat\u0173 s\u0117kl\u0173 miltai, spanguoli\u0173 miltai, \u0161pinatai (chlorofilo \u0161altinis).<br \/>\n<B>Analitin\u0117 sud\u0117tis<\/B>: \u017eali baltymai 20%, riebalai 15%, \u017ealia l\u0105steliena 2,5%, \u017eali pelenai 4%, dr\u0117gnis 10%;<\/p>\n<p><B>Naudojimas<\/B>: Rekomenduojama dienos norma: 1-2 vnt. Tikslesn\u012f kiek\u012f reguliuokite pagal augintinio b\u016bkl\u0119 ir poreikius. Gyv\u016bnas visada turi tur\u0117ti \u0161vie\u017eio geriamojo vandens. Nepalikite kat\u0117s be prie\u017ei\u016bros su skan\u0117stais. Neduokite valgyti dr\u0117gm\u0117s sug\u0117riklio, esan\u010dio mai\u0161elio viduje. Laikyti sausoje ir v\u0117sioje vietoje, pakartotinai atidarius laikyti \u0161aldytuve.<\/p>","protected":false},"excerpt":{"rendered":"<p>79212723 6921959212723<\/p>\n","protected":false},"featured_media":2363971,"comment_status":"closed","ping_status":"closed","template":"","meta":{"inline_featured_image":false},"product_cat":[237,236],"product_tag":[],"_links":{"self":[{"href":"https:\/\/petfest.ee\/lt\/wp-json\/wp\/v2\/product\/2363758"}],"collection":[{"href":"https:\/\/petfest.ee\/lt\/wp-json\/wp\/v2\/product"}],"about":[{"href":"https:\/\/petfest.ee\/lt\/wp-json\/wp\/v2\/types\/product"}],"replies":[{"embeddable":true,"href":"https:\/\/petfest.ee\/lt\/wp-json\/wp\/v2\/comments?post=2363758"}],"wp:featuredmedia":[{"embeddable":true,"href":"https:\/\/petfest.ee\/lt\/wp-json\/wp\/v2\/media\/2363971"}],"wp:attachment":[{"href":"https:\/\/petfest.ee\/lt\/wp-json\/wp\/v2\/media?parent=2363758"}],"wp:term":[{"taxonomy":"product_cat","embeddable":true,"href":"https:\/\/petfest.ee\/lt\/wp-json\/wp\/v2\/product_cat?post=2363758"},{"taxonomy":"product_tag","embeddable":true,"href":"https:\/\/petfest.ee\/lt\/wp-json\/wp\/v2\/product_tag?post=2363758"}],"curies":[{"name":"wp","href":"https:\/\/api.w.org\/{rel}","templated":true}]}}