{"id":2363729,"date":"2026-04-24T06:43:27","date_gmt":"2026-04-24T06:43:27","guid":{"rendered":""},"modified":"2026-04-24T06:43:27","modified_gmt":"2026-04-24T06:43:27","slug":"dogfest-dental-narimisrull-pardilihaga-taiskasvanud-koertele-100g","status":"publish","type":"product","link":"https:\/\/petfest.ee\/lt\/p\/dogfest-dental-kramtomas-suktinukas-su-antiena-suaugusiems-sunims-100g\/","title":{"rendered":"DogFest Dental Kramtomas suktinukas su antiena suaugusiems \u0161unims, 100g"},"content":{"rendered":"<p>Unikali por\u0117ta antienos suktini\u0173 strukt\u016bra efektyviai valo vis\u0105 dant\u0173 pavir\u0161i\u0173 nuo apna\u0161\u0173, u\u017ekertant keli\u0105 dant\u0173 akmen\u0173 ir \u0117duonies susidarymui. \u0160unys dievina \u0161iuos skan\u0117stus d\u0117l intensyvaus m\u0117sos aromato. Dabar dant\u0173 valymas ne tik lengvas, bet ir skanus! \u0160is skan\u0117stas skirtas suaugusiems vis\u0173 veisli\u0173 \u0161unims.<br \/>\nSUD\u0116TIS: antis 10,2 %, augalin\u0117s kilm\u0117s produktai, mineralai, nat\u016bralus konservantas.<br \/>\nGARANTUOTA ANALIZ\u0116, %: \u017eali baltymai 10, \u017eali riebalai 8, \u017ealia l\u0105steliena 1.5, \u017eali pelenai 4, dr\u0117gm\u0117 15.<br \/>\n<B>Naudojimas<\/B>: Patiekite vis\u0105 dien\u0105 kaip skan\u0117st\u0105. Rekomenduojama dienos norma: 1-2 vnt. Tikslesn\u012f kiek\u012f reguliuokite pagal augintinio b\u016bkl\u0119 ir poreikius. Gyv\u016bnas visada turi tur\u0117ti \u0161vie\u017eio geriamojo vandens. Nepalikite \u0161uns be prie\u017ei\u016bros su skan\u0117stais. Neduokite valgyti dr\u0117gm\u0117s sug\u0117riklio, esan\u010dio mai\u0161elio viduje. Laikyti sausoje ir v\u0117sioje vietoje, pakartotinai atidarius laikyti \u0161aldytuve.<\/p>","protected":false},"excerpt":{"rendered":"<p>79212631 6921959212631<\/p>\n","protected":false},"featured_media":2363964,"comment_status":"closed","ping_status":"closed","template":"","meta":{"inline_featured_image":false},"product_cat":[189,192],"product_tag":[],"_links":{"self":[{"href":"https:\/\/petfest.ee\/lt\/wp-json\/wp\/v2\/product\/2363729"}],"collection":[{"href":"https:\/\/petfest.ee\/lt\/wp-json\/wp\/v2\/product"}],"about":[{"href":"https:\/\/petfest.ee\/lt\/wp-json\/wp\/v2\/types\/product"}],"replies":[{"embeddable":true,"href":"https:\/\/petfest.ee\/lt\/wp-json\/wp\/v2\/comments?post=2363729"}],"wp:featuredmedia":[{"embeddable":true,"href":"https:\/\/petfest.ee\/lt\/wp-json\/wp\/v2\/media\/2363964"}],"wp:attachment":[{"href":"https:\/\/petfest.ee\/lt\/wp-json\/wp\/v2\/media?parent=2363729"}],"wp:term":[{"taxonomy":"product_cat","embeddable":true,"href":"https:\/\/petfest.ee\/lt\/wp-json\/wp\/v2\/product_cat?post=2363729"},{"taxonomy":"product_tag","embeddable":true,"href":"https:\/\/petfest.ee\/lt\/wp-json\/wp\/v2\/product_tag?post=2363729"}],"curies":[{"name":"wp","href":"https:\/\/api.w.org\/{rel}","templated":true}]}}