{"id":2363688,"date":"2026-04-24T06:43:27","date_gmt":"2026-04-24T06:43:27","guid":{"rendered":""},"modified":"2026-04-24T06:43:27","modified_gmt":"2026-04-24T06:43:27","slug":"dogfest-dental-twister-veiselihaga-keskmistele-koertele-90g","status":"publish","type":"product","link":"https:\/\/petfest.ee\/lt\/p\/dogfest-dental-twister-su-jautiena-sveriantiems-10-20-kg-90g\/","title":{"rendered":"DogFest Dental twister su jautiena sveriantiems 10\u201320 kg, 90g"},"content":{"rendered":"<p>M\u016bs\u0173 ilgiausiai kramtomi skan\u0117stai efektyviai pa\u0161alina apna\u0161as ir padeda i\u0161vengti akmen\u0173 susidarymo. M\u0117sos \u012fdaras pagamintas i\u0161 kruop\u0161\u010diai atrinkt\u0173 ingredient\u0173, be dirbtini\u0173 konservant\u0173 ir da\u017eikli\u0173. Dant\u0173 valymas dabar ne tik lengvas, bet ir skanus!<br \/>\nSUD\u0116TIS: jautiena 43,3 %, \u017ealiavin\u0117 oda, augalin\u0117s kilm\u0117s produktai, mineralai.<br \/>\nGARANTUOTA ANALIZ\u0116, %: \u017eali baltymai 42, \u017eali riebalai 8, \u017ealia l\u0105steliena 3, \u017eali pelenai 6, dr\u0117gm\u0117 18.<br \/>\n<B>Naudojimas<\/B>: Patiekite vis\u0105 dien\u0105 kaip skan\u0117st\u0105. Rekomenduojama dienos norma: 1-2 vnt. Tikslesn\u012f kiek\u012f reguliuokite pagal augintinio b\u016bkl\u0119 ir poreikius. Gyv\u016bnas visada turi tur\u0117ti \u0161vie\u017eio geriamojo vandens. Nepalikite \u0161uns be prie\u017ei\u016bros su skan\u0117stais. Neduokite valgyti dr\u0117gm\u0117s sug\u0117riklio, esan\u010dio mai\u0161elio viduje. Laikyti sausoje ir v\u0117sioje vietoje, pakartotinai atidarius laikyti \u0161aldytuve.<\/p>","protected":false},"excerpt":{"rendered":"<p>79212594 6921959212594<\/p>\n","protected":false},"featured_media":2363723,"comment_status":"closed","ping_status":"closed","template":"","meta":{"inline_featured_image":false},"product_cat":[189,192],"product_tag":[],"_links":{"self":[{"href":"https:\/\/petfest.ee\/lt\/wp-json\/wp\/v2\/product\/2363688"}],"collection":[{"href":"https:\/\/petfest.ee\/lt\/wp-json\/wp\/v2\/product"}],"about":[{"href":"https:\/\/petfest.ee\/lt\/wp-json\/wp\/v2\/types\/product"}],"replies":[{"embeddable":true,"href":"https:\/\/petfest.ee\/lt\/wp-json\/wp\/v2\/comments?post=2363688"}],"wp:featuredmedia":[{"embeddable":true,"href":"https:\/\/petfest.ee\/lt\/wp-json\/wp\/v2\/media\/2363723"}],"wp:attachment":[{"href":"https:\/\/petfest.ee\/lt\/wp-json\/wp\/v2\/media?parent=2363688"}],"wp:term":[{"taxonomy":"product_cat","embeddable":true,"href":"https:\/\/petfest.ee\/lt\/wp-json\/wp\/v2\/product_cat?post=2363688"},{"taxonomy":"product_tag","embeddable":true,"href":"https:\/\/petfest.ee\/lt\/wp-json\/wp\/v2\/product_tag?post=2363688"}],"curies":[{"name":"wp","href":"https:\/\/api.w.org\/{rel}","templated":true}]}}