{"id":2362711,"date":"2026-04-24T06:43:27","date_gmt":"2026-04-24T06:43:27","guid":{"rendered":""},"modified":"2026-04-24T06:43:27","modified_gmt":"2026-04-24T06:43:27","slug":"catfest-einekotike-lohega-zelees-margtoit-kassidele-12-x-70-g","status":"publish","type":"product","link":"https:\/\/petfest.ee\/lt\/p\/catfest-lasisos-file-zele-slapias-maistas-katems-12-x-70-g\/","title":{"rendered":"CatFest La\u0161i\u0161os fil\u0117 \u017eel\u0117, \u0161lapias maistas kat\u0117ms, 12 x 70 g"},"content":{"rendered":"<p>La\u0161i\u0161os fil\u0117 drebu\u010diuose \u2013 tai papildomas pa\u0161aras suaugusioms kat\u0117ms, praturtintas naudingomis med\u017eiagomis, padedan\u010diomis palaikyti sveikat\u0105 ir aktyvum\u0105. Didelis kokybi\u0161k\u0173 baltym\u0173 ir nauding\u0173 riebal\u0173 kiekis prisideda prie bendros augintinio gerov\u0117s.<\/p>\n<p><B>Sud\u0117tis<\/B>: la\u0161i\u0161a 58%, \u017euv\u0173 sultinys 38%, prebiotikai FOS, an\u010diuvi\u0173 aliejus, vitaminas E, taurinas, cikorijos ekstraktas, mineralai.<\/p>\n<p><B>Analitin\u0117 sud\u0117tis<\/B>: \u017eali baltymai 8,5%, \u017eali riebalai 2,5%, \u017eali pelenai 1,5%, \u017eali pluo\u0161tai 1%, dr\u0117gm\u0117 89%.<\/p>\n<p><B>Privalumai:<\/B> La\u0161i\u0161a yra auk\u0161tos kokyb\u0117s baltym\u0173 ir omega-3 riebal\u0173 r\u016bg\u0161\u010di\u0173 \u0161altinis, kuris gerina odos ir kailio b\u016bkl\u0119 bei palaiko \u0161irdies sveikat\u0105. Prebiotikas FOS gerina vir\u0161kinim\u0105 ir palaiko \u017earnyno mikroflor\u0105, o cikorijos ekstraktas padeda \u012fsisavinti maistines med\u017eiagas. Taurinas ir vitaminas E palaiko kat\u0117s reg\u0117jim\u0105 ir imunin\u0119 sistem\u0105, skatindami bendr\u0105 aktyvum\u0105 ir sveikat\u0105.<\/p>\n<p><B>Naudojimas<\/B>:Tinka kaip papildomas nat\u016bralus maistas visoms suaugusioms nam\u0173 kat\u0117ms, \u012fskaitant sterilizuotas ir kastruotas kates, taip pat kat\u0117ms su alergijomis ir vir\u0161kinimo sistemos problemomis. Pateikti kambario temperat\u016broje. Laikyti v\u0117sioje ir sausoje vietoje. Vartoti iki 3 paket\u0117li\u0173 per dien\u0105. Augintiniui visada turi b\u016bti prieinama \u0161vie\u017eia vanduo.  <\/p>","protected":false},"excerpt":{"rendered":"<p>79218916 6921959218916<\/p>\n","protected":false},"featured_media":2362713,"comment_status":"closed","ping_status":"closed","template":"","meta":{"inline_featured_image":false},"product_cat":[238,236],"product_tag":[],"_links":{"self":[{"href":"https:\/\/petfest.ee\/lt\/wp-json\/wp\/v2\/product\/2362711"}],"collection":[{"href":"https:\/\/petfest.ee\/lt\/wp-json\/wp\/v2\/product"}],"about":[{"href":"https:\/\/petfest.ee\/lt\/wp-json\/wp\/v2\/types\/product"}],"replies":[{"embeddable":true,"href":"https:\/\/petfest.ee\/lt\/wp-json\/wp\/v2\/comments?post=2362711"}],"wp:featuredmedia":[{"embeddable":true,"href":"https:\/\/petfest.ee\/lt\/wp-json\/wp\/v2\/media\/2362713"}],"wp:attachment":[{"href":"https:\/\/petfest.ee\/lt\/wp-json\/wp\/v2\/media?parent=2362711"}],"wp:term":[{"taxonomy":"product_cat","embeddable":true,"href":"https:\/\/petfest.ee\/lt\/wp-json\/wp\/v2\/product_cat?post=2362711"},{"taxonomy":"product_tag","embeddable":true,"href":"https:\/\/petfest.ee\/lt\/wp-json\/wp\/v2\/product_tag?post=2362711"}],"curies":[{"name":"wp","href":"https:\/\/api.w.org\/{rel}","templated":true}]}}