{"id":2362702,"date":"2026-04-24T06:43:27","date_gmt":"2026-04-24T06:43:27","guid":{"rendered":""},"modified":"2026-04-24T06:43:27","modified_gmt":"2026-04-24T06:43:27","slug":"catfest-einekotike-lohe-ja-kaheksajalaga-zelees-margtoit-kassidele-12-x-70-g","status":"publish","type":"product","link":"https:\/\/petfest.ee\/lt\/p\/catfest-lasisos-file-su-astuonkoju-zele-slapias-kaciu-maistas-12-x-70-g\/","title":{"rendered":"CatFest La\u0161i\u0161os fil\u0117 su a\u0161tuonkoju \u017eel\u0117, \u0161lapias ka\u010di\u0173 maistas, 12 x 70 g"},"content":{"rendered":"<p>La\u0161i\u0161os fil\u0117 su a\u0161tuonkojais \u017eel\u0117 yra delikatesinis ir maistingas maistas suaugusioms kat\u0117ms. Auk\u0161tas la\u0161i\u0161os ir a\u0161tuonkoj\u0173 kiekis suteikia katei reikiam\u0173 baltym\u0173 ir nauding\u0173 riebal\u0173 r\u016bg\u0161\u010di\u0173, palaikydamas jos sveikat\u0105 ir aktyvum\u0105. Pateikiama kaip papildomas nat\u016bralus maistas.<\/p>\n<p><B>Sud\u0117tis<\/B>: la\u0161i\u0161a 54%, a\u0161tuonkojai 6%, \u017euv\u0173 sultinys 38%, an\u010diuvio \u017euvis aliejus, prebiotikai FOS, vitaminas E, taurinas, cikorijos ekstraktas, mineralai.<\/p>\n<p><B>Analitin\u0117 sud\u0117tis<\/B>: \u017ealias baltymas 8,5%, \u017ealias riebalas 2,5%, \u017ealiavos pelenai 1,5%, \u017ealiavos skaidulos 1%, dr\u0117gm\u0117 89%.<\/p>\n<p><B>Privalumai:<\/B> La\u0161i\u0161a yra gausus omega-3 riebal\u0173 r\u016bg\u0161\u010di\u0173 \u0161altinis, palaikantis odos sveikat\u0105 ir kailio blizges\u012f. Prebiotikas FOS padeda gerinti vir\u0161kinim\u0105 ir palaikyti sveik\u0105 \u017earnyno mikroflor\u0105. A\u0161tuonkojai suteikia original\u0173 skon\u012f ir tekst\u016br\u0105, daro maist\u0105 patrauklesn\u012f kat\u0117ms. Cikorija ma\u017eina kvap\u0105 i\u0161 kat\u0117s ekskrement\u0173, padeda i\u0161laikyti \u0161vie\u017ei\u0105 or\u0105 aplink d\u0117kl\u0105.<\/p>\n<p><B>Naudojimas<\/B>: Tinka kaip papildomas nat\u016bralus maistas visoms suaugusioms nam\u0173 kat\u0117ms, \u012fskaitant sterilizuotas ir kastruotas kates, taip pat kat\u0117ms su alergijomis ir vir\u0161kinimo sistemos problemomis. Pateikti kambario temperat\u016broje. Laikyti v\u0117sioje ir sausoje vietoje. Vartoti iki 3 paket\u0117li\u0173 per dien\u0105. Augintiniui visada turi b\u016bti prieinama \u0161vie\u017eia vanduo.<\/p>","protected":false},"excerpt":{"rendered":"<p>79218947 6921959218947<\/p>\n","protected":false},"featured_media":2362704,"comment_status":"closed","ping_status":"closed","template":"","meta":{"inline_featured_image":false},"product_cat":[238,236],"product_tag":[],"_links":{"self":[{"href":"https:\/\/petfest.ee\/lt\/wp-json\/wp\/v2\/product\/2362702"}],"collection":[{"href":"https:\/\/petfest.ee\/lt\/wp-json\/wp\/v2\/product"}],"about":[{"href":"https:\/\/petfest.ee\/lt\/wp-json\/wp\/v2\/types\/product"}],"replies":[{"embeddable":true,"href":"https:\/\/petfest.ee\/lt\/wp-json\/wp\/v2\/comments?post=2362702"}],"wp:featuredmedia":[{"embeddable":true,"href":"https:\/\/petfest.ee\/lt\/wp-json\/wp\/v2\/media\/2362704"}],"wp:attachment":[{"href":"https:\/\/petfest.ee\/lt\/wp-json\/wp\/v2\/media?parent=2362702"}],"wp:term":[{"taxonomy":"product_cat","embeddable":true,"href":"https:\/\/petfest.ee\/lt\/wp-json\/wp\/v2\/product_cat?post=2362702"},{"taxonomy":"product_tag","embeddable":true,"href":"https:\/\/petfest.ee\/lt\/wp-json\/wp\/v2\/product_tag?post=2362702"}],"curies":[{"name":"wp","href":"https:\/\/api.w.org\/{rel}","templated":true}]}}