{"id":2362690,"date":"2026-04-24T06:43:27","date_gmt":"2026-04-24T06:43:27","guid":{"rendered":""},"modified":"2026-04-24T06:43:27","modified_gmt":"2026-04-24T06:43:27","slug":"catfest-einekotike-pardi-ja-tuunikalaga-zelees-margtoit-kassidele-12-x-70-g","status":"publish","type":"product","link":"https:\/\/petfest.ee\/lt\/p\/catfest-antienos-file-su-tunu-suaugusioms-katems-slapias-kaciu-maistas-12-x-70-g\/","title":{"rendered":"CatFest Antienos fil\u0117 su tunu suaugusioms kat\u0117ms, \u0161lapias ka\u010di\u0173 maistas, 12 x 70 g"},"content":{"rendered":"<p>Anties fil\u0117 su tunu yra puikus papildymas suaugusi\u0173 ka\u010di\u0173 mitybai. Auk\u0161tas anties ir tuno kiekis u\u017etikrina subalansuot\u0105 maitinim\u0105, palaikydamas j\u016bs\u0173 augintinio sveikat\u0105 ir fizin\u0119 form\u0105. Pateikiama kaip papildomas nat\u016bralus maistas.<\/p>\n<p><B>Sud\u0117tis<\/B>: anties fil\u0117 54%, tunas 6%, anties sultinys 38%, an\u010diuvio \u017euvis aliejus, prebiotikai FOS, vitaminas E, taurinas, cikorijos ekstraktas, mineralai.<\/p>\n<p><B>Analitin\u0117 sud\u0117tis<\/B>: \u017ealias baltymas 11%, \u017ealias riebalas 2%, \u017ealiavos pelenai 1,5%, \u017ealiavos skaidulos 1%, dr\u0117gm\u0117 89%.<\/p>\n<p><B>Privalumai:<\/B> Antis ir tunas yra puik\u016bs baltym\u0173 \u0161altiniai, padedantys i\u0161laikyti raumen\u0173 mas\u0119 ir bendr\u0105 sveikat\u0105. Prebiotikas FOS palaiko sveik\u0105 \u017earnyno mikroflor\u0105 ir gerina vir\u0161kinim\u0105. An\u010diuvio aliejus praturtina racion\u0105 omega-3 riebal\u0173 r\u016bg\u0161timis, kas padeda palaikyti odos ir kailio sveikat\u0105. Mineraliniai papildai stiprina kaulus ir palaiko bendr\u0105 sveikat\u0105. Cikorija ma\u017eina kvap\u0105 i\u0161 kat\u0117s ekskrement\u0173, padeda i\u0161laikyti \u0161vie\u017ei\u0105 or\u0105 aplink d\u0117kl\u0105.<\/p>\n<p><B>Naudojimas<\/B>: Tinka kaip papildomas nat\u016bralus maistas visoms suaugusioms nam\u0173 kat\u0117ms, \u012fskaitant sterilizuotas ir kastruotas kates, taip pat kat\u0117ms su alergijomis ir vir\u0161kinimo sistemos problemomis. Pateikti kambario temperat\u016broje. Laikyti v\u0117sioje ir sausoje vietoje. Vartoti iki 3 paket\u0117li\u0173 per dien\u0105. Augintiniui visada turi b\u016bti prieinama \u0161vie\u017eia vanduo.<\/p>","protected":false},"excerpt":{"rendered":"<p>79218893 6921959218893<\/p>\n","protected":false},"featured_media":2362692,"comment_status":"closed","ping_status":"closed","template":"","meta":{"inline_featured_image":false},"product_cat":[238,236],"product_tag":[],"_links":{"self":[{"href":"https:\/\/petfest.ee\/lt\/wp-json\/wp\/v2\/product\/2362690"}],"collection":[{"href":"https:\/\/petfest.ee\/lt\/wp-json\/wp\/v2\/product"}],"about":[{"href":"https:\/\/petfest.ee\/lt\/wp-json\/wp\/v2\/types\/product"}],"replies":[{"embeddable":true,"href":"https:\/\/petfest.ee\/lt\/wp-json\/wp\/v2\/comments?post=2362690"}],"wp:featuredmedia":[{"embeddable":true,"href":"https:\/\/petfest.ee\/lt\/wp-json\/wp\/v2\/media\/2362692"}],"wp:attachment":[{"href":"https:\/\/petfest.ee\/lt\/wp-json\/wp\/v2\/media?parent=2362690"}],"wp:term":[{"taxonomy":"product_cat","embeddable":true,"href":"https:\/\/petfest.ee\/lt\/wp-json\/wp\/v2\/product_cat?post=2362690"},{"taxonomy":"product_tag","embeddable":true,"href":"https:\/\/petfest.ee\/lt\/wp-json\/wp\/v2\/product_tag?post=2362690"}],"curies":[{"name":"wp","href":"https:\/\/api.w.org\/{rel}","templated":true}]}}