{"id":2362681,"date":"2026-04-24T06:43:27","date_gmt":"2026-04-24T06:43:27","guid":{"rendered":""},"modified":"2026-04-24T06:43:27","modified_gmt":"2026-04-24T06:43:27","slug":"catfest-einekotike-tuunikala-ja-krevettidega-zelees-margtoit-kassidele-12-x-70-g","status":"publish","type":"product","link":"https:\/\/petfest.ee\/lt\/p\/catfest-tunai-su-krevetemis-zele-papildomas-dregnas-maistas-katems-12-x-70-g\/","title":{"rendered":"CatFest Tunai su krevet\u0117mis \u017eel\u0117, papildomas dr\u0117gnas maistas kat\u0117ms, 12 x 70 g"},"content":{"rendered":"<p>Pasaulio tuno fil\u0117 su \u0161velniomis visomis krevet\u0117mis \u017eel\u0117 yra nat\u016bralus maistas tikriems aristokratams. Vitaminai, mineralai, Omega-3\/6 riebal\u0173 r\u016bg\u0161tys ir taurinas \u2013 tai tik malon\u016bs papildymai \u0161iam i\u0161skirtiniam patiekalui kat\u0117ms ir katinams vis\u0173 veisli\u0173. Pateikiama kaip papildomas maistas.<\/p>\n<p><B>Sud\u0117tis<\/B>: tuno fil\u0117 54%, \u017euv\u0173 sultinys 40%, krevet\u0117s 4%, an\u010diuvio \u017euvis aliejus, vitaminas E, taurinas, cikorijos ekstraktas.<\/p>\n<p><B>Analitin\u0117 sud\u0117tis<\/B>: \u017ealias baltymas 10%, \u017ealias riebalas 0,8%, \u017ealiavos skaidulos 1%, \u017ealiavos pelenai 1,5%, dr\u0117gm\u0117 89%, energin\u0117 vert\u0117 \u2013 45,18 kcal.<\/p>\n<p><B>Privalumai:<\/B> Nepriklauso da\u017eikliams, konservantams ar skonio stiprikliams. Nepriklauso gr\u016bdams, kukur\u016bzams, sojai, glitimo, \u0161alutiniams produktams ir GMO. Taurinas teigiamai veikia kat\u0117s \u0161ird\u012f, reg\u0117jim\u0105, klaus\u0105 ir imunin\u0119 sistem\u0105. Omega-3 ir Omega-6 riebal\u0173 r\u016bg\u0161tys i\u0161 an\u010diuv\u0173 skatina gra\u017eaus ir sveiko kailio augim\u0105, taip pat stiprina s\u0105narius ir dantis. Cikorija ma\u017eina kvap\u0105 i\u0161 kat\u0117s ekskrement\u0173, padeda i\u0161laikyti \u0161vie\u017ei\u0105 or\u0105 aplink d\u0117kl\u0105.<\/p>\n<p><B>Naudojimas<\/B>: Tinka kaip papildomas nat\u016bralus maistas visoms suaugusioms nam\u0173 kat\u0117ms, \u012fskaitant sterilizuotas ir kastruotas kates, taip pat kat\u0117ms su alergijomis ir vir\u0161kinimo sistemos problemomis. Pateikti kambario temperat\u016broje. Laikyti v\u0117sioje ir sausoje vietoje. Vartoti iki 3 paket\u0117li\u0173 per dien\u0105. Augintiniui visada turi b\u016bti prieinama \u0161vie\u017eia vanduo.<\/p>","protected":false},"excerpt":{"rendered":"<p>79218008 6921959218008<\/p>\n","protected":false},"featured_media":2362617,"comment_status":"closed","ping_status":"closed","template":"","meta":{"inline_featured_image":false},"product_cat":[238,236],"product_tag":[],"_links":{"self":[{"href":"https:\/\/petfest.ee\/lt\/wp-json\/wp\/v2\/product\/2362681"}],"collection":[{"href":"https:\/\/petfest.ee\/lt\/wp-json\/wp\/v2\/product"}],"about":[{"href":"https:\/\/petfest.ee\/lt\/wp-json\/wp\/v2\/types\/product"}],"replies":[{"embeddable":true,"href":"https:\/\/petfest.ee\/lt\/wp-json\/wp\/v2\/comments?post=2362681"}],"wp:featuredmedia":[{"embeddable":true,"href":"https:\/\/petfest.ee\/lt\/wp-json\/wp\/v2\/media\/2362617"}],"wp:attachment":[{"href":"https:\/\/petfest.ee\/lt\/wp-json\/wp\/v2\/media?parent=2362681"}],"wp:term":[{"taxonomy":"product_cat","embeddable":true,"href":"https:\/\/petfest.ee\/lt\/wp-json\/wp\/v2\/product_cat?post=2362681"},{"taxonomy":"product_tag","embeddable":true,"href":"https:\/\/petfest.ee\/lt\/wp-json\/wp\/v2\/product_tag?post=2362681"}],"curies":[{"name":"wp","href":"https:\/\/api.w.org\/{rel}","templated":true}]}}