{"id":2362673,"date":"2026-04-24T06:43:27","date_gmt":"2026-04-24T06:43:27","guid":{"rendered":""},"modified":"2026-04-24T06:43:27","modified_gmt":"2026-04-24T06:43:27","slug":"catfest-pardiliha-pasteet-margtoit-kassipoegadele-12-x-70-g","status":"publish","type":"product","link":"https:\/\/petfest.ee\/lt\/p\/catfest-duck-pastetas-kaciukams-slapias-kaciu-maistas-12-x-70-g\/","title":{"rendered":"CatFest Duck pa\u0161tetas ka\u010diukams, \u0161lapias ka\u010di\u0173 maistas, 12 x 70 g"},"content":{"rendered":"<p>\u0160is specialiai sukurtas maistas ka\u010diukams turi nauding\u0173 komponent\u0173, toki\u0173 kaip antis, prebiotikai ir an\u010diuvi\u0173 aliejus, kurie padeda j\u016bs\u0173 augintiniui augti sveikam ir energingam. Nat\u016bralios sudedamosios dalys ir \u0161velni maisto tekst\u016bra u\u017etikrins subalansuot\u0105 mityb\u0105 ir palaikys teising\u0105 ka\u010diuko vystym\u0105si. Patiekiamas kaip papildomas maistas.<\/p>\n<p><B>Sud\u0117tis<\/B>: antis 58%, antis sultinys 40%, an\u010diuvi\u0173 \u017euv\u0173 aliejus, E vitaminas, FOS prebiotikai, taurinas, tapioka, cikorij\u0173 ekstraktas, fruktoz\u0117, mineralai.<\/p>\n<p><B>Analitin\u0117 sud\u0117tis<\/B>: \u017eali baltymai 11%, \u017eali riebalai 2%, \u017eali\u0173 skaidul\u0173 1%, \u017eali pelenai 1,5%, dr\u0117gm\u0117 89%, energetin\u0117 vert\u0117 \u2014 41 kcal.<\/p>\n<p><B>Privalumai:<\/B> \u0160is maistas yra turtingas an\u010di\u0173 baltymais, kurie skatina raumen\u0173 vystym\u0105si ir palaiko auk\u0161t\u0105 ka\u010diuko aktyvumo lyg\u012f. Prebiotikas (FOS) palaiko sveik\u0105 \u017earnyno mikroflor\u0105, o an\u010diuvi\u0173 aliejus, turintis omega-3 riebal\u0173 r\u016bg\u0161\u010di\u0173, stiprina imunin\u0119 sistem\u0105 ir prisideda prie odos ir kailio sveikatos. E vitaminas ir taurinas atlieka svarb\u0173 vaidmen\u012f palaikant ka\u010diuko \u0161irdies ir reg\u0117jimo sveikat\u0105.<\/p>\n<p><B>Naudojimas<\/B>: Rekomenduojama kaip papildomas maistas ka\u010diukams. Pateikite maist\u0105 kambario temperat\u016broje. Laikyti v\u0117sioje ir sausoje vietoje. Maitinkite ka\u010diuk\u0105 iki 3 pakuo\u010di\u0173 per dien\u0105, priklausomai nuo jo svorio ir aktyvumo. U\u017etikrinkite, kad ka\u010diukui visada b\u016bt\u0173 prieiga prie \u0161vie\u017eio vandens.<\/p>","protected":false},"excerpt":{"rendered":"<p>79218978 6921959218978<\/p>\n","protected":false},"featured_media":2362675,"comment_status":"closed","ping_status":"closed","template":"","meta":{"inline_featured_image":false},"product_cat":[238,236],"product_tag":[],"_links":{"self":[{"href":"https:\/\/petfest.ee\/lt\/wp-json\/wp\/v2\/product\/2362673"}],"collection":[{"href":"https:\/\/petfest.ee\/lt\/wp-json\/wp\/v2\/product"}],"about":[{"href":"https:\/\/petfest.ee\/lt\/wp-json\/wp\/v2\/types\/product"}],"replies":[{"embeddable":true,"href":"https:\/\/petfest.ee\/lt\/wp-json\/wp\/v2\/comments?post=2362673"}],"wp:featuredmedia":[{"embeddable":true,"href":"https:\/\/petfest.ee\/lt\/wp-json\/wp\/v2\/media\/2362675"}],"wp:attachment":[{"href":"https:\/\/petfest.ee\/lt\/wp-json\/wp\/v2\/media?parent=2362673"}],"wp:term":[{"taxonomy":"product_cat","embeddable":true,"href":"https:\/\/petfest.ee\/lt\/wp-json\/wp\/v2\/product_cat?post=2362673"},{"taxonomy":"product_tag","embeddable":true,"href":"https:\/\/petfest.ee\/lt\/wp-json\/wp\/v2\/product_tag?post=2362673"}],"curies":[{"name":"wp","href":"https:\/\/api.w.org\/{rel}","templated":true}]}}