{"id":2362669,"date":"2026-04-24T06:43:27","date_gmt":"2026-04-24T06:43:27","guid":{"rendered":""},"modified":"2026-04-24T06:43:27","modified_gmt":"2026-04-24T06:43:27","slug":"catfest-kanaliha-pasteet-margtoit-kassipoegadele-12-x-70-g","status":"publish","type":"product","link":"https:\/\/petfest.ee\/lt\/p\/catfest-vistienos-pastetas-kaciukams-slapias-maistas-katems-12-x-70-g\/","title":{"rendered":"CatFest Vi\u0161tienos pa\u0161tetas ka\u010diukams, \u0161lapias maistas kat\u0117ms, 12 x 70 g"},"content":{"rendered":"<p>\u0160is specialiai sukurtas maistas ka\u010diukams yra pagamintas pagal unikal\u0173 recept\u0105 ir turi \u0161velni\u0105 tekst\u016br\u0105, puikiai tinkam\u0105 ma\u017eiems augintiniams. Nat\u016bralios sudedamosios dalys su naudingais priedais palaikys j\u016bs\u0173 ka\u010diuk\u0105 aktyvaus augimo etape, suteikdamos jam energijos ir sveikatos. Patiekiamas kaip papildomas nat\u016bralus maistas.<\/p>\n<p><B>Sud\u0117tis<\/B>: vi\u0161tiena 58%, vi\u0161tienos sultinys 40%, an\u010diuvi\u0173 \u017euv\u0173 aliejus, FOS prebiotikai, E vitaminas, taurinas, tapioka, cikorij\u0173 ekstraktas, fruktoz\u0117, mineralai.<\/p>\n<p><B>Analitin\u0117 sud\u0117tis<\/B>: \u017eali baltymai 9,5%, \u017eali riebalai 1,5%, \u017eali\u0173 skaidul\u0173 1%, \u017eali pelenai 1%, dr\u0117gm\u0117 89%, energetin\u0117 vert\u0117 \u2014 36,92 kcal.<\/p>\n<p><B>Privalumai:<\/B> \u0160is maistas sukurtas atsi\u017evelgiant \u012f visus ka\u010diuk\u0173 poreikius. Omega-3 ir Omega-6 riebal\u0173 r\u016bg\u0161tys palaiko odos ir kailio sveikat\u0105, taurinas skatina \u0161irdies ir reg\u0117jimo vystym\u0105si, o E vitaminas stiprina imunin\u0119 sistem\u0105. Cikorij\u0173 ekstraktas gerina vir\u0161kinim\u0105, o trikalcis fosfatas padeda formuoti stiprias kaulus.<\/p>\n<p><B>Naudojimas<\/B>: Idealiai tinka kaip papildomas nat\u016bralus maistas visoms ka\u010diuk\u0173 veisl\u0117ms. Pateikite maist\u0105 kambario temperat\u016broje. Laikyti v\u0117sioje ir sausoje vietoje. Rekomenduojama duoti 2-3 paket\u0117lius per dien\u0105, priklausomai nuo am\u017eiaus ir aktyvumo. U\u017etikrinkite, kad ka\u010diukui visada b\u016bt\u0173 prieiga prie \u0161vie\u017eio vandens.<\/p>","protected":false},"excerpt":{"rendered":"<p>79218954 6921959218954<\/p>\n","protected":false},"featured_media":2362671,"comment_status":"closed","ping_status":"closed","template":"","meta":{"inline_featured_image":false},"product_cat":[238,236],"product_tag":[],"_links":{"self":[{"href":"https:\/\/petfest.ee\/lt\/wp-json\/wp\/v2\/product\/2362669"}],"collection":[{"href":"https:\/\/petfest.ee\/lt\/wp-json\/wp\/v2\/product"}],"about":[{"href":"https:\/\/petfest.ee\/lt\/wp-json\/wp\/v2\/types\/product"}],"replies":[{"embeddable":true,"href":"https:\/\/petfest.ee\/lt\/wp-json\/wp\/v2\/comments?post=2362669"}],"wp:featuredmedia":[{"embeddable":true,"href":"https:\/\/petfest.ee\/lt\/wp-json\/wp\/v2\/media\/2362671"}],"wp:attachment":[{"href":"https:\/\/petfest.ee\/lt\/wp-json\/wp\/v2\/media?parent=2362669"}],"wp:term":[{"taxonomy":"product_cat","embeddable":true,"href":"https:\/\/petfest.ee\/lt\/wp-json\/wp\/v2\/product_cat?post=2362669"},{"taxonomy":"product_tag","embeddable":true,"href":"https:\/\/petfest.ee\/lt\/wp-json\/wp\/v2\/product_tag?post=2362669"}],"curies":[{"name":"wp","href":"https:\/\/api.w.org\/{rel}","templated":true}]}}