{"id":2362665,"date":"2026-04-24T06:43:27","date_gmt":"2026-04-24T06:43:27","guid":{"rendered":""},"modified":"2026-04-24T06:43:27","modified_gmt":"2026-04-24T06:43:27","slug":"catfest-tuunikala-pasteet-margtoit-kassipoegadele-12-x-70-g","status":"publish","type":"product","link":"https:\/\/petfest.ee\/lt\/p\/catfest-tuno-pastetas-kaciukams-slapias-kaciu-maistas-12-x-70-g\/","title":{"rendered":"CatFest Tuno pa\u0161tetas ka\u010diukams, \u0161lapias ka\u010di\u0173 maistas, 12 x 70 g"},"content":{"rendered":"<p>Maistingas tuno pa\u0161tetas, sukurtas specialiai ka\u010diukams, aktyvaus augimo ir vystymosi laikotarpiu, yra puikus pasirinkimas. \u0160is nat\u016bralus maistas suteikia j\u016bs\u0173 augintiniui Omega-3 riebal\u0173 r\u016bg\u0161\u010di\u0173, baltym\u0173, vitamin\u0173 ir mineral\u0173, reikaling\u0173 sveikatai ir energijai palaikyti. Patiekiamas kaip papildomas maistas.<\/p>\n<p><B>Sud\u0117tis<\/B>: tunas 58%, \u017euv\u0173 sultinys 39,9%, an\u010diuvi\u0173 \u017euv\u0173 aliejus, FOS prebiotikai, E vitaminas, taurinas, tapioka, cikorij\u0173 ekstraktas, fruktoz\u0117, mineralai.<\/p>\n<p><B>Analitin\u0117 sud\u0117tis<\/B>: \u017eali baltymai 10%, \u017eali riebalai 0,8%, \u017eali\u0173 skaidul\u0173 1%, \u017eali pelenai 1,5%, dr\u0117gm\u0117 89%, energetin\u0117 vert\u0117 \u2014 41,96 kcal.<\/p>\n<p><B>Privalumai:<\/B> \u0160is pa\u0161tetas specialiai sukurtas ka\u010diukams, teikiant visk\u0105, kas b\u016btina j\u0173 augimui ir vystymuisi. Omega-3 riebal\u0173 r\u016bg\u0161tys palaiko odos ir kailio sveikat\u0105, baltymai padeda i\u0161laikyti raumen\u0173 mas\u0119, o taurinas skatina reg\u0117jimo ir \u0161irdies vystym\u0105si. E vitaminas stiprina imunin\u0119 sistem\u0105, o cikorij\u0173 ekstraktas gerina vir\u0161kinim\u0105.<\/p>\n<p><B>Naudojimas<\/B>: Idealiai tinka kaip papildomas maistas visoms ka\u010diuk\u0173 veisl\u0117ms. Pateikite maist\u0105 kambario temperat\u016broje, kad atskleistum\u0117te jo skon\u012f. Laikyti v\u0117sioje ir sausoje vietoje. Rekomenduojama duoti 2-3 paket\u0117lius per dien\u0105, priklausomai nuo am\u017eiaus ir aktyvumo. U\u017etikrinkite, kad ka\u010diukui visada b\u016bt\u0173 prieiga prie \u0161vie\u017eio vandens.<\/p>","protected":false},"excerpt":{"rendered":"<p>79218961 6921959218961<\/p>\n","protected":false},"featured_media":2362667,"comment_status":"closed","ping_status":"closed","template":"","meta":{"inline_featured_image":false},"product_cat":[238,236],"product_tag":[],"_links":{"self":[{"href":"https:\/\/petfest.ee\/lt\/wp-json\/wp\/v2\/product\/2362665"}],"collection":[{"href":"https:\/\/petfest.ee\/lt\/wp-json\/wp\/v2\/product"}],"about":[{"href":"https:\/\/petfest.ee\/lt\/wp-json\/wp\/v2\/types\/product"}],"replies":[{"embeddable":true,"href":"https:\/\/petfest.ee\/lt\/wp-json\/wp\/v2\/comments?post=2362665"}],"wp:featuredmedia":[{"embeddable":true,"href":"https:\/\/petfest.ee\/lt\/wp-json\/wp\/v2\/media\/2362667"}],"wp:attachment":[{"href":"https:\/\/petfest.ee\/lt\/wp-json\/wp\/v2\/media?parent=2362665"}],"wp:term":[{"taxonomy":"product_cat","embeddable":true,"href":"https:\/\/petfest.ee\/lt\/wp-json\/wp\/v2\/product_cat?post=2362665"},{"taxonomy":"product_tag","embeddable":true,"href":"https:\/\/petfest.ee\/lt\/wp-json\/wp\/v2\/product_tag?post=2362665"}],"curies":[{"name":"wp","href":"https:\/\/api.w.org\/{rel}","templated":true}]}}