{"id":2362657,"date":"2026-04-24T06:43:27","date_gmt":"2026-04-24T06:43:27","guid":{"rendered":""},"modified":"2026-04-24T06:43:27","modified_gmt":"2026-04-24T06:43:27","slug":"catfest-einekotike-kana-ja-lohega-zelees-margtoit-kassidele-12-x-70-g","status":"publish","type":"product","link":"https:\/\/petfest.ee\/lt\/p\/catfest-vistiena-su-lasisa-zele-slapias-kaciu-maistas-12-x-70-g\/","title":{"rendered":"CatFest Vi\u0161tiena su la\u0161i\u0161a \u017eel\u0117, \u0161lapias ka\u010di\u0173 maistas, 12 x 70 g"},"content":{"rendered":"<p>\u0160velnaus vi\u0161tienos m\u0117sos ir i\u0161skirtinio la\u0161i\u0161os derinys sukuria unikal\u0173 skon\u012f ir aromat\u0105, kuris tikrai patiks net i\u0161rankiausiems ka\u010di\u0173 gurmanams. \u0160i nat\u016brali delikatesas suteiks j\u016bs\u0173 augintiniui ne tik sotum\u0105, bet ir ger\u0105 nuotaik\u0105 aktyviems \u017eaidimams. Patiekiama kaip papildomas maistas.<\/p>\n<p><B>Sud\u0117tis<\/B>: vi\u0161tienos \u017eel\u0117 54%, vandenyno la\u0161i\u0161a 6%, vi\u0161tienos sultinys 38%, FOS prebiotikai, an\u010diuvi\u0173 \u017euv\u0173 aliejus, E vitaminas, taurinas, cikorij\u0173 ekstraktas, mineralai.<\/p>\n<p><B>Analitin\u0117 sud\u0117tis<\/B>: \u017eali baltymai 9,5%, \u017eali riebalai 1,5%, \u017eali\u0173 skaidul\u0173 1%, \u017eali pelenai 1%, dr\u0117gm\u0117 89%, energetin\u0117 vert\u0117 \u2014 45,06 kcal.<\/p>\n<p><B>Privalumai:<\/B> Nepridedama da\u017eikli\u0173, konservant\u0173 ir skonio stiprikli\u0173. Nepridedama gr\u016bd\u0173, kukur\u016bz\u0173, sojos, glitimo, \u0161alutini\u0173 produkt\u0173 ir GMO. Taurinas teigiamai veikia \u0161ird\u012f, reg\u0117jim\u0105, klaus\u0105 ir kat\u0117s imunin\u0119 sistem\u0105. Omega-3 ir Omega-6 riebal\u0173 r\u016bg\u0161tys i\u0161 la\u0161i\u0161os prisideda prie gra\u017eaus ir sveiko kailio augimo, taip pat stiprina s\u0105narius ir dantis. Cikorij\u0173 ekstraktas suma\u017eina kvapus i\u0161 kat\u0117s i\u0161mat\u0173, pad\u0117damas i\u0161laikyti \u0161vie\u017ei\u0105 or\u0105 \u0161alia d\u0117klo.<\/p>\n<p><B>Naudojimas<\/B>: Tinka kaip papildomas nat\u016bralus maistas visoms suaugusioms nam\u0173 kat\u0117ms, \u012fskaitant sterilizuotas ir kastruotas, taip pat kat\u0117ms su alergijomis ir vir\u0161kinimo problemomis. Pateikti kambario temperat\u016broje. Laikyti v\u0117sioje ir sausoje vietoje. Rekomenduojama duoti iki 3 paket\u0117li\u0173 per dien\u0105, priklausomai nuo augintinio dyd\u017eio ir aktyvumo. U\u017etikrinkite, kad j\u016bs\u0173 kat\u0117 visada tur\u0117t\u0173 prieig\u0105 prie \u0161vie\u017eio vandens.<\/p>","protected":false},"excerpt":{"rendered":"<p>79218053 6921959218053<\/p>\n","protected":false},"featured_media":2362659,"comment_status":"closed","ping_status":"closed","template":"","meta":{"inline_featured_image":false},"product_cat":[238,236],"product_tag":[],"_links":{"self":[{"href":"https:\/\/petfest.ee\/lt\/wp-json\/wp\/v2\/product\/2362657"}],"collection":[{"href":"https:\/\/petfest.ee\/lt\/wp-json\/wp\/v2\/product"}],"about":[{"href":"https:\/\/petfest.ee\/lt\/wp-json\/wp\/v2\/types\/product"}],"replies":[{"embeddable":true,"href":"https:\/\/petfest.ee\/lt\/wp-json\/wp\/v2\/comments?post=2362657"}],"wp:featuredmedia":[{"embeddable":true,"href":"https:\/\/petfest.ee\/lt\/wp-json\/wp\/v2\/media\/2362659"}],"wp:attachment":[{"href":"https:\/\/petfest.ee\/lt\/wp-json\/wp\/v2\/media?parent=2362657"}],"wp:term":[{"taxonomy":"product_cat","embeddable":true,"href":"https:\/\/petfest.ee\/lt\/wp-json\/wp\/v2\/product_cat?post=2362657"},{"taxonomy":"product_tag","embeddable":true,"href":"https:\/\/petfest.ee\/lt\/wp-json\/wp\/v2\/product_tag?post=2362657"}],"curies":[{"name":"wp","href":"https:\/\/api.w.org\/{rel}","templated":true}]}}