{"id":2362649,"date":"2026-04-24T06:43:27","date_gmt":"2026-04-24T06:43:27","guid":{"rendered":""},"modified":"2026-04-24T06:43:27","modified_gmt":"2026-04-24T06:43:27","slug":"catfest-einekotike-kanaga-zelees-margtoit-kassidele-12-x-70-g","status":"publish","type":"product","link":"https:\/\/petfest.ee\/lt\/p\/catfest-vistienos-file-zele-slapias-kaciu-maistas-12-x-70-g\/","title":{"rendered":"CatFest Vi\u0161tienos fil\u0117 \u017eel\u0117, \u0161lapias ka\u010di\u0173 maistas, 12 x 70 g"},"content":{"rendered":"<p>Sultingi vi\u0161tienos gabaliukai tikrame \u017eel\u0117 \u2014 ideali dovana j\u016bs\u0173 katei, sukurta be nereikaling\u0173 pried\u0173. Nat\u016bralus skonis ir \u0161velni tekst\u016bra \u0161io patiekalo d\u017eiugins net ir i\u0161rankiausius augintinius, suteikdami jiems energijos ir geros nuotaikos visai dienai. Patiekiama kaip papildomas maistas.<\/p>\n<p><B>Sud\u0117tis<\/B>: vi\u0161tienos fil\u0117 58%, vi\u0161tienos sultinys 40%, FOS prebiotikai, an\u010diuvi\u0173 \u017euv\u0173 aliejus, E vitaminas, taurinas, cikorij\u0173 ekstraktas, mineralai.<\/p>\n<p><B>Analitin\u0117 sud\u0117tis<\/B>: \u017eali baltymai 9,5%, \u017eali riebalai 1,5%, \u017eali\u0173 skaidul\u0173 1%, \u017eali pelenai 1%, dr\u0117gm\u0117 89%, energetin\u0117 vert\u0117 \u2014 42,2 kcal.<\/p>\n<p><B>Privalumai:<\/B> Nepridedama da\u017eikli\u0173, konservant\u0173 ir skonio stiprikli\u0173. Nepridedama gr\u016bd\u0173, kukur\u016bz\u0173, sojos, glitimo, \u0161alutini\u0173 produkt\u0173 ir GMO. Taurinas teigiamai veikia \u0161ird\u012f, reg\u0117jim\u0105, klaus\u0105 ir kat\u0117s imunin\u0119 sistem\u0105. Omega-3 ir Omega-6 riebal\u0173 r\u016bg\u0161tys i\u0161 an\u010diuvi\u0173 prisideda prie gra\u017eios ir sveikos kailio augimo, taip pat stiprina s\u0105narius ir dantis. Cikorij\u0173 ekstraktas suma\u017eina kvapus i\u0161 kat\u0117s i\u0161mat\u0173, pad\u0117damas i\u0161laikyti \u0161vie\u017ei\u0105 or\u0105 \u0161alia d\u0117klo.<\/p>\n<p><B>Naudojimas<\/B>: Tinka kaip papildomas nat\u016bralus maistas visoms suaugusioms nam\u0173 kat\u0117ms, \u012fskaitant sterilizuotas ir kastruotas, taip pat kat\u0117ms su alergijomis ir vir\u0161kinimo problemomis. Pateikti kambario temperat\u016broje. Laikyti v\u0117sioje ir sausoje vietoje. Rekomenduojama duoti iki 3 paket\u0117li\u0173 per dien\u0105, priklausomai nuo augintinio dyd\u017eio ir aktyvumo. U\u017etikrinkite, kad j\u016bs\u0173 kat\u0117 visada tur\u0117t\u0173 prieig\u0105 prie \u0161vie\u017eio vandens.<\/p>","protected":false},"excerpt":{"rendered":"<p>79218039 6921959218039<\/p>\n","protected":false},"featured_media":2362651,"comment_status":"closed","ping_status":"closed","template":"","meta":{"inline_featured_image":false},"product_cat":[238,236],"product_tag":[],"_links":{"self":[{"href":"https:\/\/petfest.ee\/lt\/wp-json\/wp\/v2\/product\/2362649"}],"collection":[{"href":"https:\/\/petfest.ee\/lt\/wp-json\/wp\/v2\/product"}],"about":[{"href":"https:\/\/petfest.ee\/lt\/wp-json\/wp\/v2\/types\/product"}],"replies":[{"embeddable":true,"href":"https:\/\/petfest.ee\/lt\/wp-json\/wp\/v2\/comments?post=2362649"}],"wp:featuredmedia":[{"embeddable":true,"href":"https:\/\/petfest.ee\/lt\/wp-json\/wp\/v2\/media\/2362651"}],"wp:attachment":[{"href":"https:\/\/petfest.ee\/lt\/wp-json\/wp\/v2\/media?parent=2362649"}],"wp:term":[{"taxonomy":"product_cat","embeddable":true,"href":"https:\/\/petfest.ee\/lt\/wp-json\/wp\/v2\/product_cat?post=2362649"},{"taxonomy":"product_tag","embeddable":true,"href":"https:\/\/petfest.ee\/lt\/wp-json\/wp\/v2\/product_tag?post=2362649"}],"curies":[{"name":"wp","href":"https:\/\/api.w.org\/{rel}","templated":true}]}}