{"id":2362645,"date":"2026-04-24T06:43:27","date_gmt":"2026-04-24T06:43:27","guid":{"rendered":""},"modified":"2026-04-24T06:43:27","modified_gmt":"2026-04-24T06:43:27","slug":"catfest-einekotike-tuunikala-ja-merelatikas-zelees-margtoit-kassidele-12-x-70-g","status":"publish","type":"product","link":"https:\/\/petfest.ee\/lt\/p\/catfest-tunas-su-grupe-zele-slapias-kaciu-maistas-12-x-70-g\/","title":{"rendered":"CatFest Tunas su grupe \u017eel\u0117, \u0161lapias ka\u010di\u0173 maistas, 12 x 70 g"},"content":{"rendered":"<p>I\u0161skirtinis tuno ir j\u016brinio e\u0161erio patiekalas suteiks j\u016bs\u0173 augintiniui tikr\u0105 malonum\u0105, m\u0117gaujantis Ramiojo vandenyno delikatesais. \u0160velnus \u017eel\u0117 puikiai papildo \u0161vie\u017eios \u017euvies tekst\u016br\u0105 ir skon\u012f, sukuriant tobul\u0105 patiekal\u0105 gurmanams tarp ka\u010di\u0173. Patiekiama kaip papildomas nat\u016bralus maistas.<\/p>\n<p><B>Sud\u0117tis<\/B>: tunas 54%, j\u016brinis e\u0161erys 6%, \u017euvies sultinys 38%, FOS prebiotikai, an\u010diuvi\u0173 \u017euv\u0173 aliejus, E vitaminas, taurinas, cikorij\u0173 ekstraktas.<\/p>\n<p><B>Analitin\u0117 sud\u0117tis<\/B>: \u017eali baltymai 10%, \u017eali riebalai 0,8%, \u017eali\u0173 skaidul\u0173 1%, \u017eali pelenai 1,5%, dr\u0117gm\u0117 89%, energetin\u0117 vert\u0117 \u2014 46,4 kcal.<\/p>\n<p><B>Privalumai:<\/B> Nepridedama da\u017eikli\u0173, konservant\u0173 ir skonio stiprikli\u0173. Nepridedama gr\u016bd\u0173, kukur\u016bz\u0173, sojos, glitimo, \u0161alutini\u0173 produkt\u0173 ir GMO. Taurinas teigiamai veikia \u0161ird\u012f, reg\u0117jim\u0105, klaus\u0105 ir kat\u0117s imunin\u0119 sistem\u0105. Omega-3 ir Omega-6 riebal\u0173 r\u016bg\u0161tys i\u0161 an\u010diuvi\u0173 prisideda prie gra\u017eios ir sveikos kailio augimo, taip pat stiprina s\u0105narius ir dantis. Cikorij\u0173 ekstraktas suma\u017eina kvapus i\u0161 kat\u0117s i\u0161mat\u0173, pad\u0117damas i\u0161laikyti \u0161vie\u017ei\u0105 or\u0105 \u0161alia d\u0117klo.<\/p>\n<p><B>Naudojimas<\/B>: Tinka kaip papildomas nat\u016bralus maistas visoms suaugusioms nam\u0173 kat\u0117ms, \u012fskaitant sterilizuotas ir kastruotas, taip pat kat\u0117ms su alergijomis ir vir\u0161kinimo problemomis. Pateikti kambario temperat\u016broje. Laikyti v\u0117sioje ir sausoje vietoje. Rekomenduojama duoti iki 3 paket\u0117li\u0173 per dien\u0105, priklausomai nuo augintinio dyd\u017eio ir aktyvumo. U\u017etikrinkite, kad j\u016bs\u0173 kat\u0117 visada tur\u0117t\u0173 prieig\u0105 prie \u0161vie\u017eio vandens.<\/p>","protected":false},"excerpt":{"rendered":"<p>79218022 6921959218022<\/p>\n","protected":false},"featured_media":2362647,"comment_status":"closed","ping_status":"closed","template":"","meta":{"inline_featured_image":false},"product_cat":[238,236],"product_tag":[],"_links":{"self":[{"href":"https:\/\/petfest.ee\/lt\/wp-json\/wp\/v2\/product\/2362645"}],"collection":[{"href":"https:\/\/petfest.ee\/lt\/wp-json\/wp\/v2\/product"}],"about":[{"href":"https:\/\/petfest.ee\/lt\/wp-json\/wp\/v2\/types\/product"}],"replies":[{"embeddable":true,"href":"https:\/\/petfest.ee\/lt\/wp-json\/wp\/v2\/comments?post=2362645"}],"wp:featuredmedia":[{"embeddable":true,"href":"https:\/\/petfest.ee\/lt\/wp-json\/wp\/v2\/media\/2362647"}],"wp:attachment":[{"href":"https:\/\/petfest.ee\/lt\/wp-json\/wp\/v2\/media?parent=2362645"}],"wp:term":[{"taxonomy":"product_cat","embeddable":true,"href":"https:\/\/petfest.ee\/lt\/wp-json\/wp\/v2\/product_cat?post=2362645"},{"taxonomy":"product_tag","embeddable":true,"href":"https:\/\/petfest.ee\/lt\/wp-json\/wp\/v2\/product_tag?post=2362645"}],"curies":[{"name":"wp","href":"https:\/\/api.w.org\/{rel}","templated":true}]}}