{"id":2362641,"date":"2026-04-24T06:43:27","date_gmt":"2026-04-24T06:43:27","guid":{"rendered":""},"modified":"2026-04-24T06:43:27","modified_gmt":"2026-04-24T06:43:27","slug":"catfest-einekotike-tuunikala-ja-lohega-zelees-margtoit-kassidele-12-x-70-g","status":"publish","type":"product","link":"https:\/\/petfest.ee\/lt\/p\/catfest-tunas-su-lasisa-zele-slapias-kaciu-maistas-12-x-70-g\/","title":{"rendered":"CatFest Tunas su la\u0161i\u0161a \u017eel\u0117, \u0161lapias ka\u010di\u0173 maistas, 12 x 70 g"},"content":{"rendered":"<p>I\u0161skirtin\u0117 \u017euv\u0173 patiekalas, pagamintas i\u0161 toki\u0173 kilni\u0173 r\u016b\u0161i\u0173 \u017euv\u0173 kaip tunas ir la\u0161i\u0161a, suteiks j\u016bs\u0173 augintiniui tikro malonumo. \u0160io nat\u016bralaus patiekalo rafinuotas skonis su\u017eav\u0117s net ir pa\u010dius i\u0161rankiausius gurmanus, o nat\u016bralios sudedamosios dalys u\u017etikrins sveik\u0105 mityb\u0105 ir ger\u0105 savijaut\u0105. Patiekiama kaip papildomas maistas.<\/p>\n<p><B>Sud\u0117tis<\/B>: tunas 54%, la\u0161i\u0161a 6%, \u017euvies sultinys 38%, FOS prebiotikai, la\u0161i\u0161\u0173 \u017euv\u0173 aliejus, E vitaminas, taurinas, cikorij\u0173 ekstraktas.<\/p>\n<p><B>Analitin\u0117 sud\u0117tis<\/B>: \u017eali baltymai 10%, \u017eali riebalai 0,8%, \u017eali\u0173 skaidul\u0173 1%, \u017eali pelenai 1,5%, dr\u0117gm\u0117 89%, energetin\u0117 vert\u0117 \u2014 46,45 kcal.<\/p>\n<p><B>Privalumai:<\/B> \u0160is maistas be konservant\u0173 ir dirbtini\u0173 pried\u0173 yra tikras delikatesas j\u016bs\u0173 katei. Omega-3 ir Omega-6 riebal\u0173 r\u016bg\u0161tys i\u0161 la\u0161i\u0161os padeda palaikyti odos sveikat\u0105 ir suteikia kailiui blizges\u012f. Taurinas palaiko \u0161irdies funkcij\u0105 ir gerina reg\u0117jim\u0105, o E vitaminas stiprina imunitet\u0105. Cikorij\u0173 ekstraktas padeda pagerinti vir\u0161kinim\u0105 ir suma\u017eina kvapus i\u0161 kat\u0117s i\u0161mat\u0173.<\/p>\n<p><B>Naudojimas<\/B>: Tinka kasdieniam suaugusi\u0173 ka\u010di\u0173 maitinimui, nepriklausomai nuo veisl\u0117s. Pateikti kambario temperat\u016broje, kad atskleist\u0173 skon\u012f. Laikyti v\u0117sioje ir sausoje vietoje. Rekomenduojama duoti iki 3 paket\u0117li\u0173 per dien\u0105, priklausomai nuo augintinio dyd\u017eio ir aktyvumo. U\u017etikrinkite, kad j\u016bs\u0173 kat\u0117 visada tur\u0117t\u0173 prieig\u0105 prie \u0161vie\u017eio vandens.<\/p>","protected":false},"excerpt":{"rendered":"<p>79218015 6921959218015<\/p>\n","protected":false},"featured_media":2362643,"comment_status":"closed","ping_status":"closed","template":"","meta":{"inline_featured_image":false},"product_cat":[238,236],"product_tag":[],"_links":{"self":[{"href":"https:\/\/petfest.ee\/lt\/wp-json\/wp\/v2\/product\/2362641"}],"collection":[{"href":"https:\/\/petfest.ee\/lt\/wp-json\/wp\/v2\/product"}],"about":[{"href":"https:\/\/petfest.ee\/lt\/wp-json\/wp\/v2\/types\/product"}],"replies":[{"embeddable":true,"href":"https:\/\/petfest.ee\/lt\/wp-json\/wp\/v2\/comments?post=2362641"}],"wp:featuredmedia":[{"embeddable":true,"href":"https:\/\/petfest.ee\/lt\/wp-json\/wp\/v2\/media\/2362643"}],"wp:attachment":[{"href":"https:\/\/petfest.ee\/lt\/wp-json\/wp\/v2\/media?parent=2362641"}],"wp:term":[{"taxonomy":"product_cat","embeddable":true,"href":"https:\/\/petfest.ee\/lt\/wp-json\/wp\/v2\/product_cat?post=2362641"},{"taxonomy":"product_tag","embeddable":true,"href":"https:\/\/petfest.ee\/lt\/wp-json\/wp\/v2\/product_tag?post=2362641"}],"curies":[{"name":"wp","href":"https:\/\/api.w.org\/{rel}","templated":true}]}}