{"id":2362634,"date":"2026-04-24T06:43:27","date_gmt":"2026-04-24T06:43:27","guid":{"rendered":""},"modified":"2026-04-24T06:43:27","modified_gmt":"2026-04-24T06:43:27","slug":"dogfest-palmik-kana-ja-pardilihast-ning-tursast-keskmistele-ja-suurtele-koertele-90g","status":"publish","type":"product","link":"https:\/\/petfest.ee\/lt\/p\/kramtomoji-vistienos-ir-antienos-pinta-mesa-90g\/","title":{"rendered":"Kramtomoji vi\u0161tienos ir antienos pinta m\u0117sa, 90g"},"content":{"rendered":"<p>\u0160is aromatingas skan\u0117stas, pagamintas i\u0161 vi\u0161tienos ir an\u010di\u0173 m\u0117sos su prid\u0117ta menk\u0117s fil\u0117, yra puikus pasirinkimas apdovanoti j\u016bs\u0173 augintin\u012f u\u017e ger\u0105 elges\u012f. Suk\u016br\u0117me \u0161iuos nat\u016bralius pynimus su idealia tekst\u016bra \u2013 jie n\u0117ra per mink\u0161ti ir n\u0117ra per kieti, tod\u0117l jie puikiai tinka kramtymui vis\u0173 dyd\u017ei\u0173 \u0161unims.<\/p>\n<p><B>Sud\u0117tis<\/B>: vi\u0161tienos m\u0117sa 23,8%, an\u010di\u0173 m\u0117sa 23,8%, menk\u0117s fil\u0117 23,8%, augaliniai \u0161alutiniai produktai, mineralai.<\/p>\n<p><B>Analitin\u0117 sud\u0117tis<\/B>: baltymai 25%, riebalai 6%, dr\u0117gm\u0117 26%, skaidulos 1%, pelenai 4%, energin\u0117 vert\u0117 \u2013 326 kcal.<\/p>\n<p><B>Privalumai:<\/B> \u0160is skan\u0117stas neapima dirbtini\u0173 pried\u0173 ir konservant\u0173. Auk\u0161tas baltym\u0173 kiekis padeda palaikyti raumen\u0173 tonus\u0105, o \u0161velni menk\u0117s fil\u0117 suteikia b\u016btin\u0173 riebal\u0173 r\u016bg\u0161\u010di\u0173, reikaling\u0173 odos ir kailio sveikatai.<\/p>\n<p><B>Naudojimas<\/B>: Tinka kaip papildomas skan\u0117stas vis\u0173 veisli\u0173 ir am\u017eiaus \u0161unims. Rekomenduojama duoti saikingai. Laikyti sausoje ir v\u0117sioje vietoje. Visada u\u017etikrinkite, kad j\u016bs\u0173 augintinis tur\u0117t\u0173 prieig\u0105 prie \u0161vie\u017eio vandens.<\/p>","protected":false},"excerpt":{"rendered":"<p>79214932 6921959214932<\/p>\n","protected":false},"featured_media":2362737,"comment_status":"closed","ping_status":"closed","template":"","meta":{"inline_featured_image":false},"product_cat":[189,190,192,191],"product_tag":[],"_links":{"self":[{"href":"https:\/\/petfest.ee\/lt\/wp-json\/wp\/v2\/product\/2362634"}],"collection":[{"href":"https:\/\/petfest.ee\/lt\/wp-json\/wp\/v2\/product"}],"about":[{"href":"https:\/\/petfest.ee\/lt\/wp-json\/wp\/v2\/types\/product"}],"replies":[{"embeddable":true,"href":"https:\/\/petfest.ee\/lt\/wp-json\/wp\/v2\/comments?post=2362634"}],"wp:featuredmedia":[{"embeddable":true,"href":"https:\/\/petfest.ee\/lt\/wp-json\/wp\/v2\/media\/2362737"}],"wp:attachment":[{"href":"https:\/\/petfest.ee\/lt\/wp-json\/wp\/v2\/media?parent=2362634"}],"wp:term":[{"taxonomy":"product_cat","embeddable":true,"href":"https:\/\/petfest.ee\/lt\/wp-json\/wp\/v2\/product_cat?post=2362634"},{"taxonomy":"product_tag","embeddable":true,"href":"https:\/\/petfest.ee\/lt\/wp-json\/wp\/v2\/product_tag?post=2362634"}],"curies":[{"name":"wp","href":"https:\/\/api.w.org\/{rel}","templated":true}]}}