{"id":2362631,"date":"2026-04-24T06:43:27","date_gmt":"2026-04-24T06:43:27","guid":{"rendered":""},"modified":"2026-04-24T06:43:27","modified_gmt":"2026-04-24T06:43:27","slug":"dogfest-kana-ja-pardiliha-medaljonid-koikidele-koertele-90g","status":"publish","type":"product","link":"https:\/\/petfest.ee\/lt\/p\/vistienos-ir-antienos-medalionai-90g\/","title":{"rendered":"Vi\u0161tienos ir antienos medalionai, 90g"},"content":{"rendered":"<p>Medalionai i\u0161 pasirinktos vi\u0161tienos ir an\u010di\u0173 m\u0117sos \u2013 nat\u016bralus skan\u0117stas \u0161unims, kuris puikiai papildys j\u0173 mityb\u0105. Mink\u0161ta tekst\u016bra ir patogi forma daro \u0161iuos medalionus idealiais apdovanojimams per treniruotes arba tiesiog kaip r\u016bpes\u010dio ir meil\u0117s \u017eenkl\u0105 j\u016bs\u0173 augintiniui.<\/p>\n<p><B>Sud\u0117tis<\/B>: vi\u0161tienos m\u0117sa 36,7%, an\u010di\u0173 m\u0117sa 36,7%, augaliniai \u0161alutiniai produktai, mineralai.<\/p>\n<p><B>Analitin\u0117 sud\u0117tis<\/B>: baltymai 36%, riebalai 6%, dr\u0117gm\u0117 21%, skaidulos 1%, pelenai 5%, energin\u0117 vert\u0117 \u2013 314 kcal.<\/p>\n<p><B>Privalumai:<\/B> Nepridedama dirbtini\u0173 da\u017eikli\u0173, konservant\u0173 ar skonio stiprikli\u0173. Auk\u0161tas baltym\u0173 kiekis padeda stiprinti raumenis ir palaikyti aktyv\u0173 \u0161uns gyvenimo b\u016bd\u0105. Subalansuota sud\u0117tis suteikia augintiniui reikiam\u0105 energij\u0105 ir maisting\u0105sias med\u017eiagas.<\/p>\n<p><B>Naudojimas<\/B>: Tinka kaip papildomas skan\u0117stas vis\u0173 veisli\u0173 ir am\u017eiaus \u0161unims. Rekomenduojama vartoti saikingai kaip apdovanojim\u0105 arba skan\u0117st\u0105. Laikyti v\u0117sioje, sausoje vietoje. Visada u\u017etikrinkite, kad augintinis tur\u0117t\u0173 \u0161vie\u017eio vandens.<\/p>","protected":false},"excerpt":{"rendered":"<p>79214925 6921959214925<\/p>\n","protected":false},"featured_media":2362736,"comment_status":"closed","ping_status":"closed","template":"","meta":{"inline_featured_image":false},"product_cat":[189,190,192,191],"product_tag":[],"_links":{"self":[{"href":"https:\/\/petfest.ee\/lt\/wp-json\/wp\/v2\/product\/2362631"}],"collection":[{"href":"https:\/\/petfest.ee\/lt\/wp-json\/wp\/v2\/product"}],"about":[{"href":"https:\/\/petfest.ee\/lt\/wp-json\/wp\/v2\/types\/product"}],"replies":[{"embeddable":true,"href":"https:\/\/petfest.ee\/lt\/wp-json\/wp\/v2\/comments?post=2362631"}],"wp:featuredmedia":[{"embeddable":true,"href":"https:\/\/petfest.ee\/lt\/wp-json\/wp\/v2\/media\/2362736"}],"wp:attachment":[{"href":"https:\/\/petfest.ee\/lt\/wp-json\/wp\/v2\/media?parent=2362631"}],"wp:term":[{"taxonomy":"product_cat","embeddable":true,"href":"https:\/\/petfest.ee\/lt\/wp-json\/wp\/v2\/product_cat?post=2362631"},{"taxonomy":"product_tag","embeddable":true,"href":"https:\/\/petfest.ee\/lt\/wp-json\/wp\/v2\/product_tag?post=2362631"}],"curies":[{"name":"wp","href":"https:\/\/api.w.org\/{rel}","templated":true}]}}