{"id":2362604,"date":"2026-04-24T06:43:27","date_gmt":"2026-04-24T06:43:27","guid":{"rendered":""},"modified":"2026-04-24T06:43:27","modified_gmt":"2026-04-24T06:43:27","slug":"dogfest-kanaliha-medaljonid-keskmistele-ja-suurtele-koertele-90g","status":"publish","type":"product","link":"https:\/\/petfest.ee\/lt\/p\/dogfest-vistienos-medalionai-vidutiniu-ir-dideliu-sunu-veisliu-90g\/","title":{"rendered":"DogFest Vi\u0161tienos medalionai vidutini\u0173 ir dideli\u0173 \u0161un\u0173 veisli\u0173, 90g"},"content":{"rendered":"<p>Apmokant arba apdovanant u\u017e jaunus pasiekimus arba tiesiog kaip b\u016bdas i\u0161reik\u0161ti savo meil\u0119, vi\u0161\u010diuk\u0173 m\u0117sos medalionai bus nepakei\u010diama \u0161eiminink\u0173 pagalba bet kokiame kontekste.<br \/>\n<B>Sud\u0117tis<\/B>: vi\u0161tienos fil\u0117 87,8%, augalin\u0117s kilm\u0117s produktai, mineralai.<br \/>\n<B>Analitin\u0117 sud\u0117tis<\/B>: \u017eali baltymai 35%, riebalai 7%, \u017ealios skaidulos 1%, \u017eali pelk\u0117s 6%, dr\u0117gm\u0117 16%, energetin\u0117 vert\u0117 &#8211; 314 kcal.<br \/>\n<B>Naudojimas<\/B>: Si\u016bloma dien\u0105 kaip skan\u0117stas. Maks. paros doz\u0117: 1-2 vnt. Reguliuokite kiek\u012f atsi\u017evelgdami \u012f j\u016bs\u0173 augintinio poreikius ir b\u016bkl\u0119. Visada turi b\u016bti prieinamas \u0161vie\u017eias vanduo. Negalima palikti \u0161uns be prie\u017ei\u016bros su skan\u0117stais ir j\u0173 pakuote. Negalima leisti \u0161uniui valgyti deguonies absorberio, esan\u010dio pakuot\u0117je. Laikyti sausoje ir v\u0117sioje vietoje, po atidarymo u\u017edaryti pakuot\u0119 ir laikyti \u0161aldytuve.<\/p>","protected":false},"excerpt":{"rendered":"<p>79711151 6921499711151<\/p>\n","protected":false},"featured_media":2362605,"comment_status":"closed","ping_status":"closed","template":"","meta":{"inline_featured_image":false},"product_cat":[189,192],"product_tag":[],"_links":{"self":[{"href":"https:\/\/petfest.ee\/lt\/wp-json\/wp\/v2\/product\/2362604"}],"collection":[{"href":"https:\/\/petfest.ee\/lt\/wp-json\/wp\/v2\/product"}],"about":[{"href":"https:\/\/petfest.ee\/lt\/wp-json\/wp\/v2\/types\/product"}],"replies":[{"embeddable":true,"href":"https:\/\/petfest.ee\/lt\/wp-json\/wp\/v2\/comments?post=2362604"}],"wp:featuredmedia":[{"embeddable":true,"href":"https:\/\/petfest.ee\/lt\/wp-json\/wp\/v2\/media\/2362605"}],"wp:attachment":[{"href":"https:\/\/petfest.ee\/lt\/wp-json\/wp\/v2\/media?parent=2362604"}],"wp:term":[{"taxonomy":"product_cat","embeddable":true,"href":"https:\/\/petfest.ee\/lt\/wp-json\/wp\/v2\/product_cat?post=2362604"},{"taxonomy":"product_tag","embeddable":true,"href":"https:\/\/petfest.ee\/lt\/wp-json\/wp\/v2\/product_tag?post=2362604"}],"curies":[{"name":"wp","href":"https:\/\/api.w.org\/{rel}","templated":true}]}}