{"id":2362602,"date":"2026-04-24T06:43:27","date_gmt":"2026-04-24T06:43:27","guid":{"rendered":""},"modified":"2026-04-24T06:43:27","modified_gmt":"2026-04-24T06:43:27","slug":"dogfest-kaltsiumikondid-kuulikulihaga-keskmistele-ja-suurtele-koertele-90g","status":"publish","type":"product","link":"https:\/\/petfest.ee\/lt\/p\/dogfest-kalcio-kaulas-su-triusiu-vidutiniu-ir-dideliu-veisliu-sunims-90-g\/","title":{"rendered":"DogFest  Kalcio kaulas su triu\u0161iu vidutini\u0173 ir dideli\u0173 veisli\u0173 \u0161unims, 90 g"},"content":{"rendered":"<p>Puikus naudos ir skonio kokteilis &#8211; kalcio kaul\u0117 su dietine triu\u0161ienos m\u0117sa. \u0160is ma\u017eakalorinis skan\u0117stas patiks visiems p\u016bkai\u0161iams m\u0117gstantiems truput\u012f sukramtyti be jokio poveikio fig\u016brai.<br \/>\n<B>Sud\u0117tis<\/B>: triu\u0161ienos m\u0117sa 30,8%, vi\u0161tienos m\u0117sa 24%, kalcio kaul\u0117, augalin\u0117s kilm\u0117s produktai, mineralai.<br \/>\n<B>Analitin\u0117 sud\u0117tis<\/B>: \u0161vie\u017eias baltymas 23%, riebalai 4%, skaidulos 3%, \u0161vie\u017ei pelk\u0117s 7%, dr\u0117gm\u0117 23%, energin\u0117 vert\u0117 &#8211; 284 kcal.<br \/>\n<B>Naudojimas<\/B>: Duokite dien\u0105 kaip skan\u0117st\u0105. Maksimali paros doz\u0117: 1-2 vienetai. Reguliuokite kiek\u012f atsi\u017evelgdami \u012f j\u016bs\u0173 augintinio poreikius ir b\u016bkl\u0119. Visada turi b\u016bti prieinamas \u0161vie\u017eias vanduo. Nepalikite \u0161uns be prie\u017ei\u016bros su skan\u0117stais ir j\u0173 pakuote. Neleiskite \u0161uniui valgyti deguonies absorberio, esan\u010dio pakuot\u0117je. Laikyti sausoje ir v\u0117sioje vietoje, po atidarymo u\u017edaryti pakuot\u0119 ir laikyti \u0161aldytuve.<\/p>","protected":false},"excerpt":{"rendered":"<p>79214949 6921959214949<\/p>\n","protected":false},"featured_media":2362603,"comment_status":"closed","ping_status":"closed","template":"","meta":{"inline_featured_image":false},"product_cat":[189,192],"product_tag":[],"_links":{"self":[{"href":"https:\/\/petfest.ee\/lt\/wp-json\/wp\/v2\/product\/2362602"}],"collection":[{"href":"https:\/\/petfest.ee\/lt\/wp-json\/wp\/v2\/product"}],"about":[{"href":"https:\/\/petfest.ee\/lt\/wp-json\/wp\/v2\/types\/product"}],"replies":[{"embeddable":true,"href":"https:\/\/petfest.ee\/lt\/wp-json\/wp\/v2\/comments?post=2362602"}],"wp:featuredmedia":[{"embeddable":true,"href":"https:\/\/petfest.ee\/lt\/wp-json\/wp\/v2\/media\/2362603"}],"wp:attachment":[{"href":"https:\/\/petfest.ee\/lt\/wp-json\/wp\/v2\/media?parent=2362602"}],"wp:term":[{"taxonomy":"product_cat","embeddable":true,"href":"https:\/\/petfest.ee\/lt\/wp-json\/wp\/v2\/product_cat?post=2362602"},{"taxonomy":"product_tag","embeddable":true,"href":"https:\/\/petfest.ee\/lt\/wp-json\/wp\/v2\/product_tag?post=2362602"}],"curies":[{"name":"wp","href":"https:\/\/api.w.org\/{rel}","templated":true}]}}