{"id":2362600,"date":"2026-04-24T06:43:27","date_gmt":"2026-04-24T06:43:27","guid":{"rendered":""},"modified":"2026-04-24T06:43:27","modified_gmt":"2026-04-24T06:43:27","slug":"dogfest-pardiliha-medaljonid-taiskasvanud-koertele-90g","status":"publish","type":"product","link":"https:\/\/petfest.ee\/lt\/p\/dogfest-vistienos-ir-antienos-medalionai-suaugusiems-sunims-90g\/","title":{"rendered":"DogFest  Vi\u0161tienos ir antienos medalionai suaugusiems \u0161unims, 90g"},"content":{"rendered":"<p>Medalionai i\u0161 rafinuoto antis m\u0117sos yra naudingas dietinis skan\u0117stas \u0161unims. Mink\u0161ta tekst\u016bra ir patogi skan\u0117st\u0173 forma garantuoja s\u0117km\u0119 treniruot\u0117se arba tiesiog yra b\u016bdas i\u0161reik\u0161ti savo meil\u0119 augintiniui.<br \/>\n<B>Sud\u0117tis<\/B>: antis 87,8%, augalin\u0117s kilm\u0117s produktai, mineralai.<br \/>\n<B>Analitin\u0117 sud\u0117tis<\/B>: \u017eali baltymai 43%, \u017ealios riebalai 5%, \u017eali skaidulos 1%, \u017ealios pel\u0117siai 6%, dr\u0117gm\u0117 16%. Energin\u0117 vert\u0117 &#8211; 314 kcal.<br \/>\n<B>Naudojimas<\/B>: Duokite per dien\u0105 kaip skan\u0117st\u0105. Maks. paros doz\u0117: 1-2 vnt. Reguliuokite kiek\u012f pagal j\u016bs\u0173 augintinio poreikius ir b\u016bkl\u0119. Visada turi b\u016bti prieinamas \u0161vie\u017eias vanduo. Nedalykite \u0161uns su skan\u0117st\u0173 pakuote be prie\u017ei\u016bros. Neleiskite \u0161uniui valgyti deguonies absorberio viduje pakuot\u0117s. Laikykite sausoje ir v\u0117sioje vietoje, po atidarymo u\u017evirkite pakuot\u0119 ir laikykite \u0161aldytuve.<\/p>","protected":false},"excerpt":{"rendered":"<p>79213669 6921959213669<\/p>\n","protected":false},"featured_media":2362601,"comment_status":"closed","ping_status":"closed","template":"","meta":{"inline_featured_image":false},"product_cat":[189,192],"product_tag":[],"_links":{"self":[{"href":"https:\/\/petfest.ee\/lt\/wp-json\/wp\/v2\/product\/2362600"}],"collection":[{"href":"https:\/\/petfest.ee\/lt\/wp-json\/wp\/v2\/product"}],"about":[{"href":"https:\/\/petfest.ee\/lt\/wp-json\/wp\/v2\/types\/product"}],"replies":[{"embeddable":true,"href":"https:\/\/petfest.ee\/lt\/wp-json\/wp\/v2\/comments?post=2362600"}],"wp:featuredmedia":[{"embeddable":true,"href":"https:\/\/petfest.ee\/lt\/wp-json\/wp\/v2\/media\/2362601"}],"wp:attachment":[{"href":"https:\/\/petfest.ee\/lt\/wp-json\/wp\/v2\/media?parent=2362600"}],"wp:term":[{"taxonomy":"product_cat","embeddable":true,"href":"https:\/\/petfest.ee\/lt\/wp-json\/wp\/v2\/product_cat?post=2362600"},{"taxonomy":"product_tag","embeddable":true,"href":"https:\/\/petfest.ee\/lt\/wp-json\/wp\/v2\/product_tag?post=2362600"}],"curies":[{"name":"wp","href":"https:\/\/api.w.org\/{rel}","templated":true}]}}