{"id":2362265,"date":"2026-04-24T06:43:27","date_gmt":"2026-04-24T06:43:27","guid":{"rendered":""},"modified":"2026-04-24T06:43:27","modified_gmt":"2026-04-24T06:43:27","slug":"dogfest-treeningmaius-kalkunilihast-linaseemnetega-koikidele-koertele-90g","status":"publish","type":"product","link":"https:\/\/petfest.ee\/lt\/p\/treniruotems-skirtas-skanestas-su-kalakutiena-su-linu-seklomis-mazoms-veislems-90g\/","title":{"rendered":"Treniruot\u0117ms skirtas skan\u0117stas su kalakutiena su lin\u0173 s\u0117klomis, ma\u017eoms veisl\u0117ms, 90g."},"content":{"rendered":"<p>\u012e atrinkt\u0105 kalakutienos m\u0117s\u0105 \u012fmai\u0161\u0117me nauding\u0173 lin\u0173 s\u0117kl\u0173. D\u0117ka dietin\u0117s m\u0117sos ir didelio vitamin\u0173, amino r\u016bg\u0161\u010di\u0173 ir antioksidant\u0173 kiekio \u0161is skan\u0117stas puikiai tinka treniruot\u0117ms.<br \/>\n<B>Sud\u0117tis<\/B>: kalakutiena 67,5%, lin\u0173 s\u0117menys 8%, \u017ealioji arbata, augaliniai subproduktai, mineralai.<br \/>\n<B>Analitin\u0117 sud\u0117tis<\/B>: \u017eali baltymai 25%, \u017eali riebalai 8%, \u017ealia l\u0105steliena 1%, \u017eali pelenai 5%, dr\u0117gm\u0117 23%.<br \/>\n<B>Naudojimas<\/B>:Tikslesn\u012f kiek\u012f reguliuokite pagal augintinio b\u016bkl\u0119 ir poreikius. Gyv\u016bnas visada turi tur\u0117ti \u0161vie\u017eio geriamojo vandens. Nepalikite \u0161uns be prie\u017ei\u016bros su skan\u0117stais. Neduokite valgyti dr\u0117gm\u0117s sug\u0117riklio, esan\u010dio mai\u0161elio viduje. Laikyti sausoje ir v\u0117sioje vietoje, pakartotinai atidarius laikyti \u0161aldytuve.<\/p>","protected":false},"excerpt":{"rendered":"<p>79711922 6921499711922<\/p>\n","protected":false},"featured_media":2362266,"comment_status":"closed","ping_status":"closed","template":"","meta":{"inline_featured_image":false},"product_cat":[189,190,192,214,191],"product_tag":[],"_links":{"self":[{"href":"https:\/\/petfest.ee\/lt\/wp-json\/wp\/v2\/product\/2362265"}],"collection":[{"href":"https:\/\/petfest.ee\/lt\/wp-json\/wp\/v2\/product"}],"about":[{"href":"https:\/\/petfest.ee\/lt\/wp-json\/wp\/v2\/types\/product"}],"replies":[{"embeddable":true,"href":"https:\/\/petfest.ee\/lt\/wp-json\/wp\/v2\/comments?post=2362265"}],"wp:featuredmedia":[{"embeddable":true,"href":"https:\/\/petfest.ee\/lt\/wp-json\/wp\/v2\/media\/2362266"}],"wp:attachment":[{"href":"https:\/\/petfest.ee\/lt\/wp-json\/wp\/v2\/media?parent=2362265"}],"wp:term":[{"taxonomy":"product_cat","embeddable":true,"href":"https:\/\/petfest.ee\/lt\/wp-json\/wp\/v2\/product_cat?post=2362265"},{"taxonomy":"product_tag","embeddable":true,"href":"https:\/\/petfest.ee\/lt\/wp-json\/wp\/v2\/product_tag?post=2362265"}],"curies":[{"name":"wp","href":"https:\/\/api.w.org\/{rel}","templated":true}]}}