{"id":2362247,"date":"2026-04-24T06:43:27","date_gmt":"2026-04-24T06:43:27","guid":{"rendered":""},"modified":"2026-04-24T06:43:27","modified_gmt":"2026-04-24T06:43:27","slug":"dogfest-veiseliha-ornad-vorstikesed-ternespiimaga-45g","status":"publish","type":"product","link":"https:\/\/petfest.ee\/lt\/p\/mesos-desreles-su-versiena-ir-priespieniu-suniukams-45g\/","title":{"rendered":"M\u0117sos de\u0161rel\u0117s su ver\u0161iena ir prie\u0161pieniu, \u0161uniukams, 45g."},"content":{"rendered":"<p>Prie\u0161pien\u012f dedame \u012f visus savo \u0161uniukams skirtus skan\u0117stus. Prie\u0161pienis \u017einomas d\u0117l savo naudos sveikatai, jame gausu vitamin\u0173, reikaling\u0173 stipriai imuninei sistemai ir sveikam \u0161uniuk\u0173 vystymuisi.<br \/>\n<B>Sud\u0117tis<\/B>: antiena 59.8%, ver\u0161iena 24%, augaliniai subproduktai, karvi\u0173 prie\u0161pienis 2%, mineralai.<br \/>\n<B>Analitin\u0117 sud\u0117tis<\/B>: \u017eali baltymai 40%, \u017eali riebalai 4%, \u017ealia l\u0105steliena 3%, \u017eali pelenai 8%, dr\u0117gm\u0117 23%.<br \/>\n<B>Naudojimas<\/B>: Patiekite vis\u0105 dien\u0105 kaip skan\u0117st\u0105. Rekomenduojama dienos norma: 1-2 vnt. Tikslesn\u012f kiek\u012f reguliuokite pagal augintinio b\u016bkl\u0119 ir poreikius. Gyv\u016bnas visada turi tur\u0117ti \u0161vie\u017eio geriamojo vandens. Nepalikite \u0161uns be prie\u017ei\u016bros su skan\u0117stais. Neduokite valgyti dr\u0117gm\u0117s sug\u0117riklio, esan\u010dio mai\u0161elio viduje. Laikyti sausoje ir v\u0117sioje vietoje, pakartotinai atidarius laikyti \u0161aldytuve.<\/p>","protected":false},"excerpt":{"rendered":"<p>79211368 6921959211368<\/p>\n","protected":false},"featured_media":2362248,"comment_status":"closed","ping_status":"closed","template":"","meta":{"inline_featured_image":false},"product_cat":[189,190],"product_tag":[],"_links":{"self":[{"href":"https:\/\/petfest.ee\/lt\/wp-json\/wp\/v2\/product\/2362247"}],"collection":[{"href":"https:\/\/petfest.ee\/lt\/wp-json\/wp\/v2\/product"}],"about":[{"href":"https:\/\/petfest.ee\/lt\/wp-json\/wp\/v2\/types\/product"}],"replies":[{"embeddable":true,"href":"https:\/\/petfest.ee\/lt\/wp-json\/wp\/v2\/comments?post=2362247"}],"wp:featuredmedia":[{"embeddable":true,"href":"https:\/\/petfest.ee\/lt\/wp-json\/wp\/v2\/media\/2362248"}],"wp:attachment":[{"href":"https:\/\/petfest.ee\/lt\/wp-json\/wp\/v2\/media?parent=2362247"}],"wp:term":[{"taxonomy":"product_cat","embeddable":true,"href":"https:\/\/petfest.ee\/lt\/wp-json\/wp\/v2\/product_cat?post=2362247"},{"taxonomy":"product_tag","embeddable":true,"href":"https:\/\/petfest.ee\/lt\/wp-json\/wp\/v2\/product_tag?post=2362247"}],"curies":[{"name":"wp","href":"https:\/\/api.w.org\/{rel}","templated":true}]}}