{"id":2361922,"date":"2026-04-24T06:43:27","date_gmt":"2026-04-24T06:43:27","guid":{"rendered":""},"modified":"2026-04-24T06:43:27","modified_gmt":"2026-04-24T06:43:27","slug":"dogfest-jaanalinnuliha-vorstikesed-koikidele-koertele-45g","status":"publish","type":"product","link":"https:\/\/petfest.ee\/lt\/p\/strutienos-desreles-suaugusiems-sunims-45g\/","title":{"rendered":"Strutienos de\u0161rel\u0117s, suaugusiems \u0161unims, 45g."},"content":{"rendered":"<p>Laukin\u0117s gamtos skonio m\u0117sos de\u0161rel\u0117s. Nuo \u0161iol treniruot\u0117s bus dar smagesn\u0117s. \u0160i egzotin\u0117 m\u0117sa pasi\u017eymi puikiu kvapu ir skoniu.<br \/>\nD\u0117l \u0161io skan\u0117sto \u0161unys pasiry\u017e\u0119 bet kam.<br \/>\n<B>Sud\u0117tis<\/B>: antiena 50,3%, strutiena 30%, augalin\u0117s kilm\u0117s produktai, mineralai.<br \/>\n<B>Analitin\u0117 sud\u0117tis<\/B>: \u017eali baltymai 28%, riebalai 12%, \u017ealia l\u0105steliena 1%, \u017eali pelenai 5%, dr\u0117gnis 21%.<\/p>\n<p><B>Naudojimas<\/B>:Patiekite vis\u0105 dien\u0105 kaip skan\u0117st\u0105. Rekomenduojama dienos norma: 1-2 vnt. Tikslesn\u012f kiek\u012f reguliuokite pagal augintinio b\u016bkl\u0119 ir poreikius. Gyv\u016bnas visada turi tur\u0117ti \u0161vie\u017eio geriamojo vandens. Nepalikite \u0161uns be prie\u017ei\u016bros su skan\u0117stais. Neduokite valgyti dr\u0117gm\u0117s sug\u0117riklio, esan\u010dio mai\u0161elio viduje. Laikyti sausoje ir v\u0117sioje vietoje, pakartotinai atidarius laikyti \u0161aldytuve.<\/p>","protected":false},"excerpt":{"rendered":"<p>79208962 6921959208962<\/p>\n","protected":false},"featured_media":2361991,"comment_status":"closed","ping_status":"closed","template":"","meta":{"inline_featured_image":false},"product_cat":[189,192,191],"product_tag":[],"_links":{"self":[{"href":"https:\/\/petfest.ee\/lt\/wp-json\/wp\/v2\/product\/2361922"}],"collection":[{"href":"https:\/\/petfest.ee\/lt\/wp-json\/wp\/v2\/product"}],"about":[{"href":"https:\/\/petfest.ee\/lt\/wp-json\/wp\/v2\/types\/product"}],"replies":[{"embeddable":true,"href":"https:\/\/petfest.ee\/lt\/wp-json\/wp\/v2\/comments?post=2361922"}],"wp:featuredmedia":[{"embeddable":true,"href":"https:\/\/petfest.ee\/lt\/wp-json\/wp\/v2\/media\/2361991"}],"wp:attachment":[{"href":"https:\/\/petfest.ee\/lt\/wp-json\/wp\/v2\/media?parent=2361922"}],"wp:term":[{"taxonomy":"product_cat","embeddable":true,"href":"https:\/\/petfest.ee\/lt\/wp-json\/wp\/v2\/product_cat?post=2361922"},{"taxonomy":"product_tag","embeddable":true,"href":"https:\/\/petfest.ee\/lt\/wp-json\/wp\/v2\/product_tag?post=2361922"}],"curies":[{"name":"wp","href":"https:\/\/api.w.org\/{rel}","templated":true}]}}