{"id":2361916,"date":"2026-04-24T06:43:26","date_gmt":"2026-04-24T06:43:26","guid":{"rendered":""},"modified":"2026-04-24T06:43:26","modified_gmt":"2026-04-24T06:43:26","slug":"dogfest-hirveliha-viilud-koikidele-koertele-90g","status":"publish","type":"product","link":"https:\/\/petfest.ee\/lt\/p\/elnienos-medalionai-suaugusiems-sunims-90g\/","title":{"rendered":"Elnienos medalionai, suaugusiems \u0161unims, 90g."},"content":{"rendered":"<p>Gamta kvie\u010dia! Elnienos ir antienos derinys leis j\u016bs\u0173 \u0161uniui pajusti laukinio gyvenimo skon\u012f. Gard\u016bs skan\u0117stai puikiai tinka treniruot\u0117ms ar keliaujant.<br \/>\n<B>Sud\u0117tis<\/B>: antiena 50,3%, elniena 30%, augalin\u0117s kilm\u0117s produktai, mineralai.<br \/>\n<B>Analitin\u0117 sud\u0117tis<\/B>: \u017eali baltymai 28%, riebalai 12%, \u017ealia l\u0105steliena 1%, \u017eali pelenai 5%, dr\u0117gnis 21%.<\/p>\n<p><B>Naudojimas<\/B>: Patiekite vis\u0105 dien\u0105 kaip skan\u0117st\u0105. Rekomenduojama dienos norma: 1-2 vnt. Tikslesn\u012f kiek\u012f reguliuokite pagal augintinio b\u016bkl\u0119 ir poreikius. Gyv\u016bnas visada turi tur\u0117ti \u0161vie\u017eio geriamojo vandens. Nepalikite \u0161uns be prie\u017ei\u016bros su skan\u0117stais. Neduokite valgyti dr\u0117gm\u0117s sug\u0117riklio, esan\u010dio mai\u0161elio viduje. Laikyti sausoje ir v\u0117sioje vietoje, pakartotinai atidarius laikyti \u0161aldytuve.<\/p>","protected":false},"excerpt":{"rendered":"<p>79208948 6921959208948<\/p>\n","protected":false},"featured_media":2361987,"comment_status":"closed","ping_status":"closed","template":"","meta":{"inline_featured_image":false},"product_cat":[189,192,191],"product_tag":[],"_links":{"self":[{"href":"https:\/\/petfest.ee\/lt\/wp-json\/wp\/v2\/product\/2361916"}],"collection":[{"href":"https:\/\/petfest.ee\/lt\/wp-json\/wp\/v2\/product"}],"about":[{"href":"https:\/\/petfest.ee\/lt\/wp-json\/wp\/v2\/types\/product"}],"replies":[{"embeddable":true,"href":"https:\/\/petfest.ee\/lt\/wp-json\/wp\/v2\/comments?post=2361916"}],"wp:featuredmedia":[{"embeddable":true,"href":"https:\/\/petfest.ee\/lt\/wp-json\/wp\/v2\/media\/2361987"}],"wp:attachment":[{"href":"https:\/\/petfest.ee\/lt\/wp-json\/wp\/v2\/media?parent=2361916"}],"wp:term":[{"taxonomy":"product_cat","embeddable":true,"href":"https:\/\/petfest.ee\/lt\/wp-json\/wp\/v2\/product_cat?post=2361916"},{"taxonomy":"product_tag","embeddable":true,"href":"https:\/\/petfest.ee\/lt\/wp-json\/wp\/v2\/product_tag?post=2361916"}],"curies":[{"name":"wp","href":"https:\/\/api.w.org\/{rel}","templated":true}]}}