{"id":2361830,"date":"2026-04-24T06:43:27","date_gmt":"2026-04-24T06:43:27","guid":{"rendered":""},"modified":"2026-04-24T06:43:27","modified_gmt":"2026-04-24T06:43:27","slug":"catfest-padjakesed-veiseliha-pureega-kassidele-30g","status":"publish","type":"product","link":"https:\/\/petfest.ee\/lt\/p\/catfest-pagalveles-su-jautienos-idaru-katems-30g\/","title":{"rendered":"CatFest Pagalv\u0117l\u0117s su jautienos \u012fdaru kat\u0117ms, 30g."},"content":{"rendered":"<p>Puikus tra\u0161kios plutel\u0117s ir \u0161velniausio nat\u016bralaus \u016bkyje augintos jautienos \u012fdaro derinys paver\u010dia \u0161\u012f skan\u0117st\u0105 m\u0117gstamiausiomis ka\u010di\u0173 vai\u0161\u0117mis, o akyta strukt\u016bra padeda augintiniui i\u0161sivalyti dantis.<br \/>\n<B>Sud\u0117tis<\/B>: gr\u016bdai, augaliniai baltymai, \u016bkyje u\u017eauginta jautiena 5%, kiau\u0161inio trynis, \u017euvies miltai, krevet\u0117s, Omega 3\/6 riebal\u0173 r\u016bg\u0161tys, vaisiai ir dar\u017eov\u0117s (granat\u0173 s\u0117klos, mi\u0161ko spanguol\u0117s).<br \/>\n<B>Analitin\u0117 sud\u0117tis<\/B>: \u017eali baltymai 20%, riebalai 15%, \u017ealia l\u0105steliena 2,5%, \u017eali pelenai 4%, dr\u0117gnis 10%;<br \/>\nenergin\u0117 vert\u0117 &#8211; 360 kcal.<\/p>\n<p><B>Naudojimas<\/B>: Rekomenduojama dienos norma: 1-2 vnt. Tikslesn\u012f kiek\u012f reguliuokite pagal augintinio b\u016bkl\u0119 ir poreikius. Gyv\u016bnas visada turi tur\u0117ti \u0161vie\u017eio geriamojo vandens. Nepalikite kat\u0117s be prie\u017ei\u016bros su skan\u0117stais. Neduokite valgyti dr\u0117gm\u0117s sug\u0117riklio, esan\u010dio mai\u0161elio viduje. Laikyti sausoje ir v\u0117sioje vietoje, pakartotinai atidarius laikyti \u0161aldytuve. <\/p>","protected":false},"excerpt":{"rendered":"<p>79207750 6921959207750<\/p>\n","protected":false},"featured_media":2362017,"comment_status":"closed","ping_status":"closed","template":"","meta":{"inline_featured_image":false},"product_cat":[237,236],"product_tag":[],"_links":{"self":[{"href":"https:\/\/petfest.ee\/lt\/wp-json\/wp\/v2\/product\/2361830"}],"collection":[{"href":"https:\/\/petfest.ee\/lt\/wp-json\/wp\/v2\/product"}],"about":[{"href":"https:\/\/petfest.ee\/lt\/wp-json\/wp\/v2\/types\/product"}],"replies":[{"embeddable":true,"href":"https:\/\/petfest.ee\/lt\/wp-json\/wp\/v2\/comments?post=2361830"}],"wp:featuredmedia":[{"embeddable":true,"href":"https:\/\/petfest.ee\/lt\/wp-json\/wp\/v2\/media\/2362017"}],"wp:attachment":[{"href":"https:\/\/petfest.ee\/lt\/wp-json\/wp\/v2\/media?parent=2361830"}],"wp:term":[{"taxonomy":"product_cat","embeddable":true,"href":"https:\/\/petfest.ee\/lt\/wp-json\/wp\/v2\/product_cat?post=2361830"},{"taxonomy":"product_tag","embeddable":true,"href":"https:\/\/petfest.ee\/lt\/wp-json\/wp\/v2\/product_tag?post=2361830"}],"curies":[{"name":"wp","href":"https:\/\/api.w.org\/{rel}","templated":true}]}}