{"id":2361827,"date":"2026-04-24T06:43:27","date_gmt":"2026-04-24T06:43:27","guid":{"rendered":""},"modified":"2026-04-24T06:43:27","modified_gmt":"2026-04-24T06:43:27","slug":"catfest-kanaliha-ornad-vorstikesed-kassidele-45g","status":"publish","type":"product","link":"https:\/\/petfest.ee\/lt\/p\/catfest-vistienos-desreles-katems-45g\/","title":{"rendered":"CatFest Vi\u0161tienos de\u0161rel\u0117s kat\u0117ms, 45g."},"content":{"rendered":"<p>\u0160velniausia vi\u0161tiena yra kruop\u0161\u010diai sumalta, kad tapt\u0173 m\u0117gstamiausiu j\u016bs\u0173 kat\u0117s skan\u0117stu.<br \/>\n<B>Sud\u0117tis<\/B>: vi\u0161tiena 80,5%, augalin\u0117s kilm\u0117s produktai, mineralai .<br \/>\n<B>Analitin\u0117 sud\u0117tis<\/B>: \u017eali baltymai 21 %, riebalai 8 %, \u017ealia l\u0105steliena 0,2% dr\u0117gnis 21%; energin\u0117 vert\u0117 &#8211; 164,5 kcal.<\/p>\n<p><B>Naudojimas<\/B>: Rekomenduojama dienos norma: 1-2 vnt. Tikslesn\u012f kiek\u012f reguliuokite pagal augintinio b\u016bkl\u0119 ir poreikius. Gyv\u016bnas visada turi tur\u0117ti \u0161vie\u017eio geriamojo vandens. Nepalikite kat\u0117s be prie\u017ei\u016bros su skan\u0117stais. Neduokite valgyti dr\u0117gm\u0117s sug\u0117riklio, esan\u010dio mai\u0161elio viduje. Laikyti sausoje ir v\u0117sioje vietoje, pakartotinai atidarius laikyti \u0161aldytuve. <\/p>","protected":false},"excerpt":{"rendered":"<p>79711595 6921499711595<\/p>\n","protected":false},"featured_media":2362020,"comment_status":"closed","ping_status":"closed","template":"","meta":{"inline_featured_image":false},"product_cat":[237,236],"product_tag":[],"_links":{"self":[{"href":"https:\/\/petfest.ee\/lt\/wp-json\/wp\/v2\/product\/2361827"}],"collection":[{"href":"https:\/\/petfest.ee\/lt\/wp-json\/wp\/v2\/product"}],"about":[{"href":"https:\/\/petfest.ee\/lt\/wp-json\/wp\/v2\/types\/product"}],"replies":[{"embeddable":true,"href":"https:\/\/petfest.ee\/lt\/wp-json\/wp\/v2\/comments?post=2361827"}],"wp:featuredmedia":[{"embeddable":true,"href":"https:\/\/petfest.ee\/lt\/wp-json\/wp\/v2\/media\/2362020"}],"wp:attachment":[{"href":"https:\/\/petfest.ee\/lt\/wp-json\/wp\/v2\/media?parent=2361827"}],"wp:term":[{"taxonomy":"product_cat","embeddable":true,"href":"https:\/\/petfest.ee\/lt\/wp-json\/wp\/v2\/product_cat?post=2361827"},{"taxonomy":"product_tag","embeddable":true,"href":"https:\/\/petfest.ee\/lt\/wp-json\/wp\/v2\/product_tag?post=2361827"}],"curies":[{"name":"wp","href":"https:\/\/api.w.org\/{rel}","templated":true}]}}