{"id":2361821,"date":"2026-04-24T06:43:27","date_gmt":"2026-04-24T06:43:27","guid":{"rendered":""},"modified":"2026-04-24T06:43:27","modified_gmt":"2026-04-24T06:43:27","slug":"catfest-veiseliha-ornad-vorstikesed-kassidele-45g","status":"publish","type":"product","link":"https:\/\/petfest.ee\/lt\/p\/catfest-jautienos-desreles-katems-45g\/","title":{"rendered":"CatFest Jautienos de\u0161rel\u0117s kat\u0117ms, 45g."},"content":{"rendered":"<p>Klasikinis sodrus skonis, auk\u0161tos kokyb\u0117s \u016bkyje u\u017eaugintos jautienos maistin\u0117s savyb\u0117s \u2013 kas gali b\u016bti geriau j\u016bs\u0173 mylimai katei.<br \/>\n<B>Sud\u0117tis<\/B>: jautiena 79.2%, augalin\u0117s kilm\u0117s produktai, mineralai .<br \/>\n<B>Analitin\u0117 sud\u0117tis<\/B>: \u017eali baltymai 20 %, riebalai 8 %, \u017ealia l\u0105steliena 0,2%,dr\u0117gnis 21%; energin\u0117 vert\u0117 &#8211; 193 kcal.<\/p>\n<p><B>Naudojimas<\/B>:Rekomenduojama dienos norma: 1-2 vnt. Tikslesn\u012f kiek\u012f reguliuokite pagal augintinio b\u016bkl\u0119 ir poreikius. Gyv\u016bnas visada turi tur\u0117ti \u0161vie\u017eio geriamojo vandens. Nepalikite kat\u0117s be prie\u017ei\u016bros su skan\u0117stais. Neduokite valgyti dr\u0117gm\u0117s sug\u0117riklio, esan\u010dio mai\u0161elio viduje. Laikyti sausoje ir v\u0117sioje vietoje, pakartotinai atidarius laikyti \u0161aldytuve. <\/p>","protected":false},"excerpt":{"rendered":"<p>79711571 6921499711571<\/p>\n","protected":false},"featured_media":2362026,"comment_status":"closed","ping_status":"closed","template":"","meta":{"inline_featured_image":false},"product_cat":[237,236],"product_tag":[],"_links":{"self":[{"href":"https:\/\/petfest.ee\/lt\/wp-json\/wp\/v2\/product\/2361821"}],"collection":[{"href":"https:\/\/petfest.ee\/lt\/wp-json\/wp\/v2\/product"}],"about":[{"href":"https:\/\/petfest.ee\/lt\/wp-json\/wp\/v2\/types\/product"}],"replies":[{"embeddable":true,"href":"https:\/\/petfest.ee\/lt\/wp-json\/wp\/v2\/comments?post=2361821"}],"wp:featuredmedia":[{"embeddable":true,"href":"https:\/\/petfest.ee\/lt\/wp-json\/wp\/v2\/media\/2362026"}],"wp:attachment":[{"href":"https:\/\/petfest.ee\/lt\/wp-json\/wp\/v2\/media?parent=2361821"}],"wp:term":[{"taxonomy":"product_cat","embeddable":true,"href":"https:\/\/petfest.ee\/lt\/wp-json\/wp\/v2\/product_cat?post=2361821"},{"taxonomy":"product_tag","embeddable":true,"href":"https:\/\/petfest.ee\/lt\/wp-json\/wp\/v2\/product_tag?post=2361821"}],"curies":[{"name":"wp","href":"https:\/\/api.w.org\/{rel}","templated":true}]}}