{"id":2361818,"date":"2026-04-24T06:43:27","date_gmt":"2026-04-24T06:43:27","guid":{"rendered":""},"modified":"2026-04-24T06:43:27","modified_gmt":"2026-04-24T06:43:27","slug":"catfest-talleliha-ornad-vorstikesed-kassidele-45g","status":"publish","type":"product","link":"https:\/\/petfest.ee\/lt\/p\/catfest-erienos-desreles-katems-45g\/","title":{"rendered":"CatFest \u0116rienos de\u0161rel\u0117s kat\u0117ms, 45g."},"content":{"rendered":"<p>\u0160velnios de\u0161rel\u0117s, pagamintos i\u0161 atrinktos \u0117riuko m\u0117sos, sujaudins net i\u0161rankiausi\u0105 kat\u0119.<br \/>\n<B>Sud\u0117tis<\/B>: \u0117riena 79.2%, augalin\u0117s kilm\u0117s produktai, mineralai .<br \/>\n<B>Analitin\u0117 sud\u0117tis<\/B>: \u017eali baltymai 20 %, riebalai 8 %, \u017ealia l\u0105steliena 0,2%,dr\u0117gnis 21%; energin\u0117 vert\u0117 &#8211; 166 kcal.<\/p>\n<p><B>Naudojimas<\/B>:Rekomenduojama dienos norma: 1-2 vnt. Tikslesn\u012f kiek\u012f reguliuokite pagal augintinio b\u016bkl\u0119 ir poreikius. Gyv\u016bnas visada turi tur\u0117ti \u0161vie\u017eio geriamojo vandens. Nepalikite kat\u0117s be prie\u017ei\u016bros su skan\u0117stais. Neduokite valgyti dr\u0117gm\u0117s sug\u0117riklio, esan\u010dio mai\u0161elio viduje. Laikyti sausoje ir v\u0117sioje vietoje, pakartotinai atidarius laikyti \u0161aldytuve. k.<\/p>","protected":false},"excerpt":{"rendered":"<p>79711564 6921499711564<\/p>\n","protected":false},"featured_media":2362024,"comment_status":"closed","ping_status":"closed","template":"","meta":{"inline_featured_image":false},"product_cat":[237,236],"product_tag":[],"_links":{"self":[{"href":"https:\/\/petfest.ee\/lt\/wp-json\/wp\/v2\/product\/2361818"}],"collection":[{"href":"https:\/\/petfest.ee\/lt\/wp-json\/wp\/v2\/product"}],"about":[{"href":"https:\/\/petfest.ee\/lt\/wp-json\/wp\/v2\/types\/product"}],"replies":[{"embeddable":true,"href":"https:\/\/petfest.ee\/lt\/wp-json\/wp\/v2\/comments?post=2361818"}],"wp:featuredmedia":[{"embeddable":true,"href":"https:\/\/petfest.ee\/lt\/wp-json\/wp\/v2\/media\/2362024"}],"wp:attachment":[{"href":"https:\/\/petfest.ee\/lt\/wp-json\/wp\/v2\/media?parent=2361818"}],"wp:term":[{"taxonomy":"product_cat","embeddable":true,"href":"https:\/\/petfest.ee\/lt\/wp-json\/wp\/v2\/product_cat?post=2361818"},{"taxonomy":"product_tag","embeddable":true,"href":"https:\/\/petfest.ee\/lt\/wp-json\/wp\/v2\/product_tag?post=2361818"}],"curies":[{"name":"wp","href":"https:\/\/api.w.org\/{rel}","templated":true}]}}