{"id":7486,"date":"2021-04-30T18:08:08","date_gmt":"2021-04-30T16:08:08","guid":{"rendered":"https:\/\/petfest.ee\/ru\/?page_id=7486"},"modified":"2022-11-03T23:49:56","modified_gmt":"2022-11-03T21:49:56","slug":"soovinimekiri","status":"publish","type":"page","link":"https:\/\/petfest.ee\/lt\/noru-sarasas\/","title":{"rendered":"Nor\u0173 s\u0105ra\u0161as"},"content":{"rendered":"\t\t\n\t\t\n\t\t<div class=\"\">\n\t\t\t\t\t\t<div class=\"wd-wishlist-content\">\n\t\t\t\t\t\t\t\t\t\t\t\n\t\t<p class=\"wd-empty-wishlist wd-empty-page\">\n\t\t\tThis wishlist is empty.\t\t<\/p>\n\n\t\t\t\t\t<div class=\"wd-empty-page-text\">\n\t\t\t\tYou don't have any products in the wishlist yet. <br> You will find a lot of interesting products on our \"Shop\" page.\t\t\t<\/div>\n\t\t\n\t\t\n\t\t\t\t\t<p class=\"return-to-shop\">\n\t\t\t\t<a class=\"button\" href=\"https:\/\/petfest.ee\/lt\/parduotuve\/\">\n\t\t\t\t\tReturn to shop\t\t\t\t<\/a>\n\t\t\t<\/p>\n\t\t\t\t\t\t\t\t\t\t\t<\/div>\n\t\t\t\t<\/div>\n\t\t\n","protected":false},"excerpt":{"rendered":"This wishlist is empty. You don't have any products in the wishlist yet. You will find a lot of interesting","protected":false},"author":1,"featured_media":0,"parent":0,"menu_order":0,"comment_status":"closed","ping_status":"closed","template":"","meta":{"inline_featured_image":false,"footnotes":""},"_links":{"self":[{"href":"https:\/\/petfest.ee\/lt\/wp-json\/wp\/v2\/pages\/7486"}],"collection":[{"href":"https:\/\/petfest.ee\/lt\/wp-json\/wp\/v2\/pages"}],"about":[{"href":"https:\/\/petfest.ee\/lt\/wp-json\/wp\/v2\/types\/page"}],"author":[{"embeddable":true,"href":"https:\/\/petfest.ee\/lt\/wp-json\/wp\/v2\/users\/1"}],"replies":[{"embeddable":true,"href":"https:\/\/petfest.ee\/lt\/wp-json\/wp\/v2\/comments?post=7486"}],"version-history":[{"count":0,"href":"https:\/\/petfest.ee\/lt\/wp-json\/wp\/v2\/pages\/7486\/revisions"}],"wp:attachment":[{"href":"https:\/\/petfest.ee\/lt\/wp-json\/wp\/v2\/media?parent=7486"}],"curies":[{"name":"wp","href":"https:\/\/api.w.org\/{rel}","templated":true}]}}