{"id":7483,"date":"2021-04-30T18:05:32","date_gmt":"2021-04-30T16:05:32","guid":{"rendered":"https:\/\/petfest.ee\/ru\/?page_id=7483"},"modified":"2023-07-19T12:36:04","modified_gmt":"2023-07-19T10:36:04","slug":"uld-ja-tellimistingimused","status":"publish","type":"page","link":"https:\/\/petfest.ee\/lt\/uld-ja-tellimistingimused\/","title":{"rendered":"Taisykl\u0117s ir s\u0105lygos"},"content":{"rendered":"<section class=\"wpb-content-wrapper\"><p>[vc_row][vc_column][vc_column_text text_larger=&#8221;no&#8221; woodmart_inline=&#8221;no&#8221;]<span style=\"font-size: 20px;\"><strong>S\u0105lyg\u0173 taikymas ir galiojimas<\/strong><\/span><\/p>\n<p>1.1. \u0160ios s\u0105lygos yra taikomos visiems teisiniams santykiams, atsirandantiems tarp asmen\u0173 ir prekybos tinklo www.petfest.ee, \u201ePetFest Europe O\u00dc\u201c, (toliau &#8211; internetin\u0117 parduotuv\u0117 www.petfest.ee), Ussim\u00e4e tee 12\/2, Talinn Harjumaa 13914, kai prek\u0117s yra perkamos internetin\u0117je parduotuv\u0117je www.petfest.ee.<\/p>\n<p>1.2. Be \u0161i\u0173 s\u0105lyg\u0173, visus teisinius santykius, kai prek\u0117s yra perkamos internetin\u0117je parduotuv\u0117je www.petfest.ee, reglamentuoja Estijos Respublikos \u012fstatymai.<\/p>\n<p>1.3. \u201ePetFest Europe O\u00dc\u201c, siekdama geriau ir saugiau vykdyti internetin\u0117s parduotuv\u0117s www.petfest.ee veikl\u0105, turi teis\u0119 keisti ir papildyti dabartines s\u0105lygas bei kainora\u0161t\u012f. Apie s\u0105lyg\u0173 ir kain\u0173 pakeitimus ar papildymus klientai yra informuojami svetain\u0117je www.petfest.ee. S\u0105lyg\u0173 ir kain\u0173 keitimai bei papildymai \u012fsigalioja nuo atitinkamo keitimo ar papildymo paskelbimo www.petfest.ee svetain\u0117je datos. Jei pateik\u0117te u\u017esakym\u0105 prie\u0161 \u012fsigaliojant pakeistoms s\u0105lygoms, teisinius santykius tarp j\u016bs\u0173 ir \u201ePetFest Europe O\u00dc\u201c reglamentuoja u\u017esakymo metu galiojusios, nebent \u012fstatymai ar dabartin\u0117s s\u0105lygos numato kitaip.<\/p>\n<p><span style=\"font-size: 20px;\"><strong>Kainos<\/strong><\/span><\/p>\n<p>2.1. Kainos www.petfest.ee svetain\u0117je galioja laiku apmok\u0117jus s\u0105skait\u0105 fakt\u016br\u0105 pagal 4 punkto nuostatas.<\/p>\n<p>2.2. Internetin\u0117je parduotuv\u0117je visos kainos yra nurodytos eurais (EUR) su \u012fskai\u010diuotu 20% PVM.<\/p>\n<p><span style=\"font-size: 20px;\"><strong>Prek\u0117s<\/strong><\/span><\/p>\n<p>3.1. Internetin\u0117je parduotuv\u0117je pateiktos prek\u0117s paprastai yra prieinamos sand\u0117lyje arba pardav\u0117jo parduotuv\u0117se. Negalime u\u017etikrinti nurodyt\u0173 produkt\u0173 prieinamumo, nes d\u0117l galim\u0173 technini\u0173 internetin\u0117s parduotuv\u0117s program\u0173 gedim\u0173 gali \u012fvykti klaida.<\/p>\n<p>3.2. Jei klientui pateikus u\u017esakym\u0105 paai\u0161k\u0117ja, kad pageidaujamos prek\u0117s n\u0117ra sand\u0117lyje, internetin\u0117 parduotuv\u0117 negali \u012fvykdyti tokio u\u017esakymo. Tokiu atveju, i\u0161siai\u0161kinus, kad prek\u0117s n\u0117ra, u\u017e j\u0105 sumok\u0117ta suma yra gr\u0105\u017einama klientui.<\/p>\n<p>3.3. Internetin\u0117je parduotuv\u0117je esan\u010dios nuotraukos yra pateikiamos tik iliustraciniais tikslais, o jose pavaizduoti produktai gali \u0161iek tiek skirtis nuo reali\u0173 produkt\u0173.<\/p>\n<p><span style=\"font-size: 20px;\"><strong>Pirkimas<\/strong><\/span><\/p>\n<p>4.1. Klientas, internetin\u0117je parduotuv\u0117je i\u0161sirink\u0119s prek\u0119, j\u0105 prideda \u012f preki\u0173 krep\u0161el\u012f, paspausdamas mygtuk\u0105 \u201e\u012e krep\u0161el\u012f\u201c.<\/p>\n<p>4.2. Klientas, nor\u0117damas pateikti u\u017esakym\u0105, turi eiti \u012f preki\u0173 krep\u0161elio puslap\u012f: pirkini\u0173 krep\u0161elio pasirinkimo meniu spustel\u0117jus mygtuk\u0105 \u201eApmok\u0117ti\u201c, klientas bus nukreiptas \u012f u\u017esakymo pateikimo puslap\u012f.<\/p>\n<p>4.3. \u012eved\u0119s ir per\u017ei\u016br\u0117j\u0119s, ar pateikti reikalingi duomenys yra teisingi, klientas patvirtina u\u017esakym\u0105 spustel\u0117damas mygtuk\u0105 \u201ePatvirtinti ir apmok\u0117ti\u201c. Po \u0161io veiksmo, u\u017esakymas patvirtinamas ir perduodamas pardav\u0117jui.<\/p>\n<p>4.4. Klientas atsiskaito u\u017e prekes per internetin\u0117s bankininkyst\u0117s nuorod\u0105, taip pat patvirtina mok\u0117jim\u0105 pardav\u0117jui spustel\u0117damas mygtuk\u0105 \u201eGr\u012f\u017eti \u012f parduotuv\u0119\u201c.<\/p>\n<p>4.5. Pateikdamas u\u017esakym\u0105, klientas \u012fsipareigoja nurodyti teisingus duomenis, kurie yra reikalingi u\u017esakymi \u012fvykdymui.<\/p>\n<p>4.6. Registruotas klientas gali pasinaudoti greito apmok\u0117jimo funkcija, jei yra prisijung\u0119s prie savo paskyros ir i\u0161saugoj\u0119s reikalingus duomenis.<\/p>\n<p>4.7. Klientui apmok\u0117jus u\u017e prekes, internetin\u0117 parduotuv\u0117 el. pa\u0161tu jam i\u0161siun\u010dia u\u017esakymo patvirtinim\u0105.<\/p>\n<p>4.8. Vykdydamas u\u017esakym\u0105, pardav\u0117jas neatsako u\u017e jo ne\u012fvykdym\u0105 d\u0117l pirk\u0117jo pateikt\u0173 neteising\u0173 duomen\u0173, taip pat neatsako u\u017e bet kokias tokio pateikimo pasekmes.<\/p>\n<p>4.9. Pardav\u0117jas turi teis\u0119 atsisakyti vykdyti u\u017esakym\u0105, jei kyla \u012ftarimas d\u0117l pardav\u0117jui pateikt\u0173 duomen\u0173 tikrumo arba d\u0117l ger\u0173 tradicij\u0173 neatitinkan\u010dio elgesio.<\/p>\n<p>4.9.1. U\u017esakytas prekes reikia atsiimti ne v\u0117liau kaip per 14 kalendorini\u0173 dien\u0173. Jei negalite atsiimti preki\u0173 iki nurodyto laiko, informuokite mus el. pa\u0161tu arba telefonu: +372 558 4783, info@petfest.ee, kitu atveju j\u016bs\u0173 u\u017esakymas bus at\u0161auktas, o prek\u0117s bus gr\u0105\u017eintos \u012f sand\u0117l\u012f. Tokiu atveju pardav\u0117jas privalo per 14 kalendorini\u0173 dien\u0173 gr\u0105\u017einti pirk\u0117jui u\u017e prekes sumok\u0117tus pinigus.<\/p>\n<p><span style=\"font-size: 20px;\"><strong>Mok\u0117jimo b\u016bdai<\/strong><\/span><\/p>\n<p>5.1 Apmok\u0117ti galima standartiniu banko pavedimu.<\/p>\n<p>5.1. U\u017esakym\u0105 galima apmok\u0117ti per \u201eMaksekeskus\u201c sistem\u0105 (Estijojos, Latvijos, Lietuvos ir Suomijos bank\u0173 nuorodos; kreditin\u0117s kortel\u0117s; kredito organizacijos)<\/p>\n<ul>\n<li>Estijos bank\u0173 nuorodos: Swedbank, SEB, Luminor, LHV, Coop Pank, Pocopay<\/li>\n<li>Maksa hiljem lahendused: Indivy Slice 3, Liisi ID, Finora krediit<\/li>\n<li>Visa\/Mastercard kaardimaksed<\/li>\n<li>Suomijos bank\u0173 nuorodos: Aktia, A\u030alandsbanken, Danske, Handelsbanken, Nordea, Oma Sa\u0308a\u0308stopankki, Pohjola, POP Pankki, S-Pankki, Sa\u0308a\u0308stopankki<\/li>\n<li>Latvijos bank\u0173 nuorodos: Swedbank, SEB, Citadele ir Luminor<\/li>\n<li>Lietuvos bank\u0173 nuorodos: Swedbank, SEB ir Luminor<\/li>\n<\/ul>\n<p>5.2. Mok\u0117jimas atliekamas ne internetin\u0117je parduotuv\u0117je, o saugioje \u201eMaksekeskus AS\u201c mok\u0117jimo aplinkoje.<\/p>\n<p>5.3. Pardav\u0117jas neturi prieigos prie kliento banko duomen\u0173.<\/p>\n<p><span style=\"font-size: 20px;\"><strong>U\u017esakymo pristatymas ir perdavimas<\/strong><\/span><\/p>\n<p>6.1. M\u016bs\u0173 pristatymo paslaugos teikiamos visoje Estijos teritorijoje. Jei norite, kad u\u017esakym\u0105 pristatytume u\u017e anks\u010diau nurodyto regiono rib\u0173, tai b\u016bt\u0173 vykdoma pagal atskir\u0105 sutart\u012f, d\u0117l kurios sudarymo pra\u0161ome kreiptis \u012f mus su pra\u0161ymu el. pa\u0161tu info@petfest.ee arba telefonu +372 558 4783.<\/p>\n<p>6.2. U\u017esakymus pristato \u201eOmniva\u201c ir \u201eDPD\u201c produkto kortel\u0117je ir u\u017esakymo patvirtinime nurodytu laiku ir dat\u0105. Pristatymo laikas gali trukti nuo 1 iki 7 darbo dien\u0173 nuo apmok\u0117jimo datos.<\/p>\n<p>6.2.1. Prek\u0117s pristatymo kaina nurodyta kainora\u0161tyje.<\/p>\n<p>&#8211; Kurjeris pristatys prekes adresu, nurod\u0117tu u\u017esakymo pateikimo metu. Pateikus u\u017esakym\u0105, pristatymo adres\u0105 galima pakeisti tik susitarus.<\/p>\n<p>6.3. Pateikdami u\u017esakym\u0105 per\u017ei\u016br\u0117kite, ar pateikta kontaktin\u0117 informacija yra teisinga, kad b\u016bt\u0173 i\u0161vengta u\u017esakymo pristatymo v\u0117lavimo ir nesusipratim\u0173. www.petfest.ee (PetFest Europe O\u00dc) ir kurjeris n\u0117ra atsakingi u\u017e preki\u0173 pristatymo v\u0117lavim\u0105 ir nesusipratimus, jei tai \u012fvyksta d\u0117l u\u017esakymo metu pateikt\u0173 netiksli\u0173 ar neteising\u0173 duomen\u0173.<\/p>\n<p>6.4. Prek\u0117s bus pristatytos j\u016bs\u0173 nurodytu adresu per 5 darbo dienas nuo perdavimo kurjeriui dienos. Kurjeris susisieks su klientu telefonu ir susitars d\u0117l tinkamo pristatymo laiko. Nepavykus perduoti prekes klientui, jos gr\u0105\u017einamos atgal \u012f siunt\u0117jo sand\u0117l\u012f.<\/p>\n<p>6.5. Jei klientas pateikia u\u017esakym\u0105 savaitgal\u012f (nuo penktadienio 13:00 val. iki pirmadienio 9:00 val.) arba valstybini\u0173 \u0161ven\u010di\u0173 metu, tuomet 5 darbo dien\u0173 laikotarpis pradedamas skai\u010diuoti nuo pirmosios darbo dienos po 9:00 val. po savaitgalio ar valstybin\u0117s \u0161vent\u0117s.<\/p>\n<p>6.6. Prie\u0161 pateikdamas u\u017esakym\u0105, klientas privalo patikrinti pateiktos kontaktin\u0117s informacijos tikslum\u0105, kad i\u0161vengt\u0173 preki\u0173 pristatymo v\u0117lavimo ir nesusipratim\u0173. Pardav\u0117jas n\u0117ra atsakingas u\u017e preki\u0173 pristatymo v\u0117lavim\u0105 ir nesusipratimus tuo atveju, jei tai \u012fvyksta d\u0117l kliento u\u017esakymo metu pateikt\u0173 netiksli\u0173 ar neteising\u0173 duomen\u0173.<\/p>\n<p>6.7. Kurjeris perduoda jums u\u017esakym\u0105 kartu su tarpine s\u0105skaita. I\u0161kilus kokioms nors problemoms, nedelsdami informuokite mus telefonu +372 558 4783. Teis\u0117 pateikti pretenzijas d\u0117l \u017ealos netaikoma, jei \u017eala atsirado po preki\u0173 perdavimo pirk\u0117jui.<\/p>\n<p>6.8. Jei u\u017esakymas buvo pristatytas klientui prastos b\u016bkl\u0117s ir ne u\u017edaroje pakuot\u0117je, klientas privalo apie tai informuoti, atsi\u0173sdamas atitinkamo turinio \u017einut\u0119 kartu su nuotrauka adresu: info@petfest.ee arba tel. +372 558 4783.<\/p>\n<p><span style=\"font-size: 20px;\"><strong>U\u017esakymo at\u0161aukimas ir preki\u0173 gr\u0105\u017einimas<\/strong><\/span><\/p>\n<p>7.1. Klientas turi teis\u0119 per 14 dien\u0173 nutraukti sandor\u012f ir pakeisti arba gr\u0105\u017einti u\u017esakytas prekes. Nurodytas 14 dien\u0173 laikotarpis pradedamas skai\u010diuoti nuo preki\u0173 perdavimo klientui dienos. Klientas turi teis\u0119 per 14 dien\u0173 nutraukti sandor\u012f ir pakeisti arba gr\u0105\u017einti u\u017esakytas prekes. Nurodytas 14 dien\u0173 laikotarpis pradedamas skai\u010diuoti nuo preki\u0173 perdavimo klientui dienos.<\/p>\n<p>7.2. Klientas, nor\u0117damas gr\u0105\u017einti arba pakeisti prek\u0119, per 14 dien\u0173 nuo prek\u0117s gavimo dienos turi pateikti pardav\u0117jui gr\u0105\u017einimo form\u0105.<\/p>\n<p>7.3. Klientas privalo gr\u0105\u017einti prek\u0119 per 14 dien\u0173 nuo pra\u0161ymo pateikimo arba turi pateikti \u012frodym\u0105, kad per min\u0117t\u0105 laikotarp\u012f perdav\u0117 prekes logistikos \u012fmonei. Pardav\u0117jas turi teis\u0119 negr\u0105\u017einti pinig\u0173 tol, kol vartotojas negr\u0105\u017eina prek\u0117s arba nepateikia \u012frodym\u0173 apie i\u0161si\u0173st\u0105 prek\u0119.<\/p>\n<p>7.4. Kei\u010diama ar gr\u0105\u017einama prek\u0117 negali b\u016bti pa\u017eeista, ji turi b\u016bti supakuota originalioje pakuot\u0117je ir su visomis etiket\u0117mis.<\/p>\n<p>7.5. Gautas u\u017esakymas yra negr\u0105\u017einamas, jei u\u017esakytos prek\u0117s yra pagamintos pagal asmeninius kliento poreikius arba pagal kliento pageidautas s\u0105lygas.<\/p>\n<p>7.6. Jei gr\u0105\u017einamo u\u017esakymo (ir u\u017esakymo pakuot\u0117s) b\u016bkl\u0117 yra blogesn\u0117 ir tai yra ne d\u0117l \u201ePetFest Europe O\u00dc\u201c veiksm\u0173; taip pat d\u0117l netinkamo preki\u0173 naudojimo \u201ePetFest Europe O\u00dc\u201c turi teis\u0119 perskai\u010diuoti preki\u0173 vert\u0117s suma\u017e\u0117jim\u0105 nuo j\u016bs\u0173 u\u017e prekes sumok\u0117tos sumos ir pagal tai nustatyti gr\u0105\u017einam\u0105 pinig\u0173 sum\u0105. \u201ePetFest Europe O\u00dc\u201c atsi\u0173s jums informacin\u012f lai\u0161k\u0105 apie perskai\u010diavim\u0105 el. pa\u0161to adresu, kur\u012f nurod\u0117te pateikdami u\u017esakym\u0105.<\/p>\n<p>7.7. Prek\u0117s keitimo atveju, internetin\u0117 parduotuv\u0117, gavusi norim\u0105 pakeisti produkt\u0105, nedelsdama i\u0161si\u0173s klientui nauj\u0105 produkt\u0105. Prek\u0117s keitimo i\u0161laidas apmoka pardav\u0117jas.<\/p>\n<p>7.8. Pardav\u0117jas gr\u0105\u017eina pinigus klientui per 14 dien\u0173 po to, kai gauna kliento gr\u0105\u017einimo form\u0105 internetin\u0117je parduotuv\u0117je. Pinig\u0173 gr\u0105\u017einimas atliekamas \u012f t\u0105 pa\u010di\u0105 s\u0105skait\u0105, i\u0161 kurios klientas atliko mok\u0117jim\u0105.<\/p>\n<p><span style=\"font-size: 20px;\"><strong>Atsakomyb\u0117 ir nenugalimos j\u0117gos aplinkyb\u0117s<\/strong><\/span><\/p>\n<p>8.1. Www.petfest.ee (\u201ePetFest Europe O\u00dc\u201c) yra atsakingas u\u017e jus, o j\u016bs esate atsakingi www.petfest.ee (\u201ePetFest Europe O\u00dc\u201c) u\u017e \u017eal\u0105, padaryt\u0105 kitai \u0161aliai pa\u017eeidus \u0161ias s\u0105lygas, galiojan\u010diuose Estijos Respublikos teis\u0117s aktuose nurodytais atvejais ir dyd\u017eiu.<\/p>\n<p>8.2. Www.petfest.ee (\u201ePetFest Europe O\u00dc\u201c) neatsako u\u017e jums padaryt\u0105 \u017eal\u0105 ar u\u017e v\u0117luojant\u012f u\u017esakym\u0105 , jei \u017eala ar v\u0117luojantis u\u017esakymo pristatymas \u012fvyko d\u0117l aplinkyb\u0117s, kuriai www.petfest.ee (\u201ePetFest Europe O\u00dc\u201c) netur\u0117jo \u012ftakos ar kurios atsiradimo www.petfest.ee (\u201ePetFest Europe O\u00dc\u201c) nenumat\u0117 ar negal\u0117jo numatyti (nenugalimos j\u0117gos aplinkyb\u0117s).<\/p>\n<p>8.3. Klientas \u012fsipareigoja naudotis internetin\u0117s parduotuv\u0117s paslaugomis tik tais tikslais, kurie neprie\u0161tarauja \u012fstatymams ir visuotinai pripa\u017eintiems standartams.<\/p>\n<p><span style=\"font-size: 20px;\"><strong>Duomen\u0173 apsauga ir apdorojimo principai<\/strong><\/span><\/p>\n<p>9.1. Registruodamasis internetin\u0117je parduotuv\u0117je ar pirkdamas, klientas sutinka su internetin\u0117s parduotuv\u0117s naudojimo s\u0105lygomis bei \u012fsipareigoja j\u0173 laikytis.<\/p>\n<p>9.2. Pardav\u0117jo ir kliento pirkimo\u2013pardavimo sutartis \u012fsigalioja nuo to momento, kai pirk\u0117jo sumok\u0117ta suma yra \u012fskaitoma \u012f pardav\u0117jo s\u0105skait\u0105.<\/p>\n<p>9.3. Klientas suteikia pardav\u0117jui vienareik\u0161m\u012f ir pagr\u012fst\u0105 sutikim\u0105 tvarkyti jo asmens duomenis.<\/p>\n<p>9.4. Pardav\u0117jui suteikti asmens duomenys yra \u012fra\u0161omi \u012f klient\u0173 registr\u0105 ir yra naudojami teikiant pirk\u0117jui preki\u0173 pardavimo ir pasi\u016blym\u0173 paslaugas.<\/p>\n<p>9.5. Pardav\u0117jas i\u0161saugo kliento kontaktinius duomenis, taip pat informacij\u0105 apie \u012fsigytas prekes. \u0160i informacija yra konfidenciali ir yra tvarkoma pagal asmens duomen\u0173 apsaugos \u012fstatym\u0105. Kurjeriui pateikiami tie asmens duomenys, kurie yra reikalingi prek\u0117ms i\u0161si\u0173sti klientui.<\/p>\n<p>9.6. Pardav\u0117jas gali naudoti kliento asmens duomenis, kad jam el. pa\u0161tu atsi\u0173st\u0173 informacij\u0105 apie specialius pasi\u016blymus ir kampanijas tik tuo atveju, jei klientas yra dav\u0119s sutikim\u0105.<\/p>\n<p>9.7. \u201ePetFest Europe O\u00dc\u201c turi teis\u0119 perduoti kliento asmens duomenis \u012fmonei \u201eMaksekeskus O\u00dc\u201c, kad b\u016bt\u0173 \u012fgyvendintos elektronini\u0173 mok\u0117jim\u0173 s\u0105lygos.<\/p>\n<p>9.8. Visi kliento asmens duomenys, kurie buvo atskleisti apsilankius ir apsipirkus internetin\u0117je parduotuv\u0117je www.petfest.ee, yra laikomi konfidencialia informacija. U\u017e\u0161ifruotas duomen\u0173 perdavimo kanalas su bankais u\u017etikrina pirk\u0117jo asmens duomen\u0173 ir banko duomen\u0173 saugum\u0105. Www.petfest.ee (\u201ePetFest Europe O\u00dc\u201c) neturi prieigos prie j\u0173.<\/p>\n<p>9.9. Internetin\u0117 parduotuv\u0117 pirk\u0117jo \u012fvestus asmens duomenis (\u012fskaitant vard\u0105 ir pavard\u0119, telefono numer\u012f, adres\u0105, el. pa\u0161to adres\u0105, banko duomenis) naudoja tik u\u017esakymo apdorojimui ir preki\u0173 i\u0161siuntimui pirk\u0117jui.<\/p>\n<p>9.10. Pardav\u0117jas u\u017etikrina pirk\u0117jo duomen\u0173 apsaug\u0105 ir naudojim\u0105, \u012fskaitant asmens duomenis, pagal privatumo politikoje nustatytas s\u0105lygas. Pirk\u0117jas patvirtina, kad perskait\u0117 ir sutinka su privatumo politikos s\u0105lygomis. Remiantis galiojan\u010diais teis\u0117s aktais ir privatumo politikos turiniu, pardav\u0117jas be pirk\u0117jo sutikimo turi teis\u0119 tvarkyti duomenis (\u012fskaitant asmens duomenis) tiek, kiek reikalinga norint naudotis internetine parduotuve. Be kita ko, remdamasis tuo, kas i\u0161d\u0117styta, pardav\u0117jas be atskirai i\u0161reik\u0161to sutikimo turi teis\u0119: si\u0173sti pirk\u0117jui prane\u0161imus, susijusius su internetin\u0117s parduotuv\u0117s paslaug\u0173 naudojimu, t.y. su saugumu susij\u0119 prane\u0161imai, kurie siun\u010diami internetin\u0117s parduotuv\u0117s vartotojui; i\u0161saugoti \u012f sistem\u0105 patekusius pirk\u0117jo u\u017esakym\u0173 duomenis, kad geriau aptarnaut\u0173 pirk\u0117j\u0105 ir sandori\u0173 patvirtinimui, t.y. per pagr\u012fst\u0105 laik\u0105 t\u0173 u\u017esakym\u0173, kuri\u0173 pirk\u0117jas nebaig\u0117 sesijos metu.<\/p>\n<p>9.11. Jei pirk\u0117jas sutinka, kad duomenys b\u016bt\u0173 naudojami rinkodaros tikslais ir sudaro kliento sutart\u012f ar kitu veiksmu patvirtina pirk\u0117jo vali\u0105 (pvz., savitarnoje), pardav\u0117jas \u0161iuos duomenis naudoja tomis s\u0105lygomis ir tikslais, kurie nurodyti privatumo politikoje, \u012fskaitant asmenini\u0173 tiesiogin\u0117s rinkodaros preki\u0173 ir paslaug\u0173 pasi\u016blym\u0173 siuntim\u0105 klientui, kampanij\u0173 pasi\u016blym\u0173 ir reklamini\u0173 pasi\u016blym\u0173 pirk\u0117jams siuntim\u0105 elektronin\u0117mis ry\u0161i\u0173 priemon\u0117mis (pvz., el. pa\u0161tu arba SMS).<\/p>\n<p>9.12. Pirk\u0117jas bet kada turi teis\u0119 at\u0161aukti sutikim\u0105 naudoti asmens duomenis rinkodaros tikslais, i\u0161si\u0173sdamas pardav\u0117jui el. lai\u0161k\u0105 su atitinkamu turiniu arba atsisakydamas tolesni\u0173 tiesioginio pa\u0161to pasi\u016blym\u0173 pagal instrukcijas, pateiktas jam i\u0161si\u0173stame lai\u0161ke el. pa\u0161to adresu.<\/p>\n<p>9.13. Visus kitus klausimus, kurie n\u0117ra atskirai aptarti \u0161iose s\u0105lygose, \u0161alys sprend\u017eia vadovaudamosi Estijos Respublikoje galiojan\u010diais teis\u0117s aktais.<\/p>\n<p>9.14. Gin\u010dai, kylantys tarp j\u016bs\u0173 ir www.petfest.ee (\u201ePetFest Europe O\u00dc\u201c) d\u0117l preki\u0173 pirkimo internetin\u0117je parduotuv\u0117je www.petfest.ee, sprend\u017eiami deryb\u0173 b\u016bdu. Jei ne\u012fmanoma susitarti, turite teis\u0119 kreiptis \u012f Vartotoj\u0173 apsaugos tarnyb\u0105 ar miesto teism\u0105, kad apgintum\u0117te savo teises. Visi gin\u010dai sprend\u017eiami vadovaujantis Estijos Respublikoje galiojan\u010diais teis\u0117s aktais.<\/p>\n<p><span style=\"font-size: 20px;\"><strong>Atsakomyb\u0117s apribojimas<\/strong><\/span><\/p>\n<p>10.1. Preki\u0173 iliustracijos pateikiamos tik iliustraciniais tikslais.<\/p>\n<p>10.2. \u201ePetFest Europe O\u00dc\u201c pasilieka teis\u0119 keisti preki\u0173 kainas ir j\u0173 prieinamum\u0105, taip pat i\u0161skirtiniais atvejais gali atsisakyti parduoti prekes.<\/p>\n<p>10.3. Produkto informacija yra reguliariai tikrinama ir atnaujinama. Po j\u016bs\u0173 paskutinio apsilankymo duomenys gali b\u016bti atnaujinti.<\/p>\n<p><strong><em>Ger\u0173 jums pirkini\u0173!<\/em><\/strong>[\/vc_column_text][\/vc_column][\/vc_row]<\/p>\n<\/section>","protected":false},"excerpt":{"rendered":"<p>[vc_row][vc_column][vc_column_text text_larger=&#8221;no&#8221; woodmart_inline=&#8221;no&#8221;]S\u0105lyg\u0173 taikymas ir galiojimas 1.1. \u0160ios s\u0105lygos yra taikomos visiems teisiniams santykiams, atsirandantiems tarp asmen\u0173 ir prekybos tinklo<\/p>\n","protected":false},"author":1,"featured_media":0,"parent":0,"menu_order":0,"comment_status":"closed","ping_status":"closed","template":"","meta":{"inline_featured_image":false,"footnotes":""},"_links":{"self":[{"href":"https:\/\/petfest.ee\/lt\/wp-json\/wp\/v2\/pages\/7483"}],"collection":[{"href":"https:\/\/petfest.ee\/lt\/wp-json\/wp\/v2\/pages"}],"about":[{"href":"https:\/\/petfest.ee\/lt\/wp-json\/wp\/v2\/types\/page"}],"author":[{"embeddable":true,"href":"https:\/\/petfest.ee\/lt\/wp-json\/wp\/v2\/users\/1"}],"replies":[{"embeddable":true,"href":"https:\/\/petfest.ee\/lt\/wp-json\/wp\/v2\/comments?post=7483"}],"version-history":[{"count":2,"href":"https:\/\/petfest.ee\/lt\/wp-json\/wp\/v2\/pages\/7483\/revisions"}],"predecessor-version":[{"id":2362417,"href":"https:\/\/petfest.ee\/lt\/wp-json\/wp\/v2\/pages\/7483\/revisions\/2362417"}],"wp:attachment":[{"href":"https:\/\/petfest.ee\/lt\/wp-json\/wp\/v2\/media?parent=7483"}],"curies":[{"name":"wp","href":"https:\/\/api.w.org\/{rel}","templated":true}]}}