{"id":7481,"date":"2021-04-30T18:04:01","date_gmt":"2021-04-30T16:04:01","guid":{"rendered":"https:\/\/petfest.ee\/ru\/?page_id=7481"},"modified":"2023-07-19T12:22:42","modified_gmt":"2023-07-19T10:22:42","slug":"privaatsuspoliitika","status":"publish","type":"page","link":"https:\/\/petfest.ee\/lt\/privatumo-politika\/","title":{"rendered":"PRIVATUMO POLITIKA"},"content":{"rendered":"<section class=\"wpb-content-wrapper\"><p>[vc_row][vc_column][vc_column_text woodmart_inline=&#8221;no&#8221; text_larger=&#8221;no&#8221;]<\/p>\r\n<h3 class=\"wp-block-heading\"><strong>Privatumo politika<\/strong><\/h3>\r\n<p><span style=\"font-size: 16px;\">Petfest.ee \u012fsipareigojo apsaugoti savo klient\u0173 ir vartotoj\u0173 asmens duomenis. D\u0117l \u0161ios prie\u017easties pareng\u0117me \u0161i\u0105 Privatumo politik\u0105, kuri reglamentuoja klient\u0173 duomen\u0173 rinkim\u0105, naudojim\u0105, atskleidim\u0105, perdavim\u0105 ir saugojim\u0105. M\u016bs\u0173 internetin\u0117 veikla vykdoma laikantis vis\u0173 susijusi\u0173 praktik\u0173, taip pat atitinkam\u0173 ES teis\u0117s akt\u0173 bei Estijos Respublikos \u012fstatym\u0173. Skirkite \u0161iek tiek laiko ir susipa\u017einkite su m\u016bs\u0173 taikomais privatumo principais.<\/span><\/p>\r\n<h3><strong>Asmens duomen\u0173 rinkimas ir naudojimas<\/strong><\/h3>\r\n<p><span style=\"font-size: 16px;\">Asmens duomenys &#8211; bet kokie duomenys, kurie gali b\u016bti tiesiogiai ar netiesiogiai susij\u0119 su jumis kaip asmeniu, kuriuos petfest.ee renka ir tvarko siekdama su asmenimis sudaryti sutartis, u\u017etikrinti bendravim\u0105 su jais ir vykdyti \u012fsipareigojimus pagal \u012fstatymus..<\/span><\/p>\r\n<p><strong>Nuolatini\u0173 klient\u0173 asmens duomenis galima rinkti \u0161iais b\u016bdais:<\/strong><\/p>\r\n<ul>\r\n<li><span style=\"font-size: 16px;\">kai m\u016bs\u0173 svetain\u0117je ar kitu b\u016bdu (pvz., m\u016bs\u0173 parduotuv\u0117se) pateikiate savo kontaktin\u0119 informacij\u0105 (pvz., savo vard\u0105 ir pavard\u0119, asmens kod\u0105, adres\u0105, telefono numer\u012f, el. pa\u0161to adres\u0105, pageidaujam\u0105 bendravimo b\u016bd\u0105);<\/span><\/li>\r\n<li><span style=\"font-size: 16px;\">kai naudojat\u0117s m\u016bs\u0173 svetaine, duomenys yra renkami per j\u016bs\u0173 paskyr\u0105 arba slapukus;<\/span><\/li>\r\n<li><span style=\"font-size: 16px;\">kai perkate m\u016bs\u0173 fizin\u0117je parduotuv\u0117je ar pateikiate u\u017esakym\u0105 internetin\u0117je parduotuv\u0117je ir i\u0161saugote savo kontaktin\u0119 informacij\u0105 arpirkimo nuostatas (petfest.ee svetain\u0117 tam tikrose skiltyse gali papra\u0161yti savanori\u0161kai pateikti savo asmens duomenis ir asmenin\u0119 informacij\u0105. Tokie asmens duomenys gali b\u016bti j\u016bs\u0173 vardas ir pavard\u0117, adresas, pa\u0161to kodas, el. pa\u0161to adresas, telefono numeris ir kiti duomenys);<\/span><\/li>\r\n<li><span style=\"font-size: 16px;\">kai norite ka\u017ek\u0105 \u012fsigyti i\u0161simok\u0117tinai.<\/span><\/li>\r\n<\/ul>\r\n<h3><strong>Kit\u0173 duomen\u0173 rinkimas<\/strong><\/h3>\r\n<p><span style=\"font-size: 16px;\">Taip pat renkame ne asmeninius duomenis. Tai duomenys, kuri\u0173 negalima tiesiogiai susieti su konkre\u010diu asmeniu (lytis, am\u017eius, kalbos nuostatos, vieta). Taip pat galime rinkti bendruosius duomenis t.y., kaip m\u016bs\u0173 klientai s\u0105veikauja su m\u016bs\u0173 internetin\u0117mis parduotuv\u0117mis ir svetaine. \u0160ie duomenys yra apjungiami ir naudojami, kad suteiktume klientams naudingiausi\u0105 informacij\u0105, taip pat, kad i\u0161siai\u0161kintume, kurios svetain\u0117s dalys, produktai ir paslaugos labiausiai dominan\u010dios. \u0160ioje Privatumo politikoje tokie bendrieji duomenys yra laikomi ne asmeniniais duomenimis.<\/span><\/p>\r\n<h3><strong>Surinkt\u0173 asmens duomen\u0173 naudojimas ir saugojimas<\/strong><\/h3>\r\n<p><span style=\"font-size: 16px;\">Bet kokie surinkti asmens duomenys gali b\u016bti naudojami klient\u0173 informavimui apie naujienas, \u012fmon\u0117s pasi\u016blymus ir b\u016bsimus petfest.ee \u012fvykius. Jei klientai nenori gauti m\u016bs\u0173 naujienlai\u0161kio ar informacijos apie juos dominan\u010dius produktus, jie turi galimyb\u0119 bet kada atsisakyti naujienlai\u0161kio. Taip pat naudojame surinktus asmens duomenis pristatydami prekes ir vykdydami \u012fsipareigojimams, kuriuos galimai prisi\u0117m\u0117me kliento at\u017evilgiu. Klientas, sutikdamas su \u0161ios Privatumo politikos s\u0105lygomis, duoda petfest.ee sutikim\u0105 automatizuotai tvarkyti jo duomenis. Bet kada galite at\u0161aukti savo sutikim\u0105 m\u016bs\u0173 svetain\u0117je arba tai galite padaryti i\u0161si\u0173sdami mums u\u017eklaus\u0105 formatu, kur\u012f galima atkurti ra\u0161tu. Tokios u\u017eklausos ir sutikimai negali b\u016bti teikiami atgaline data. petfest.ee, siekdama kuo geriau aptarnauti klientus, gali atskleisti informacij\u0105 apie atskirus vartotojus tre\u010diajai \u0161aliai, kuri teikia petfest.ee paslaugas ir pagal sutart\u012f yra \u012fpareigota saugoti vis\u0105 konfidenciali\u0105 informacij\u0105. Tokia tre\u010dioji \u0161alis gali b\u016bti, pavyzd\u017eiui, m\u016bs\u0173 partneris, kuris turi \u012fsipareigojim\u0105 pristatyti m\u016bs\u0173 internetin\u0117je parduotuv\u0117je \u012fsigyjamas prekes arba i\u0161simok\u0117jimo paslaugos teikimas. petfest.ee saugo visus kliento asmens duomenis, kol sutartis su nuolatiniu klientu yra nutraukiama. Duomenys, kuriuos petfest.ee privalo saugoti pagal \u012fstatymus (pvz., \u012fgaliojimai), yra saugomi petfest.ee laikantis galiojan\u010di\u0173 \u012fstatym\u0173. Parduotuv\u0117 turi teis\u0119 perduoti kliento asmens duomenis savo mok\u0117jim\u0173 apdorojimo partneriui \u201eMaksekeskus AS\u201c, kad b\u016bt\u0173 galima nustatyti kliento tapatyb\u0119 ir apdoroti internetinius mok\u0117jimus.<\/span><\/p>\r\n<h3><strong>Asmens duomen\u0173 keitimai<\/strong><\/h3>\r\n<p><span style=\"font-size: 16px;\">M\u016bs\u0173 svetain\u0117s skiltyje \u201eMano paskyra\u201c klientai gali per\u017ei\u016br\u0117ti, keisti bei papildyti savo asmens duomenis, surinktus kliento tapatyb\u0117s nustatymui ir bendravimui su juo. Jei kei\u010diate savo el. pa\u0161to adres\u0105 (savo vartotojo vard\u0105 petfest.ee svetain\u0117je), pra\u0161ome apie tai mus informuoti, kadangi patys klientai negali pakeisti savo prisijungimui naudojamo el. pa\u0161to adreso.<\/span><\/p>\r\n<h3><strong>Asmens duomen\u0173 saugumas<\/strong><\/h3>\r\n<p><span style=\"font-size: 16px;\">petfest.ee imasi vis\u0173 atsargumo priemoni\u0173 (\u012fskaitant ir administracines, technines bei fizines priemones), kad apsaugot\u0173 klient\u0173 asmens duomenis. Prieig\u0105 prie asmens duomen\u0173 turi tik \u012fgalioti asmenys, kad gal\u0117t\u0173 juos keisti ir tvarkyti. Jei \u012ftariate, kad j\u016bs\u0173 asmens duomenys yra tvarkomi kitaip nei numatyta \u0161ioje Privatumo politikoje, arba jei yra rizika, kad j\u016bs\u0173 duomenys gali b\u016bti prieinami pa\u0161aliniams asmenims, nedelsdami prane\u0161kite mums. Tai vienintelis b\u016bdas, leid\u017eiantis suma\u017einti galimus nuostolius. Klientai turi teis\u0119 reikalauti nutraukti savo duomen\u0173 tvarkym\u0105, u\u017eklausti apie tai, kaip naudojami j\u0173 duomenys, reikalauti, kad j\u0173 duomenys b\u016bt\u0173 perduodami jiems patiems, arba tre\u010diajai \u0161aliai pla\u010diai naudojamu formatu. Siekiant i\u0161vengti piktnaud\u017eiavimo klient\u0173 duomenimis ir teis\u0117mis, tokias u\u017eklausas galima teikti tik tokia forma, pagal kuri\u0105 galima nustatyti \u0161i\u0105 u\u017eklaus\u0105 siun\u010dian\u010dio asmens tapatyb\u0119 (u\u017eklausa turi b\u016bti pasira\u0161yta skaitmeniniu para\u0161u arba fizi\u0161kai pasira\u0161yta \u012fmon\u0117s biure). Turime teis\u0119 atsakyti \u012f tokias u\u017eklausas per 30 dien\u0173. Pra\u0161ym\u0105 nutraukti duomen\u0173 tvarkym\u0105 laikome pra\u0161ymu nutraukti sutart\u012f su nuolatiniu klientu.<\/span><\/p>\r\n<h3><strong>Saugumas<\/strong><\/h3>\r\n<p><span style=\"font-size: 16px;\">Bet kokie j\u016bs\u0173 asmens duomenys, kuriuos pateikiate apsilankydami svetain\u0117je ir pirkdami internetin\u0117je petfest.ee parduotuv\u0117je, yra laikomi konfidencialia informacija. U\u017e\u0161ifruoto duomen\u0173 perdavimo kanalo naudojimas bendradarbiaujant su bankais garantuoja pirk\u0117j\u0173 asmens duomen\u0173 ir banko duomen\u0173 apsaug\u0105.<\/span><\/p>\r\n<h3><strong>Taisykl\u0117s ir s\u0105lygos bei Privatumo politikos pakeitimai<\/strong><\/h3>\r\n<p><span style=\"font-size: 16px;\">Prad\u0117dami naudotis m\u016bs\u0173 svetaine arba u\u017epildydami nuolatinio kliento parai\u0161k\u0105, j\u016bs patvirtinate, kad perskait\u0117te ir sutinkate su \u0161iais \u201eprincipais\u201c, ir \u201etaisykl\u0117mis ir s\u0105lygomis\u201c. Mes pasiliekame teis\u0119, jei reikia, keisti bendr\u0105sias \u0161ios \u201ePrivatumo politikos\u201c taisykles ir s\u0105lygas, informuodami apie tai visus savo nuolatinius klientus, taip pat stengiam\u0117s, kad m\u016bs\u0173 Privatumo politika b\u016bt\u0173 nuolatos atnaujinama ir visada prieinama svetain\u0117je. \u201ePetFest Europe O\u00dc\u201c yra duomen\u0173 valdytoja ir yra atsakinga u\u017e klient\u0173 asmens duomen\u0173 tvarkym\u0105. Jei turite koki\u0173 nors klausim\u0173 ar abejoni\u0173 d\u0117l Privatumo politikos ar duomen\u0173 tvarkymo, susisiekite su mumis el. pa\u0161tu privacy@petfest.ee. Siekdami apsaugoti savo asmens duomenis, visada galite kreiptis \u012f duomen\u0173 apsaugos inspekcij\u0105 arba teism\u0105. Duomen\u0173 apsaugos inspekcija yra valstybin\u0117 \u012fstaiga, \u012f kuri\u0105 taip pat galite kreiptis, jei reikia su asmens duomen\u0173 apsauga susijusio patarimo ar pagalbos. \u012emon\u0117 \u201ePetFest Europe O\u00dc\u201c (petfest.ee) yra pagrindin\u0117 asmens duomen\u0173 tvarkytoja, kuri perduoda mok\u0117jimams apdoroti reikalingus asmens duomenis \u012fmonei \u201eMaksekeskus AS\u201c. <\/span><\/p>\r\n\r\n<p>&nbsp;<\/p>\r\n<p>[\/vc_column_text][\/vc_column][\/vc_row]<\/p><\/section>","protected":false},"excerpt":{"rendered":"<p>[vc_row][vc_column][vc_column_text woodmart_inline=&#8221;no&#8221; text_larger=&#8221;no&#8221;] Privatumo politika Petfest.ee \u012fsipareigojo apsaugoti savo klient\u0173 ir vartotoj\u0173 asmens duomenis. D\u0117l \u0161ios prie\u017easties pareng\u0117me \u0161i\u0105 Privatumo<\/p>\n","protected":false},"author":1,"featured_media":0,"parent":0,"menu_order":0,"comment_status":"closed","ping_status":"closed","template":"","meta":{"inline_featured_image":false,"footnotes":""},"_links":{"self":[{"href":"https:\/\/petfest.ee\/lt\/wp-json\/wp\/v2\/pages\/7481"}],"collection":[{"href":"https:\/\/petfest.ee\/lt\/wp-json\/wp\/v2\/pages"}],"about":[{"href":"https:\/\/petfest.ee\/lt\/wp-json\/wp\/v2\/types\/page"}],"author":[{"embeddable":true,"href":"https:\/\/petfest.ee\/lt\/wp-json\/wp\/v2\/users\/1"}],"replies":[{"embeddable":true,"href":"https:\/\/petfest.ee\/lt\/wp-json\/wp\/v2\/comments?post=7481"}],"version-history":[{"count":2,"href":"https:\/\/petfest.ee\/lt\/wp-json\/wp\/v2\/pages\/7481\/revisions"}],"predecessor-version":[{"id":2362414,"href":"https:\/\/petfest.ee\/lt\/wp-json\/wp\/v2\/pages\/7481\/revisions\/2362414"}],"wp:attachment":[{"href":"https:\/\/petfest.ee\/lt\/wp-json\/wp\/v2\/media?parent=7481"}],"curies":[{"name":"wp","href":"https:\/\/api.w.org\/{rel}","templated":true}]}}