{"id":7218,"date":"2021-03-04T16:20:15","date_gmt":"2021-03-04T14:20:15","guid":{"rendered":"https:\/\/petfest.ee\/et\/?page_id=7218"},"modified":"2025-01-21T15:22:16","modified_gmt":"2025-01-21T13:22:16","slug":"firmast","status":"publish","type":"page","link":"https:\/\/petfest.ee\/lt\/imone\/","title":{"rendered":"\u012eMON\u0116"},"content":{"rendered":"<section class=\"wpb-content-wrapper\"><p>[vc_row full_width=&#8221;stretch_row&#8221; css=&#8221;.vc_custom_1614878566995{background-image: url(https:\/\/petfest.ee\/wp-content\/uploads\/2021\/03\/about.jpg?id=7253) !important;}&#8221; mobile_bg_img_hidden=&#8221;no&#8221; tablet_bg_img_hidden=&#8221;no&#8221; woodmart_parallax=&#8221;0&#8243; woodmart_gradient_switch=&#8221;no&#8221; row_reverse_mobile=&#8221;0&#8243; row_reverse_tablet=&#8221;0&#8243; woodmart_disable_overflow=&#8221;0&#8243;][vc_column][vc_empty_space woodmart_hide_large=&#8221;0&#8243; woodmart_hide_medium=&#8221;0&#8243; woodmart_hide_small=&#8221;0&#8243; woodmart_hide_extra_small=&#8221;0&#8243;][vc_empty_space woodmart_hide_large=&#8221;0&#8243; woodmart_hide_medium=&#8221;0&#8243; woodmart_hide_small=&#8221;0&#8243; woodmart_hide_extra_small=&#8221;0&#8243;][vc_empty_space woodmart_hide_large=&#8221;0&#8243; woodmart_hide_medium=&#8221;0&#8243; woodmart_hide_small=&#8221;0&#8243; woodmart_hide_extra_small=&#8221;0&#8243;]\t\t\t<div id=\"wd-60b8fbfc4c976\" class=\"wd-text-block-wrapper wd-wpb wd-rs-60b8fbfc4c976 color-scheme- text-center \">\n\t\t\t\t<div class=\"woodmart-title-container woodmart-text-block reset-last-child font-primary wd-font-weight- wd-fontsize-xxxl\">\n\t\t\t\t\t<\/p>\n<h1 class=\"t001__title t-title t-title_xl\" style=\"text-align: center;\"><span style=\"color: #ffffff;\">M\u016aS\u0172 AUGINTINIAI<\/span><br \/>\n<span style=\"color: #ffffff;\">VERTI PATIES GERIAUSIO<\/span><\/h1>\n<p>\t\t\t\t<\/div>\n\n\t\t\t\t\t\t\t<\/div>\n\t\t[vc_empty_space woodmart_hide_large=&#8221;0&#8243; woodmart_hide_medium=&#8221;0&#8243; woodmart_hide_small=&#8221;0&#8243; woodmart_hide_extra_small=&#8221;0&#8243;][vc_empty_space woodmart_hide_large=&#8221;0&#8243; woodmart_hide_medium=&#8221;0&#8243; woodmart_hide_small=&#8221;0&#8243; woodmart_hide_extra_small=&#8221;0&#8243;][vc_empty_space woodmart_hide_large=&#8221;0&#8243; woodmart_hide_medium=&#8221;0&#8243; woodmart_hide_small=&#8221;0&#8243; woodmart_hide_extra_small=&#8221;0&#8243;][\/vc_column][\/vc_row][vc_row][vc_column][vc_empty_space woodmart_hide_large=&#8221;0&#8243; woodmart_hide_medium=&#8221;0&#8243; woodmart_hide_small=&#8221;0&#8243; woodmart_hide_extra_small=&#8221;0&#8243;][vc_row_inner][vc_column_inner width=&#8221;1\/6&#8243;][\/vc_column_inner][vc_column_inner width=&#8221;2\/3&#8243;]\t\t\t<div id=\"wd-64b7b5c591497\" class=\"wd-text-block-wrapper wd-wpb wd-rs-64b7b5c591497 color-scheme- text-center \">\n\t\t\t\t<div class=\"woodmart-title-container woodmart-text-block reset-last-child font-primary wd-font-weight- wd-fontsize-xxl\">\n\t\t\t\t\t<\/p>\n<p style=\"text-align: left;\">\u201ePet Fest\u201c produktai yra nat\u016bral\u016bs, praturtinti vitaminais ir mineralais. Subalansuotos mitybos produktai i\u0161 auk\u0161tos kokyb\u0117s, saugi\u0173 ir kruop\u0161\u010diai atrinkt\u0173 ingredient\u0173.<\/p>\n<p>\t\t\t\t<\/div>\n\n\t\t\t\t\t\t\t<\/div>\n\t\t[\/vc_column_inner][vc_column_inner width=&#8221;1\/6&#8243;][\/vc_column_inner][\/vc_row_inner][vc_row_inner][vc_column_inner width=&#8221;1\/6&#8243;][\/vc_column_inner][vc_column_inner width=&#8221;2\/3&#8243;]\t\t\t<div id=\"wd-60b8fc45d7fb7\" class=\"wd-text-block-wrapper wd-wpb wd-rs-60b8fc45d7fb7 color-scheme- text-center \">\n\t\t\t\t<div class=\"woodmart-title-container woodmart-text-block reset-last-child font-primary wd-font-weight- wd-fontsize-xl\">\n\t\t\t\t\t<\/p>\n<p style=\"text-align: left;\">Skan\u0117stai \u0161unims &#8211; tai m\u0117sos skan\u0117stai, kuri\u0173 kiekvienas gabal\u0117lis yra atrenkamas ir apdorojamas rankomis.<\/p>\n<p style=\"text-align: left;\">Maisto pagrind\u0105 sudaro geriausia m\u0117sa ir produktai, kurie derinami su sveikais maisto priedais: vitaminu E, taurinu ir \u017euv\u0173 taukais.<\/p>\n<p>\t\t\t\t<\/div>\n\n\t\t\t\t\t\t\t<\/div>\n\t\t[\/vc_column_inner][vc_column_inner width=&#8221;1\/6&#8243;][\/vc_column_inner][\/vc_row_inner][vc_empty_space woodmart_hide_large=&#8221;0&#8243; woodmart_hide_medium=&#8221;0&#8243; woodmart_hide_small=&#8221;0&#8243; woodmart_hide_extra_small=&#8221;0&#8243;][\/vc_column][\/vc_row][vc_row][vc_column width=&#8221;1\/2&#8243;][vc_single_image image=&#8221;7220&#8243; img_size=&#8221;full&#8221; parallax_scroll=&#8221;no&#8221;][\/vc_column][vc_column width=&#8221;1\/2&#8243;][vc_single_image image=&#8221;7221&#8243; img_size=&#8221;full&#8221; parallax_scroll=&#8221;no&#8221;][vc_single_image image=&#8221;7306&#8243; img_size=&#8221;full&#8221; parallax_scroll=&#8221;no&#8221;][\/vc_column][\/vc_row][vc_row][vc_column][vc_row_inner][vc_column_inner width=&#8221;1\/6&#8243;][\/vc_column_inner][vc_column_inner width=&#8221;2\/3&#8243;]\t\t\t<div id=\"wd-64b7b5cf89ffe\" class=\"wd-text-block-wrapper wd-wpb wd-rs-64b7b5cf89ffe color-scheme- text-center \">\n\t\t\t\t<div class=\"woodmart-title-container woodmart-text-block reset-last-child font-primary wd-font-weight- wd-fontsize-xl\">\n\t\t\t\t\t<\/p>\n<p style=\"text-align: left;\">\u201ePet Fest\u201c skan\u0117st\u0173 esm\u0117 yra \u0161un\u0173 paskatinimas, taikant \u0161iuolaikines \u017einias apie veterinarij\u0105 bei sveik\u0105 gyv\u016bn\u0173 mityb\u0105. Kiekvienas m\u016bs\u0173 augintinis turi savo skon\u012f bei pageidavimus. B\u016btent tod\u0117l suskirst\u0117me savo asortiment\u0105 \u012f grupes, kad kiekvienas savininkas gal\u0117t\u0173 lengvai rasti savo augintiniui tinkam\u0105 skan\u0117st\u0105.<\/p>\n<p>\t\t\t\t<\/div>\n\n\t\t\t\t\t\t\t<\/div>\n\t\t[\/vc_column_inner][vc_column_inner width=&#8221;1\/6&#8243;][\/vc_column_inner][\/vc_row_inner][\/vc_column][\/vc_row][vc_row][vc_column][vc_column_text]<\/p>\n<p>[\/vc_column_text][\/vc_column][\/vc_row][vc_row gap=&#8221;35&#8243; mobile_bg_img_hidden=&#8221;no&#8221; tablet_bg_img_hidden=&#8221;no&#8221; woodmart_parallax=&#8221;0&#8243; woodmart_gradient_switch=&#8221;no&#8221; row_reverse_mobile=&#8221;0&#8243; row_reverse_tablet=&#8221;0&#8243; woodmart_disable_overflow=&#8221;0&#8243; woodmart_css_id=&#8221;678f9f830698f&#8221; responsive_spacing=&#8221;eyJwYXJhbV90eXBlIjoid29vZG1hcnRfcmVzcG9uc2l2ZV9zcGFjaW5nIiwic2VsZWN0b3JfaWQiOiI2NzhmOWY4MzA2OThmIiwic2hvcnRjb2RlIjoidmNfcm93IiwiZGF0YSI6eyJ0YWJsZXQiOnt9LCJtb2JpbGUiOnt9fX0=&#8221; woodmart_box_shadow=&#8221;no&#8221; wd_z_index=&#8221;no&#8221;][vc_column width=&#8221;1\/3&#8243; woodmart_css_id=&#8221;63763c7b05814&#8243; parallax_scroll=&#8221;no&#8221; woodmart_sticky_column=&#8221;false&#8221; wd_collapsible_content_switcher=&#8221;no&#8221; wd_column_role_offcanvas_desktop=&#8221;no&#8221; wd_column_role_offcanvas_tablet=&#8221;no&#8221; wd_column_role_offcanvas_mobile=&#8221;no&#8221; wd_column_role_content_desktop=&#8221;no&#8221; wd_column_role_content_tablet=&#8221;no&#8221; wd_column_role_content_mobile=&#8221;no&#8221; mobile_bg_img_hidden=&#8221;no&#8221; tablet_bg_img_hidden=&#8221;no&#8221; woodmart_parallax=&#8221;0&#8243; woodmart_box_shadow=&#8221;no&#8221; responsive_spacing=&#8221;eyJwYXJhbV90eXBlIjoid29vZG1hcnRfcmVzcG9uc2l2ZV9zcGFjaW5nIiwic2VsZWN0b3JfaWQiOiI2Mzc2M2M3YjA1ODE0Iiwic2hvcnRjb2RlIjoidmNfY29sdW1uIiwiZGF0YSI6eyJ0YWJsZXQiOnt9LCJtb2JpbGUiOnt9fX0=&#8221; mobile_reset_margin=&#8221;no&#8221; tablet_reset_margin=&#8221;no&#8221; wd_z_index=&#8221;no&#8221;]<div id=\"wd-678f9d828f394\" class=\" wd-rs-678f9d828f394  wd-button-wrapper text-center\"><a href=\"https:\/\/petfest.ee\/wp-content\/uploads\/2025\/01\/cat_catfest_2025.pdf\" title=\"\" target=\"_blank\" class=\"btn btn-scheme-light btn-scheme-hover-light btn-style-default btn-style-semi-round btn-size-extra-large ss_but_icon btn-icon-pos-left\">CatFest katalogas<span class=\"wd-btn-icon\"><span class=\"wd-icon fas fa-file-pdf\"><\/span><\/span><\/a><\/div>[vc_column_text woodmart_inline=&#8221;no&#8221; text_larger=&#8221;no&#8221;]<\/p>\n<p style=\"text-align: center;\">Atsisi\u0173skite bro\u0161i\u016br\u0105<\/p>\n<p>[\/vc_column_text][\/vc_column][vc_column width=&#8221;1\/3&#8243;]<div id=\"wd-678f9daf828dd\" class=\" wd-rs-678f9daf828dd  wd-button-wrapper text-center\"><a href=\"https:\/\/petfest.ee\/wp-content\/uploads\/2025\/01\/cat_petfest_2025-.pdf\" title=\"\" target=\"_blank\" class=\"btn btn-scheme-light btn-scheme-hover-light btn-style-default btn-style-semi-round btn-size-extra-large ss_but_icon btn-icon-pos-left\">PetFest katalogas<span class=\"wd-btn-icon\"><span class=\"wd-icon fas fa-file-pdf\"><\/span><\/span><\/a><\/div>[vc_column_text woodmart_inline=&#8221;no&#8221; text_larger=&#8221;no&#8221;]<\/p>\n<p style=\"text-align: center;\">Atsisi\u0173skite bro\u0161i\u016br\u0105<\/p>\n<p>[\/vc_column_text][\/vc_column][vc_column width=&#8221;1\/3&#8243;]<div id=\"wd-678f9db72bf88\" class=\" wd-rs-678f9db72bf88  wd-button-wrapper text-center\"><a href=\"https:\/\/petfest.ee\/wp-content\/uploads\/2025\/01\/cat_catfest_new_2025.pdf\" title=\"\" target=\"_blank\" class=\"btn btn-scheme-light btn-scheme-hover-light btn-style-default btn-style-semi-round btn-size-extra-large ss_but_icon btn-icon-pos-left\">CatFest nauji produktai<span class=\"wd-btn-icon\"><span class=\"wd-icon fas fa-file-pdf\"><\/span><\/span><\/a><\/div>[vc_column_text woodmart_inline=&#8221;no&#8221; text_larger=&#8221;no&#8221;]<\/p>\n<p style=\"text-align: center;\">Atsisi\u0173skite bro\u0161i\u016br\u0105<\/p>\n<p>[\/vc_column_text][\/vc_column][\/vc_row]<\/p>\n<\/section>","protected":false},"excerpt":{"rendered":"<p>[vc_row full_width=&#8221;stretch_row&#8221; css=&#8221;.vc_custom_1614878566995{background-image: url(https:\/\/petfest.ee\/wp-content\/uploads\/2021\/03\/about.jpg?id=7253) !important;}&#8221; mobile_bg_img_hidden=&#8221;no&#8221; tablet_bg_img_hidden=&#8221;no&#8221; woodmart_parallax=&#8221;0&#8243; woodmart_gradient_switch=&#8221;no&#8221; row_reverse_mobile=&#8221;0&#8243; row_reverse_tablet=&#8221;0&#8243; woodmart_disable_overflow=&#8221;0&#8243;][vc_column][vc_empty_space woodmart_hide_large=&#8221;0&#8243; woodmart_hide_medium=&#8221;0&#8243; woodmart_hide_small=&#8221;0&#8243; woodmart_hide_extra_small=&#8221;0&#8243;][vc_empty_space woodmart_hide_large=&#8221;0&#8243; woodmart_hide_medium=&#8221;0&#8243; woodmart_hide_small=&#8221;0&#8243; woodmart_hide_extra_small=&#8221;0&#8243;][vc_empty_space<\/p>\n","protected":false},"author":1,"featured_media":0,"parent":0,"menu_order":0,"comment_status":"closed","ping_status":"closed","template":"","meta":{"inline_featured_image":false,"footnotes":""},"_links":{"self":[{"href":"https:\/\/petfest.ee\/lt\/wp-json\/wp\/v2\/pages\/7218"}],"collection":[{"href":"https:\/\/petfest.ee\/lt\/wp-json\/wp\/v2\/pages"}],"about":[{"href":"https:\/\/petfest.ee\/lt\/wp-json\/wp\/v2\/types\/page"}],"author":[{"embeddable":true,"href":"https:\/\/petfest.ee\/lt\/wp-json\/wp\/v2\/users\/1"}],"replies":[{"embeddable":true,"href":"https:\/\/petfest.ee\/lt\/wp-json\/wp\/v2\/comments?post=7218"}],"version-history":[{"count":4,"href":"https:\/\/petfest.ee\/lt\/wp-json\/wp\/v2\/pages\/7218\/revisions"}],"predecessor-version":[{"id":2362840,"href":"https:\/\/petfest.ee\/lt\/wp-json\/wp\/v2\/pages\/7218\/revisions\/2362840"}],"wp:attachment":[{"href":"https:\/\/petfest.ee\/lt\/wp-json\/wp\/v2\/media?parent=7218"}],"curies":[{"name":"wp","href":"https:\/\/api.w.org\/{rel}","templated":true}]}}