{"id":2361652,"date":"2021-05-06T00:18:17","date_gmt":"2021-05-05T22:18:17","guid":{"rendered":"https:\/\/petfest.ee\/et\/?page_id=2361652"},"modified":"2023-07-19T12:28:14","modified_gmt":"2023-07-19T10:28:14","slug":"tellimuse-tagastamine","status":"publish","type":"page","link":"https:\/\/petfest.ee\/lt\/prekiu-grazinimas\/","title":{"rendered":"Preki\u0173 gr\u0105\u017einimas"},"content":{"rendered":"<section class=\"wpb-content-wrapper\"><p>[vc_row][vc_column][vc_column_text woodmart_inline=&#8221;no&#8221; text_larger=&#8221;no&#8221;]1.1. Klientas turi teis\u0119 per <strong>14 dien\u0173 nutraukti<\/strong> sandor\u012f ir pakeisti arba gr\u0105\u017einti u\u017esakytas prekes. Nurodytas 14 dien\u0173 laikotarpis pradedamas skai\u010diuoti nuo preki\u0173 perdavimo klientui dienos. Klientas turi teis\u0119 per 14 dien\u0173 nutraukti sandor\u012f ir pakeisti arba gr\u0105\u017einti u\u017esakytas prekes. Nurodytas <strong>14 dien\u0173<\/strong> laikotarpis pradedamas skai\u010diuoti nuo preki\u0173 perdavimo klientui dienos.<\/p>\n<p>1.2. Klientas, nor\u0117damas gr\u0105\u017einti arba pakeisti prek\u0119, per <strong>14 dien\u0173<\/strong> nuo prek\u0117s gavimo dienos turi pateikti pardav\u0117jui gr\u0105\u017einimo form\u0105.<\/p>\n<p>1.3. Klientas privalo gr\u0105\u017einti prek\u0119 per <strong>14 dien\u0173<\/strong> nuo pra\u0161ymo pateikimo arba turi pateikti \u012frodym\u0105, kad per min\u0117t\u0105 laikotarp\u012f perdav\u0117 prekes logistikos \u012fmonei. Pardav\u0117jas turi teis\u0119 negr\u0105\u017einti pinig\u0173 tol, kol vartotojas negr\u0105\u017eina prek\u0117s arba nepateikia \u012frodym\u0173 apie i\u0161si\u0173st\u0105 prek\u0119.<\/p>\n<p>1.4. Kei\u010diama ar gr\u0105\u017einama prek\u0117 negali b\u016bti pa\u017eeista, ji turi b\u016bti supakuota originalioje pakuot\u0117je ir su visomis etiket\u0117mis.<\/p>\n<p>1.5. Gautas u\u017esakymas yra negr\u0105\u017einamas, jei u\u017esakytos prek\u0117s yra pagamintos pagal asmeninius kliento poreikius arba pagal kliento pageidautas s\u0105lygas.<\/p>\n<p>1.6. Jei gr\u0105\u017einama prek\u0117 yra sugadinta d\u0117l to, kad klientas j\u0105 naudojo kitais tikslais arba band\u0117 modifikuoti gamin\u012f, arba neatsargiai sulankst\u0117 ar i\u0161ard\u0117 dalis, ir d\u0117l to prek\u0117 buvo apgadinta, tokiu atveju, pet<strong>fest.ee<\/strong> (\u201ePetFest Europe O\u00dc\u201c) pasilieka teis\u0119 negr\u0105\u017einti klientui visos vert\u0117s pinig\u0173 sum\u0105 u\u017e prekes ir nedengti transportavimo i\u0161laid\u0173. Jei klientas nesutinka su jam si\u016bloma gr\u0105\u017einama suma u\u017e prekes, jis turi teis\u0119 kreiptis d\u0117l nepriklausomos ekspertiz\u0117s, kad b\u016bt\u0173 i\u0161siai\u0161kinta, kas kaltas d\u0117l preki\u0173 sugadinimo.<\/p>\n<p>1.7. Preki\u0173 gr\u0105\u017einimo i\u0161laidas padengia klientas, <strong>petfest.ee<\/strong> (\u201ePetFest Europe O\u00dc\u201c) apmoka preki\u0173 gr\u0105\u017einimo i\u0161laidas tuo atveju, jei prek\u0117s buvo sugadintos ir to nebuvo galima pasteb\u0117ti i\u0161 karto, arba jei nebuvo sugadinta atidarant pakuot\u0119 arba jei prek\u0117s neatitinka kliento u\u017esakymo (t.y. netinkamos prek\u0117s). Taip pat, jei produkto nebuvo galima pakeisti nauju.<\/p>\n<p>1.8. Pardav\u0117jas gr\u0105\u017eina pinigus klientui per 14 dien\u0173 po to, kai gauna kliento gr\u0105\u017einimo form\u0105 internetin\u0117je parduotuv\u0117je. Pinig\u0173 gr\u0105\u017einimas atliekamas \u012f t\u0105 pa\u010di\u0105 s\u0105skait\u0105, i\u0161 kurios klientas atliko mok\u0117jim\u0105.[\/vc_column_text][\/vc_column][\/vc_row]<\/p>\n<\/section>","protected":false},"excerpt":{"rendered":"<p>[vc_row][vc_column][vc_column_text woodmart_inline=&#8221;no&#8221; text_larger=&#8221;no&#8221;]1.1. Klientas turi teis\u0119 per 14 dien\u0173 nutraukti sandor\u012f ir pakeisti arba gr\u0105\u017einti u\u017esakytas prekes. Nurodytas 14 dien\u0173<\/p>\n","protected":false},"author":2,"featured_media":0,"parent":0,"menu_order":0,"comment_status":"closed","ping_status":"closed","template":"","meta":{"inline_featured_image":false,"footnotes":""},"_links":{"self":[{"href":"https:\/\/petfest.ee\/lt\/wp-json\/wp\/v2\/pages\/2361652"}],"collection":[{"href":"https:\/\/petfest.ee\/lt\/wp-json\/wp\/v2\/pages"}],"about":[{"href":"https:\/\/petfest.ee\/lt\/wp-json\/wp\/v2\/types\/page"}],"author":[{"embeddable":true,"href":"https:\/\/petfest.ee\/lt\/wp-json\/wp\/v2\/users\/2"}],"replies":[{"embeddable":true,"href":"https:\/\/petfest.ee\/lt\/wp-json\/wp\/v2\/comments?post=2361652"}],"version-history":[{"count":1,"href":"https:\/\/petfest.ee\/lt\/wp-json\/wp\/v2\/pages\/2361652\/revisions"}],"predecessor-version":[{"id":2362415,"href":"https:\/\/petfest.ee\/lt\/wp-json\/wp\/v2\/pages\/2361652\/revisions\/2362415"}],"wp:attachment":[{"href":"https:\/\/petfest.ee\/lt\/wp-json\/wp\/v2\/media?parent=2361652"}],"curies":[{"name":"wp","href":"https:\/\/api.w.org\/{rel}","templated":true}]}}