{"id":7440,"date":"2026-04-24T06:43:26","date_gmt":"2026-04-24T06:43:26","guid":{"rendered":""},"modified":"2026-04-24T06:43:26","modified_gmt":"2026-04-24T06:43:26","slug":"dogfest-kuulikukorvad-kanalihaga-koikidele-koertele-kaasaarvatud-kutsikatele-90g","status":"publish","type":"product","link":"https:\/\/petfest.ee\/et\/p\/dogfest-kuulikukorvad-kanalihaga-koikidele-koertele-kaasaarvatud-kutsikatele-90g\/","title":{"rendered":"DogFest k\u00fc\u00fclikuk\u00f5rvad kanalihaga k\u00f5ikidele koertele kaasaarvatud kutsikatele 90g"},"content":{"rendered":"<p>N\u00e4rimiseks m\u00f5eldud k\u00fc\u00fclikuk\u00f5rvad ja \u00f5rn kanaliha moodustavad ainulaadse kutsikamaiuse. See lubab teie koeral nautida otse tootjalt hangitud kanaliha suurep\u00e4rast maitset ja veeta \u00f5rnade k\u00f5rvade n\u00e4rimisega m\u00f5nusalt aega.<br \/>\n<B>Koostis:<\/B> k\u00fc\u00fclikuk\u00f5rvad 41,7%, kanaliha 44,3%, taimsed k\u00f5rvalsaadused, mineraalained.<br \/>\n<B>Anal\u00fc\u00fctiline koostis<\/B>: toorvalk 35%, toorrasv 3%, toorkiud 0,2%, toortuhk 4,5%, niiskus 18%.<br \/>\n<B>Kasutamine<\/B>: Serveerige p\u00e4eva jooksul maiuspalana.Max. p\u00e4evane kogus: 1-2 tk. Kogust saab reguleerida vastavalt koera vajadustele ja seisundile. V\u00e4rske joogivesi peab olema alati saadaval. \u00c4ra j\u00e4ta koera j\u00e4relvalveta n\u00e4rimise ajal v\u00f5i \u00fcksi maiusepakendiga. Pakendis sisalduv hapniku absorbent ei ole s\u00f6\u00f6dav.  S\u00e4ilitada kuivas ja jahedas, p\u00e4rast avamist hoida k\u00fclmikus..<\/p>","protected":false},"excerpt":{"rendered":"<p>79711830 6921499711830<\/p>\n","protected":false},"featured_media":2361955,"comment_status":"closed","ping_status":"closed","template":"","meta":{"inline_featured_image":false},"product_cat":[189,190,192,191],"product_tag":[],"_links":{"self":[{"href":"https:\/\/petfest.ee\/et\/wp-json\/wp\/v2\/product\/7440"}],"collection":[{"href":"https:\/\/petfest.ee\/et\/wp-json\/wp\/v2\/product"}],"about":[{"href":"https:\/\/petfest.ee\/et\/wp-json\/wp\/v2\/types\/product"}],"replies":[{"embeddable":true,"href":"https:\/\/petfest.ee\/et\/wp-json\/wp\/v2\/comments?post=7440"}],"wp:featuredmedia":[{"embeddable":true,"href":"https:\/\/petfest.ee\/et\/wp-json\/wp\/v2\/media\/2361955"}],"wp:attachment":[{"href":"https:\/\/petfest.ee\/et\/wp-json\/wp\/v2\/media?parent=7440"}],"wp:term":[{"taxonomy":"product_cat","embeddable":true,"href":"https:\/\/petfest.ee\/et\/wp-json\/wp\/v2\/product_cat?post=7440"},{"taxonomy":"product_tag","embeddable":true,"href":"https:\/\/petfest.ee\/et\/wp-json\/wp\/v2\/product_tag?post=7440"}],"curies":[{"name":"wp","href":"https:\/\/api.w.org\/{rel}","templated":true}]}}