{"id":7436,"date":"2026-04-24T06:43:26","date_gmt":"2026-04-24T06:43:26","guid":{"rendered":""},"modified":"2026-04-24T06:43:26","modified_gmt":"2026-04-24T06:43:26","slug":"dogfest-pardiliha-loigud-vaikest-tougu-koertele-55g","status":"publish","type":"product","link":"https:\/\/petfest.ee\/et\/p\/dogfest-pardiliha-loigud-vaikest-tougu-koertele-55g\/","title":{"rendered":"DogFest pardiliha l\u00f5igud  v\u00e4ikest t\u00f5ugu koertele 55g"},"content":{"rendered":"<p>Kasutame nende pardifilee l\u00f5ikude valmistamiseks pardi parimaid osi, et teie koer v\u00f5iks nautida p\u00e4ris pardiliha ehtsat maitset. Hea k\u00e4itumine v\u00e4\u00e4rib preemiat! \u00c4rge seda unustage.<br \/>\n<B>Koostis:<\/B> pardiliha 90,2%, taimsed k\u00f5rvalsaadused, mineraalained.<br \/>\n<B>Anal\u00fc\u00fctiline koostis<\/B>: toorvalk 41%, toorrasv 3,5%, toorkiud 0,2%, toortuhk 4%, niiskus 23%.<br \/>\n<B>Kasutamine<\/B>: Serveerige p\u00e4eva jooksul maiuspalana. Max. p\u00e4evane kogus: 1-2 tk. Kogust saab reguleerida vastavalt koera vajadustele ja seisundile. V\u00e4rske joogivesi peab olema alati saadaval. \u00c4ra j\u00e4ta koera j\u00e4relvalveta n\u00e4rimise ajal v\u00f5i \u00fcksi maiusepakendiga. Pakendis sisalduv hapniku absorbent ei ole s\u00f6\u00f6dav.  S\u00e4ilitada kuivas ja jahedas, p\u00e4rast avamist hoida k\u00fclmikus..<\/p>","protected":false},"excerpt":{"rendered":"<p>79711533 6921499711533<\/p>\n","protected":false},"featured_media":2361969,"comment_status":"closed","ping_status":"closed","template":"","meta":{"inline_featured_image":false},"product_cat":[189,191],"product_tag":[],"_links":{"self":[{"href":"https:\/\/petfest.ee\/et\/wp-json\/wp\/v2\/product\/7436"}],"collection":[{"href":"https:\/\/petfest.ee\/et\/wp-json\/wp\/v2\/product"}],"about":[{"href":"https:\/\/petfest.ee\/et\/wp-json\/wp\/v2\/types\/product"}],"replies":[{"embeddable":true,"href":"https:\/\/petfest.ee\/et\/wp-json\/wp\/v2\/comments?post=7436"}],"wp:featuredmedia":[{"embeddable":true,"href":"https:\/\/petfest.ee\/et\/wp-json\/wp\/v2\/media\/2361969"}],"wp:attachment":[{"href":"https:\/\/petfest.ee\/et\/wp-json\/wp\/v2\/media?parent=7436"}],"wp:term":[{"taxonomy":"product_cat","embeddable":true,"href":"https:\/\/petfest.ee\/et\/wp-json\/wp\/v2\/product_cat?post=7436"},{"taxonomy":"product_tag","embeddable":true,"href":"https:\/\/petfest.ee\/et\/wp-json\/wp\/v2\/product_tag?post=7436"}],"curies":[{"name":"wp","href":"https:\/\/api.w.org\/{rel}","templated":true}]}}