{"id":7432,"date":"2026-04-24T06:43:26","date_gmt":"2026-04-24T06:43:26","guid":{"rendered":""},"modified":"2026-04-24T06:43:26","modified_gmt":"2026-04-24T06:43:26","slug":"dogfest-kanafilee-ribad-vaikest-tougu-koertele-55g","status":"publish","type":"product","link":"https:\/\/petfest.ee\/et\/p\/dogfest-kanafilee-ribad-vaikest-tougu-koertele-55g\/","title":{"rendered":"DogFest kanafilee ribad v\u00e4ikest t\u00f5ugu koertele 55g"},"content":{"rendered":"<p>Lihtne maius. Puhtast kanalfileest ribasid on aeglaselt ahjus k\u00fcpsetatud \u2013 k\u00f5igi aegade parim maius! Seda on lihtne v\u00e4iksemateks t\u00fckkideks murda ja treenimisel preemiaks anda.<br \/>\n<B>Koostis:<\/B> kanaliha 84,9%, taimsed k\u00f5rvalsaadused, mineraalained.<br \/>\n<B>Anal\u00fc\u00fctiline koostis<\/B>: toorvalk 50%, toorrasv 2%, toorkiud 0,2%, toortuhk 4%, niiskus 18%.<br \/>\n<B>Kasutamine<\/B>: Serveerige p\u00e4eva jooksul maiuspalana. Max. p\u00e4evane kogus: 1-2 tk. Kogust saab reguleerida vastavalt koera vajadustele ja seisundile. V\u00e4rske joogivesi peab olema alati saadaval. \u00c4ra j\u00e4ta koera j\u00e4relvalveta n\u00e4rimise ajal v\u00f5i \u00fcksi maiusepakendiga. Pakendis sisalduv hapniku absorbent ei ole s\u00f6\u00f6dav.  S\u00e4ilitada kuivas ja jahedas, p\u00e4rast avamist hoida k\u00fclmikus..<\/p>","protected":false},"excerpt":{"rendered":"<p>79711502 6921499711502<\/p>\n","protected":false},"featured_media":2361977,"comment_status":"closed","ping_status":"closed","template":"","meta":{"inline_featured_image":false},"product_cat":[189,191],"product_tag":[],"_links":{"self":[{"href":"https:\/\/petfest.ee\/et\/wp-json\/wp\/v2\/product\/7432"}],"collection":[{"href":"https:\/\/petfest.ee\/et\/wp-json\/wp\/v2\/product"}],"about":[{"href":"https:\/\/petfest.ee\/et\/wp-json\/wp\/v2\/types\/product"}],"replies":[{"embeddable":true,"href":"https:\/\/petfest.ee\/et\/wp-json\/wp\/v2\/comments?post=7432"}],"wp:featuredmedia":[{"embeddable":true,"href":"https:\/\/petfest.ee\/et\/wp-json\/wp\/v2\/media\/2361977"}],"wp:attachment":[{"href":"https:\/\/petfest.ee\/et\/wp-json\/wp\/v2\/media?parent=7432"}],"wp:term":[{"taxonomy":"product_cat","embeddable":true,"href":"https:\/\/petfest.ee\/et\/wp-json\/wp\/v2\/product_cat?post=7432"},{"taxonomy":"product_tag","embeddable":true,"href":"https:\/\/petfest.ee\/et\/wp-json\/wp\/v2\/product_tag?post=7432"}],"curies":[{"name":"wp","href":"https:\/\/api.w.org\/{rel}","templated":true}]}}