{"id":7425,"date":"2026-04-24T06:43:27","date_gmt":"2026-04-24T06:43:27","guid":{"rendered":""},"modified":"2026-04-24T06:43:27","modified_gmt":"2026-04-24T06:43:27","slug":"dogfest-kanaliha-ribad-narimiskondil-taiskasvanud-koertele-90g","status":"publish","type":"product","link":"https:\/\/petfest.ee\/et\/p\/dogfest-kanaliha-ribad-narimiskondil-taiskasvanud-koertele-90g\/","title":{"rendered":"DogFest kanaliha ribad n\u00e4rimiskondil t\u00e4iskasvanud koertele 90g"},"content":{"rendered":"<p>Lihtne klassika. Kauakestev n\u00e4rimiseks m\u00f5eldud toornahast pulk on kaetud kana rinnafilee ribadega. Seda on k\u00fcpsetatud ahjus, mis muudab selle koerte \u00fcheks suureks lemmikuks.<br \/>\n<B>Koostis:<\/B> kanaliha 60%, veise toornahk 33%, taimsed k\u00f5rvalsaadused, mineraalained.<br \/>\n<B>Anal\u00fc\u00fctiline koostis<\/B>: toorvalk 65%, toorrasv 3,5%, toorkiud 0,2%, toortuhk 3,5%, niiskus 18%.<br \/>\n<B>Kasutamine<\/B>: Serveerige p\u00e4eva jooksul maiuspalana. Max. p\u00e4evane kogus: 1-2 tk. Kogust saab reguleerida vastavalt koera vajadustele ja seisundile. V\u00e4rske joogivesi peab olema alati saadaval. \u00c4ra j\u00e4ta koera j\u00e4relvalveta n\u00e4rimise ajal v\u00f5i \u00fcksi maiusepakendiga. Pakendis sisalduv hapniku absorbent ei ole s\u00f6\u00f6dav.  S\u00e4ilitada kuivas ja jahedas, p\u00e4rast avamist hoida k\u00fclmikus.<\/p>","protected":false},"excerpt":{"rendered":"<p>79711199 6921499711199<\/p>\n","protected":false},"featured_media":2362001,"comment_status":"closed","ping_status":"closed","template":"","meta":{"inline_featured_image":false},"product_cat":[189,192],"product_tag":[],"_links":{"self":[{"href":"https:\/\/petfest.ee\/et\/wp-json\/wp\/v2\/product\/7425"}],"collection":[{"href":"https:\/\/petfest.ee\/et\/wp-json\/wp\/v2\/product"}],"about":[{"href":"https:\/\/petfest.ee\/et\/wp-json\/wp\/v2\/types\/product"}],"replies":[{"embeddable":true,"href":"https:\/\/petfest.ee\/et\/wp-json\/wp\/v2\/comments?post=7425"}],"wp:featuredmedia":[{"embeddable":true,"href":"https:\/\/petfest.ee\/et\/wp-json\/wp\/v2\/media\/2362001"}],"wp:attachment":[{"href":"https:\/\/petfest.ee\/et\/wp-json\/wp\/v2\/media?parent=7425"}],"wp:term":[{"taxonomy":"product_cat","embeddable":true,"href":"https:\/\/petfest.ee\/et\/wp-json\/wp\/v2\/product_cat?post=7425"},{"taxonomy":"product_tag","embeddable":true,"href":"https:\/\/petfest.ee\/et\/wp-json\/wp\/v2\/product_tag?post=7425"}],"curies":[{"name":"wp","href":"https:\/\/api.w.org\/{rel}","templated":true}]}}