{"id":2364469,"date":"2026-04-24T06:43:27","date_gmt":"2026-04-24T06:43:27","guid":{"rendered":""},"modified":"2026-04-24T06:43:27","modified_gmt":"2026-04-24T06:43:27","slug":"catfest-einekotike-tursafilee-makrelliga-ornas-tarretises-12x70g","status":"publish","type":"product","link":"https:\/\/petfest.ee\/et\/p\/catfest-einekotike-tursafilee-makrelliga-ornas-tarretises-12x70g\/","title":{"rendered":"CatFest einekotike tursafilee makrelliga \u00f5rnas tarretises,12x70g"},"content":{"rendered":"<p>Cat Fest konservid kassidele on t\u00f5eline kulinaarne nauding sinu kassile. Avasta ehtsa maitse maailm. Hoolikalt valitud tursk on harmooniliselt kombineeritud mahlase makrelliga, luues ainulaadse koosluse, mis r\u00f5\u00f5mustab ka k\u00f5ige n\u00f5udlikumaid kasse. Aurutatud kalat\u00fckid s\u00e4ilitavad toitained ja rikkaliku maitse, muutes toidu nii isu\u00e4ratavaks kui ka toitvaks. Kerge \u00f5huline \u017eelee rikastab tekstuuri ja annab lisaniiskust. Sobib t\u00e4iendavaks looduslikuks toiduks<\/p>\n<p><B>Koostis:<\/B> tursk 64%, kalapuljong 28%, makrell 6%, prebiootikum FOS, an\u0161oovise\u00f5li, mineraalid, vitamiin E 0,1%, tauriin 0,1%<\/p>\n<p>Anal\u00fc\u00fctilised n\u00e4itajad: valk \u2265 9,5%, rasv \u2265 0,8%, tuhk \u2264 1,5%, kiud \u2264 1%, niiskus \u2264 89%<\/p>\n<p><B>Eelised:<\/B> Vaikse ookeani tursk ja makrell on kvaliteetse valgu ja kalaallika allikad. Makrell sisaldab mineraale nagu riboflaviin, niatsiin, kaltsium ja raud, mis on olulised kassi tervisele. Ei sisalda v\u00e4rvaineid, s\u00e4ilitusaineid ega maitsetugevdajaid. Ei sisalda teravilja, maisi, soja, gluteeni, k\u00f5rvalsaadusi ega GMO-sid. Tauriin toetab s\u00fcdame, n\u00e4gemise, kuulmise ja immuuns\u00fcsteemi t\u00f6\u00f6d. An\u0161oovisest p\u00e4rit oomega-3 rasvhapped aitavad kaasa terve ja l\u00e4ikiva karvkatte kasvule ning tugevdavad liigeseid ja hambaid. Sigur aitab v\u00e4hendada ebameeldivat l\u00f5hna<\/p>\n<p><B>Kasutamine<\/B>: sobib t\u00e4iendavaks looduslikuks toiduks k\u00f5ikidele t\u00e4iskasvanud kassidele, sh steriliseeritud ja kastreeritud kassidele ning allergiate v\u00f5i seedimisprobleemidega kassidele. Serveerida toatemperatuuril. Hoida jahedas ja kuivas kohas. Soovitatav kuni 3 pakki p\u00e4evas. Kassil peab alati olema juurdep\u00e4\u00e4s v\u00e4rskele joogiveele<\/p>","protected":false},"excerpt":{"rendered":"<p>79219890 6921959219890<\/p>\n","protected":false},"featured_media":2364498,"comment_status":"closed","ping_status":"closed","template":"","meta":{"inline_featured_image":false},"product_cat":[238,236],"product_tag":[],"_links":{"self":[{"href":"https:\/\/petfest.ee\/et\/wp-json\/wp\/v2\/product\/2364469"}],"collection":[{"href":"https:\/\/petfest.ee\/et\/wp-json\/wp\/v2\/product"}],"about":[{"href":"https:\/\/petfest.ee\/et\/wp-json\/wp\/v2\/types\/product"}],"replies":[{"embeddable":true,"href":"https:\/\/petfest.ee\/et\/wp-json\/wp\/v2\/comments?post=2364469"}],"wp:featuredmedia":[{"embeddable":true,"href":"https:\/\/petfest.ee\/et\/wp-json\/wp\/v2\/media\/2364498"}],"wp:attachment":[{"href":"https:\/\/petfest.ee\/et\/wp-json\/wp\/v2\/media?parent=2364469"}],"wp:term":[{"taxonomy":"product_cat","embeddable":true,"href":"https:\/\/petfest.ee\/et\/wp-json\/wp\/v2\/product_cat?post=2364469"},{"taxonomy":"product_tag","embeddable":true,"href":"https:\/\/petfest.ee\/et\/wp-json\/wp\/v2\/product_tag?post=2364469"}],"curies":[{"name":"wp","href":"https:\/\/api.w.org\/{rel}","templated":true}]}}