{"id":2364466,"date":"2026-04-24T06:43:27","date_gmt":"2026-04-24T06:43:27","guid":{"rendered":""},"modified":"2026-04-24T06:43:27","modified_gmt":"2026-04-24T06:43:27","slug":"catfest-einekotike-tursafilee-ornas-tarretises-12x70g","status":"publish","type":"product","link":"https:\/\/petfest.ee\/et\/p\/catfest-einekotike-tursafilee-ornas-tarretises-12x70g\/","title":{"rendered":"CatFest einekotike tursafilee \u00f5rnas tarretises,12x70g"},"content":{"rendered":"<p>Cat Fest konservid kassidele on maitsev ja tervislik maius, mis pakub teie lemmikule t\u00f5elist naudingut. \u00d5rn tursafilee on kergesti seeditav ning toetab kassi seedes\u00fcsteemi tervist. Aurutatud t\u00fckid s\u00e4ilitavad maksimaalselt v\u00e4\u00e4rtuslikke toitaineid, sealhulgas olulisi Omega-3 rasvhappeid, mis aitavad hoida naha tervena ja annavad karvale kauni l\u00e4ike. Kerge ja \u00f5huline \u017eelee annab toidule erilise tekstuuri ning lisab vajalikku niiskust. Sobib t\u00e4iendavaks naturaalseks s\u00f6\u00f6daks.<\/p>\n<p><B>Koostis:<\/B> tursk 70%, kalapuljong 28%, prebiootikum FOS, an\u0161oovise\u00f5li, E-vitamiin 0,1%, tauriin 0,1%<br \/>\n<B>Anal\u00fc\u00fctilised koostisosad<\/B>: valk \u2265 9,5%, rasv \u2265 0,8%, tuhk \u2264 1,5%, kiud \u2264 1%, niiskus \u2264 89%<\/p>\n<p><B>Eelised:<\/B> tursk on k\u00f5rgekvaliteedilise valgu allikas. Ei sisalda v\u00e4rvaineid, s\u00e4ilitusaineid ega maitsetugevdajaid. Ei sisalda teravilju, maisi, soja, gluteeni, k\u00f5rvalsaadusi ega GMO-d. Tauriin toetab s\u00fcdame, n\u00e4gemise, kuulmise ja immuuns\u00fcsteemi tervist. Omega-3 ja Omega-6 rasvhapped an\u0161oovistest aitavad kaasa kauni ja terve karva kasvule ning tugevdavad liigeseid ja hambaid. Sigur aitab v\u00e4hendada kassiliivakasti ebameeldivat l\u00f5hna.<\/p>\n<p><B>Kasutamine<\/B>: sobib t\u00e4iendavaks naturaalseks s\u00f6\u00f6daks k\u00f5ikidele t\u00e4iskasvanud kassidele, sealhulgas steriliseeritud ja kastreeritud kassidele ning allergiate ja seedimisprobleemidega kassidele. Serveerida toatemperatuuril. Hoida jahedas ja kuivas kohas. Anda kuni 3 pakki p\u00e4evas. Kassil peab alati olema saadaval v\u00e4rske joogivesi.<\/p>","protected":false},"excerpt":{"rendered":"<p>79219845 6921959219845<\/p>\n","protected":false},"featured_media":2364484,"comment_status":"closed","ping_status":"closed","template":"","meta":{"inline_featured_image":false},"product_cat":[238,236],"product_tag":[],"_links":{"self":[{"href":"https:\/\/petfest.ee\/et\/wp-json\/wp\/v2\/product\/2364466"}],"collection":[{"href":"https:\/\/petfest.ee\/et\/wp-json\/wp\/v2\/product"}],"about":[{"href":"https:\/\/petfest.ee\/et\/wp-json\/wp\/v2\/types\/product"}],"replies":[{"embeddable":true,"href":"https:\/\/petfest.ee\/et\/wp-json\/wp\/v2\/comments?post=2364466"}],"wp:featuredmedia":[{"embeddable":true,"href":"https:\/\/petfest.ee\/et\/wp-json\/wp\/v2\/media\/2364484"}],"wp:attachment":[{"href":"https:\/\/petfest.ee\/et\/wp-json\/wp\/v2\/media?parent=2364466"}],"wp:term":[{"taxonomy":"product_cat","embeddable":true,"href":"https:\/\/petfest.ee\/et\/wp-json\/wp\/v2\/product_cat?post=2364466"},{"taxonomy":"product_tag","embeddable":true,"href":"https:\/\/petfest.ee\/et\/wp-json\/wp\/v2\/product_tag?post=2364466"}],"curies":[{"name":"wp","href":"https:\/\/api.w.org\/{rel}","templated":true}]}}