{"id":2364465,"date":"2026-04-24T06:43:27","date_gmt":"2026-04-24T06:43:27","guid":{"rendered":""},"modified":"2026-04-24T06:43:27","modified_gmt":"2026-04-24T06:43:27","slug":"catfest-tursapasteet-kassipoegadele-12x70g","status":"publish","type":"product","link":"https:\/\/petfest.ee\/et\/p\/catfest-tursapasteet-kassipoegadele-12x70g\/","title":{"rendered":"CatFest tursapasteet kassipoegadele,12x70g"},"content":{"rendered":"<p>CatFest kassipoegadele m\u00f5eldud pehme tursa pasteet einekotikestes on valmistatud unikaalse retsepti alusel ning sellel on eriti \u00f5rn tekstuur. Maitsev lisatoit sisaldab E-vitamiini, oomega-3 rasvhappeid ja tauriini. Looduslikud koostisosad ja kasulikud lisandid toetavad kassipoja tervislikku kasvu, tugevdavad organismi ja annavad energiat<\/p>\n<p>\u00d5rn tekstuur ja naturaalne koostis sobivad ideaalselt kasvufaasis kassipoegadele, aidates kaasa nende arengule ja heaolule. Sobib igap\u00e4evaseks t\u00e4iendavaks s\u00f6\u00f6tmiseks<\/p>\n<p><B>Koostis:<\/B> tursk 70 %, kalapuljong 28,1 %, prebiootikum FOS, an\u0161oovise\u00f5li, mineraalid, E-vitamiin 0,1 %, tauriin 0,1 %<\/p>\n<p><B>Anal\u00fc\u00fctiline koostis<\/B>: valk v\u00e4hemalt 9,5 %, rasv v\u00e4hemalt 0,8 %, tuhk kuni 1,5 %, kiudained kuni 1 %, niiskus kuni 89 %<\/p>\n<p><B>Eelised:<\/B> tursk on k\u00f5rge kvaliteediga h\u00e4sti omastatav valguallikas suurep\u00e4rase maitsega. Oomega-3 rasvhapped toetavad naha ja karvkatte tervist, tauriin aitab kaasa s\u00fcdame ja n\u00e4gemise arengule, E-vitamiin tugevdab immuuns\u00fcsteemi. Prebiootikum FOS parandab seedimist ja toetab soolestiku mikrofloorat, mineraalid aitavad kaasa tugevate luude kujunemisele<\/p>\n<p><B>Kasutamine<\/B>: sobib k\u00f5ikidele kassipoegadele igap\u00e4evaseks lisatoiduks. Serveerida toatemperatuuril. Hoida jahedas ja kuivas kohas. Soovitatav kogus 2 kuni 3 pakikest p\u00e4evas s\u00f5ltuvalt kassipoja vanusest ja aktiivsusest. Tagada pidev ligip\u00e4\u00e4s v\u00e4rskele veele<\/p>","protected":false},"excerpt":{"rendered":"<p>79219869 6921959219859<\/p>\n","protected":false},"featured_media":2364470,"comment_status":"closed","ping_status":"closed","template":"","meta":{"inline_featured_image":false},"product_cat":[238,236],"product_tag":[],"_links":{"self":[{"href":"https:\/\/petfest.ee\/et\/wp-json\/wp\/v2\/product\/2364465"}],"collection":[{"href":"https:\/\/petfest.ee\/et\/wp-json\/wp\/v2\/product"}],"about":[{"href":"https:\/\/petfest.ee\/et\/wp-json\/wp\/v2\/types\/product"}],"replies":[{"embeddable":true,"href":"https:\/\/petfest.ee\/et\/wp-json\/wp\/v2\/comments?post=2364465"}],"wp:featuredmedia":[{"embeddable":true,"href":"https:\/\/petfest.ee\/et\/wp-json\/wp\/v2\/media\/2364470"}],"wp:attachment":[{"href":"https:\/\/petfest.ee\/et\/wp-json\/wp\/v2\/media?parent=2364465"}],"wp:term":[{"taxonomy":"product_cat","embeddable":true,"href":"https:\/\/petfest.ee\/et\/wp-json\/wp\/v2\/product_cat?post=2364465"},{"taxonomy":"product_tag","embeddable":true,"href":"https:\/\/petfest.ee\/et\/wp-json\/wp\/v2\/product_tag?post=2364465"}],"curies":[{"name":"wp","href":"https:\/\/api.w.org\/{rel}","templated":true}]}}