{"id":2364343,"date":"2026-04-24T06:43:27","date_gmt":"2026-04-24T06:43:27","guid":{"rendered":""},"modified":"2026-04-24T06:43:27","modified_gmt":"2026-04-24T06:43:27","slug":"catfest-vedel-maius-tuunikalaga-ja-kalamarjaga-4-10g","status":"publish","type":"product","link":"https:\/\/petfest.ee\/et\/p\/catfest-vedel-maius-tuunikalaga-ja-kalamarjaga-4-10g\/","title":{"rendered":"CatFest Vedel maius tuunikalaga ja kalamarjaga, 4 \u00d7 10g"},"content":{"rendered":"<p>\u00d5rn ookeani tuunikala fileest valmistatud kreem, millele on lisatud t\u00f5elist delikatessi \u2013 lendkala marja \u2013 r\u00f5\u00f5mustab teie kassi erksa ja rikkaliku maitsega. Selle koostises on ainult k\u00f5rgekvaliteedilised looduslikud koostisosad, mis tagavad teie lemmikule mitte ainult maitseelamuse, vaid ka vajalikud toitained. T\u00e4nu oma koostisele parandab kreem-maius karva, naha ja k\u00fc\u00fcnte kvaliteeti ning on t\u00e4iendav mikroelementide ja niiskuse allikas teie kassile. Mugav pakend v\u00f5imaldab teil veeta unustamatuid hetki, toites oma lemmikut otse k\u00e4est pakikesest.<\/p>\n<p><B>Koostis:<\/B> tuunikala 45,5%, lendkala mari 4%, taimsed k\u00f5rvalsaadused, kanarasv, p\u00e4rmiekstrakt, mineraalid.<\/p>\n<p><B>Toitaineliselt lisandid (mg\/kg)<\/B>: tauriin 500, E-vitamiin 500.<\/p>\n<p><B>Sisaldus 100 g tootes<\/B>: valk 12 g, rasv 2 g, tuhk 2 g, kiudained 1 g, niiskus 85 g;<\/p>\n<p><B>Energiav\u00e4\u00e4rtus 100 g kohta<\/B>: 55 kcal.<\/p>\n<p><B>S\u00f6\u00f6tmissoovitused<\/B>: Serveeritakse portsjonmaiustusena v\u00f5i lisandina p\u00f5hitoidule maitse parandamiseks. Veenduge, et kassil oleks alati v\u00e4rske vesi saadaval.<\/p>\n<p>Soovitatav p\u00e4evane kogus \u2013 kuni 4 pakikest.<\/p>","protected":false},"excerpt":{"rendered":"<p>79215694 6921959215694<\/p>\n","protected":false},"featured_media":2364361,"comment_status":"closed","ping_status":"closed","template":"","meta":{"inline_featured_image":false},"product_cat":[237,238,236],"product_tag":[],"_links":{"self":[{"href":"https:\/\/petfest.ee\/et\/wp-json\/wp\/v2\/product\/2364343"}],"collection":[{"href":"https:\/\/petfest.ee\/et\/wp-json\/wp\/v2\/product"}],"about":[{"href":"https:\/\/petfest.ee\/et\/wp-json\/wp\/v2\/types\/product"}],"replies":[{"embeddable":true,"href":"https:\/\/petfest.ee\/et\/wp-json\/wp\/v2\/comments?post=2364343"}],"wp:featuredmedia":[{"embeddable":true,"href":"https:\/\/petfest.ee\/et\/wp-json\/wp\/v2\/media\/2364361"}],"wp:attachment":[{"href":"https:\/\/petfest.ee\/et\/wp-json\/wp\/v2\/media?parent=2364343"}],"wp:term":[{"taxonomy":"product_cat","embeddable":true,"href":"https:\/\/petfest.ee\/et\/wp-json\/wp\/v2\/product_cat?post=2364343"},{"taxonomy":"product_tag","embeddable":true,"href":"https:\/\/petfest.ee\/et\/wp-json\/wp\/v2\/product_tag?post=2364343"}],"curies":[{"name":"wp","href":"https:\/\/api.w.org\/{rel}","templated":true}]}}