{"id":2364342,"date":"2026-04-24T06:43:27","date_gmt":"2026-04-24T06:43:27","guid":{"rendered":""},"modified":"2026-04-24T06:43:27","modified_gmt":"2026-04-24T06:43:27","slug":"catfest-vedel-maius-kalkunilihaga-ja-kalamarjaga-4-10g","status":"publish","type":"product","link":"https:\/\/petfest.ee\/et\/p\/catfest-vedel-maius-kalkunilihaga-ja-kalamarjaga-4-10g\/","title":{"rendered":"CatFest Vedel maius kalkunilihaga ja kalamarjaga, 4 \u00d7 10g"},"content":{"rendered":"<p>\u00d5rn kreem kalkunilihast koos t\u00f5elise delikatessi \u2013 lendkala marjaga \u2013 r\u00f5\u00f5mustab teie kassi erksa ja rikkaliku maitsega. See sisaldab ainult k\u00f5rgekvaliteedilisi looduslikke koostisosi, mis tagavad teie lemmikloomale mitte ainult maitsenaudingu, vaid ka vajalikud toitained. T\u00e4nu oma koostisele parandab see kreemmaiustus karva, naha ja k\u00fc\u00fcnte seisundit ning on t\u00e4iendav mikroelementide ja niiskuse allikas kassile. Mugav pakend v\u00f5imaldab teil veeta oma kassiga unustamatuid hetki, toites teda otse tuubist.<\/p>\n<p><B>Koostis:<\/B> kanaliha 40%, kalkuniliha 6%, lendkala mari 4%, taimsed k\u00f5rvalsaadused, kanarasv, p\u00e4rmi ekstrakt, mineraalid.<\/p>\n<p><B>Toitaineliselt lisandid (mg\/kg)<\/B>: tauriin 500, E-vitamiin 500.<\/p>\n<p><B>Sisaldus 100 g tootes<\/B>: valgud \u2014 12 g; rasvad \u2014 2 g; tuhk \u2014 2 g; kiudained \u2014 1 g; niiskus \u2014 85 g.<\/p>\n<p><B>Energiav\u00e4\u00e4rtus 100 g kohta<\/B>: 55 kcal.<\/p>\n<p><B>S\u00f6\u00f6tmissoovitused<\/B>: Serveeri portsjonilise maiusena v\u00f5i lisa p\u00f5his\u00f6\u00f6dale maitsvaks lisandiks, et muuta toit isu\u00e4ratavamaks.<\/p>\n<p>Hoia alati kassil v\u00e4rske vesi saadaval.<\/p>\n<p>Soovitatav p\u00e4evane kogus \u2014 kuni 4 pakikest.<\/p>","protected":false},"excerpt":{"rendered":"<p>79215724 6921959215724<\/p>\n","protected":false},"featured_media":2364359,"comment_status":"closed","ping_status":"closed","template":"","meta":{"inline_featured_image":false},"product_cat":[237,238,236],"product_tag":[],"_links":{"self":[{"href":"https:\/\/petfest.ee\/et\/wp-json\/wp\/v2\/product\/2364342"}],"collection":[{"href":"https:\/\/petfest.ee\/et\/wp-json\/wp\/v2\/product"}],"about":[{"href":"https:\/\/petfest.ee\/et\/wp-json\/wp\/v2\/types\/product"}],"replies":[{"embeddable":true,"href":"https:\/\/petfest.ee\/et\/wp-json\/wp\/v2\/comments?post=2364342"}],"wp:featuredmedia":[{"embeddable":true,"href":"https:\/\/petfest.ee\/et\/wp-json\/wp\/v2\/media\/2364359"}],"wp:attachment":[{"href":"https:\/\/petfest.ee\/et\/wp-json\/wp\/v2\/media?parent=2364342"}],"wp:term":[{"taxonomy":"product_cat","embeddable":true,"href":"https:\/\/petfest.ee\/et\/wp-json\/wp\/v2\/product_cat?post=2364342"},{"taxonomy":"product_tag","embeddable":true,"href":"https:\/\/petfest.ee\/et\/wp-json\/wp\/v2\/product_tag?post=2364342"}],"curies":[{"name":"wp","href":"https:\/\/api.w.org\/{rel}","templated":true}]}}