{"id":2363794,"date":"2026-04-24T06:43:27","date_gmt":"2026-04-24T06:43:27","guid":{"rendered":""},"modified":"2026-04-24T06:43:27","modified_gmt":"2026-04-24T06:43:27","slug":"catfest-tuunikala-tarretis-krevettidega-meal-nr2-12-x-50g","status":"publish","type":"product","link":"https:\/\/petfest.ee\/et\/p\/catfest-tuunikala-tarretis-krevettidega-meal-nr2-12-x-50g\/","title":{"rendered":"CatFest Tuunikala tarretis krevettidega Meal Nr2,12 x 50g"},"content":{"rendered":"<p>CatFesti sarja konservitud m\u00e4rgtoit kassidele on valmistatud pehmest Vaikse ookeani tuunikalast \u2013 t\u00f5eline gurmeeroog karvastele maiasmokkadele. Tuunikala tumedal lihal on \u00f5rn tekstuur ja tugevam aroom, mis annab toidule intensiivse merekalamaitse. Serveeritakse \u00f5rnas \u017eelees, mis mitte ainult ei paranda toidu tekstuuri, vaid soodustab ka toitainete paremat imendumist.<\/p>\n<p><B>Koostis:<\/B> Tuunikala 60%, krevetid 4%, p\u00e4rmiekstrakt, prebiootikum FOS, an\u0161oovis\u00f5li, mineraalained.<br \/>\nToiteained (mg\/kg): E-vitamiin \u2013 1 000, tauriin \u2013 1 000<br \/>\n<B>Anal\u00fc\u00fctilised koostisosad<\/B>: Toorvalk 10%, toorrasv 0.5%, toortuhk 1,5%, toorkiud 1%, niiskus 88%.<\/p>\n<p><B>Kasutamine<\/B>: Sobib t\u00e4iendava loodusliku toiduna k\u00f5igile t\u00e4iskasvanud kodukassidele, sealhulgas steriliseeritud ja kastreeritud kassidele ning kassidele, kellel on allergiaid v\u00f5i seedimisprobleeme. Serveeri toatemperatuuril. Hoida jahedas ja kuivas kohas. Tarbida kuni 3 pakikest p\u00e4evas. Veenduge, et kassil oleks alati juurdep\u00e4\u00e4s v\u00e4rskele veele.<\/p>","protected":false},"excerpt":{"rendered":"<p>79217940 6921959217940<\/p>\n","protected":false},"featured_media":2363976,"comment_status":"closed","ping_status":"closed","template":"","meta":{"inline_featured_image":false},"product_cat":[238,236],"product_tag":[],"_links":{"self":[{"href":"https:\/\/petfest.ee\/et\/wp-json\/wp\/v2\/product\/2363794"}],"collection":[{"href":"https:\/\/petfest.ee\/et\/wp-json\/wp\/v2\/product"}],"about":[{"href":"https:\/\/petfest.ee\/et\/wp-json\/wp\/v2\/types\/product"}],"replies":[{"embeddable":true,"href":"https:\/\/petfest.ee\/et\/wp-json\/wp\/v2\/comments?post=2363794"}],"wp:featuredmedia":[{"embeddable":true,"href":"https:\/\/petfest.ee\/et\/wp-json\/wp\/v2\/media\/2363976"}],"wp:attachment":[{"href":"https:\/\/petfest.ee\/et\/wp-json\/wp\/v2\/media?parent=2363794"}],"wp:term":[{"taxonomy":"product_cat","embeddable":true,"href":"https:\/\/petfest.ee\/et\/wp-json\/wp\/v2\/product_cat?post=2363794"},{"taxonomy":"product_tag","embeddable":true,"href":"https:\/\/petfest.ee\/et\/wp-json\/wp\/v2\/product_tag?post=2363794"}],"curies":[{"name":"wp","href":"https:\/\/api.w.org\/{rel}","templated":true}]}}