{"id":2363756,"date":"2026-04-24T06:43:27","date_gmt":"2026-04-24T06:43:27","guid":{"rendered":""},"modified":"2026-04-24T06:43:27","modified_gmt":"2026-04-24T06:43:27","slug":"catfest-dental-krobedad-padjakesed-veiselihaga-30g","status":"publish","type":"product","link":"https:\/\/petfest.ee\/et\/p\/catfest-dental-krobedad-padjakesed-veiselihaga-30g\/","title":{"rendered":"CatFest Dental kr\u00f5bedad padjakesed veiselihaga 30g"},"content":{"rendered":"<p>Kr\u00f5bedad padjakesed veiselihakreemiga eemaldavad poorse struktuuri abil t\u00f5husalt hambakatu, aitavad ennetada hambakivi teket ja v\u00e4rskendavad hinge\u00f5hku. \u00d5rn lihane t\u00e4idis muudab need kasside lemmikmaiuseks. N\u00fc\u00fcd on hammaste puhastamine mitte ainult lihtne, vaid ka maitsev!<br \/>\n<B>Koostis:<\/B> maisijahu, kartulijahu, riisijahu, munakollasejahu, kalajahu, veiselihajahu 5%, krevettide jahu, \u00f5lid ja rasvad, soja\u00f5li, granaat\u00f5unaseemnejahu, j\u00f5hvikajahu, spinat (klorof\u00fclli allikas).<br \/>\n<B>Anal\u00fc\u00fctilised koostisosad<\/B>: toorvalk 20 %, rasvad 15 %, toorkiud 2,5 %, toortuhk 4 %, niiskus 10 %<br \/>\n<B>Kasutamine<\/B>: Serveerige p\u00e4eva jooksul maiuspalana. Max. p\u00e4evane kogus: 1-2 tk. Kogust saab reguleerida vastavalt kassi vajadustele ja seisundile. V\u00e4rske joogivesi peab olema alati saadaval. \u00c4ra j\u00e4ta kassi j\u00e4relvalveta n\u00e4rimise ajal v\u00f5i \u00fcksi maiusepakendiga. Pakendis sisalduv hapniku absorbent ei ole s\u00f6\u00f6dav. S\u00e4ilitada kuivas ja jahedas, p\u00e4rast avamist hoida k\u00fclmikus.<\/p>","protected":false},"excerpt":{"rendered":"<p>79212716 6921959212716<\/p>\n","protected":false},"featured_media":2363972,"comment_status":"closed","ping_status":"closed","template":"","meta":{"inline_featured_image":false},"product_cat":[237,236],"product_tag":[],"_links":{"self":[{"href":"https:\/\/petfest.ee\/et\/wp-json\/wp\/v2\/product\/2363756"}],"collection":[{"href":"https:\/\/petfest.ee\/et\/wp-json\/wp\/v2\/product"}],"about":[{"href":"https:\/\/petfest.ee\/et\/wp-json\/wp\/v2\/types\/product"}],"replies":[{"embeddable":true,"href":"https:\/\/petfest.ee\/et\/wp-json\/wp\/v2\/comments?post=2363756"}],"wp:featuredmedia":[{"embeddable":true,"href":"https:\/\/petfest.ee\/et\/wp-json\/wp\/v2\/media\/2363972"}],"wp:attachment":[{"href":"https:\/\/petfest.ee\/et\/wp-json\/wp\/v2\/media?parent=2363756"}],"wp:term":[{"taxonomy":"product_cat","embeddable":true,"href":"https:\/\/petfest.ee\/et\/wp-json\/wp\/v2\/product_cat?post=2363756"},{"taxonomy":"product_tag","embeddable":true,"href":"https:\/\/petfest.ee\/et\/wp-json\/wp\/v2\/product_tag?post=2363756"}],"curies":[{"name":"wp","href":"https:\/\/api.w.org\/{rel}","templated":true}]}}