{"id":2363729,"date":"2026-04-24T06:43:27","date_gmt":"2026-04-24T06:43:27","guid":{"rendered":""},"modified":"2026-04-24T06:43:27","modified_gmt":"2026-04-24T06:43:27","slug":"dogfest-dental-narimisrull-pardilihaga-taiskasvanud-koertele-100g","status":"publish","type":"product","link":"https:\/\/petfest.ee\/et\/p\/dogfest-dental-narimisrull-pardilihaga-taiskasvanud-koertele-100g\/","title":{"rendered":"DogFest Dental n\u00e4rimisrull pardilihaga t\u00e4iskasvanud koertele, 100g"},"content":{"rendered":"<p>Parti n\u00e4rimisrulli unikaalne poorne struktuur puhastab t\u00f5husalt kogu hammaste pinna katu eemaldamiseks ning aitab ennetada hambakivi ja kaariese teket. Koerad armastavad neid maiuseid nende rikkaliku lihal\u00f5hna t\u00f5ttu. N\u00fc\u00fcd on hammaste puhastamine mitte ainult lihtne, vaid ka maitsev! Maius on m\u00f5eldud t\u00e4iskasvanud koertele k\u00f5igile t\u00f5ugudele.<br \/>\nKOOSTIS: pardiliha 10,2 %, taimse p\u00e4ritoluga koostisosad.<br \/>\nGARANTEERITUD ANAL\u00dc\u00dcS, %: toorproteiin 10, toorrasv 8, toorkiud 1.5, toortuhk 4, niiskus 15.<br \/>\n<B>Kasutamine<\/B>: Serveerige p\u00e4eva jooksul maiuspalana. Max. p\u00e4evane kogus: 1-2 tk. Kogust saab reguleerida vastavalt koera vajadustele ja seisundile. V\u00e4rske joogivesi peab olema alati saadaval. \u00c4ra j\u00e4ta koera j\u00e4relvalveta n\u00e4rimise ajal v\u00f5i \u00fcksi maiusepakendiga. Pakendis sisalduv hapniku absorbent ei ole s\u00f6\u00f6dav. S\u00e4ilitada kuivas ja jahedas, p\u00e4rast avamist hoida k\u00fclmikus.<\/p>","protected":false},"excerpt":{"rendered":"<p>79212631 6921959212631<\/p>\n","protected":false},"featured_media":2363964,"comment_status":"closed","ping_status":"closed","template":"","meta":{"inline_featured_image":false},"product_cat":[189,192],"product_tag":[],"_links":{"self":[{"href":"https:\/\/petfest.ee\/et\/wp-json\/wp\/v2\/product\/2363729"}],"collection":[{"href":"https:\/\/petfest.ee\/et\/wp-json\/wp\/v2\/product"}],"about":[{"href":"https:\/\/petfest.ee\/et\/wp-json\/wp\/v2\/types\/product"}],"replies":[{"embeddable":true,"href":"https:\/\/petfest.ee\/et\/wp-json\/wp\/v2\/comments?post=2363729"}],"wp:featuredmedia":[{"embeddable":true,"href":"https:\/\/petfest.ee\/et\/wp-json\/wp\/v2\/media\/2363964"}],"wp:attachment":[{"href":"https:\/\/petfest.ee\/et\/wp-json\/wp\/v2\/media?parent=2363729"}],"wp:term":[{"taxonomy":"product_cat","embeddable":true,"href":"https:\/\/petfest.ee\/et\/wp-json\/wp\/v2\/product_cat?post=2363729"},{"taxonomy":"product_tag","embeddable":true,"href":"https:\/\/petfest.ee\/et\/wp-json\/wp\/v2\/product_tag?post=2363729"}],"curies":[{"name":"wp","href":"https:\/\/api.w.org\/{rel}","templated":true}]}}