{"id":2363717,"date":"2026-04-24T06:43:27","date_gmt":"2026-04-24T06:43:27","guid":{"rendered":""},"modified":"2026-04-24T06:43:27","modified_gmt":"2026-04-24T06:43:27","slug":"dogfest-dental-sandwich-pardilihaga-keskmistele-koertele-90g","status":"publish","type":"product","link":"https:\/\/petfest.ee\/et\/p\/dogfest-dental-sandwich-pardilihaga-keskmistele-koertele-90g\/","title":{"rendered":"DogFest Dental sandwich pardilihaga keskmistele koertele 90g"},"content":{"rendered":"<p>Eriti n\u00e4rimiskindel maius \u201eV\u00f5ileib pardilihaga\u201c eemaldab t\u00f5husalt hambakattu ja aitab ennetada hambakivi teket. Liha t\u00e4idis on valmistatud hoolikalt valitud pardifileest ega sisalda kunstlikke s\u00e4ilitusaineid ega v\u00e4rvaineid. N\u00fc\u00fcd on hammaste puhastamine mitte ainult lihtne, vaid ka maitsev!<br \/>\nKOOSTIS: pardiliha 63,8%, toornahk, taimse p\u00e4ritoluga koostisosad, mineraalid.<br \/>\nGARANTEERITUD ANAL\u00dc\u00dcS, %: toorproteiin 42, toorrasv 3, toorkiud 1, toortuhk 5, niiskus 18.<br \/>\n<B>Kasutamine<\/B>: Serveerige p\u00e4eva jooksul maiuspalana. Max. p\u00e4evane kogus: 1-2 tk. Kogust saab reguleerida vastavalt koera vajadustele ja seisundile. V\u00e4rske joogivesi peab olema alati saadaval. \u00c4ra j\u00e4ta koera j\u00e4relvalveta n\u00e4rimise ajal v\u00f5i \u00fcksi maiusepakendiga. Pakendis sisalduv hapniku absorbent ei ole s\u00f6\u00f6dav. S\u00e4ilitada kuivas ja jahedas, p\u00e4rast avamist hoida k\u00fclmikus.<\/p>","protected":false},"excerpt":{"rendered":"<p>79214956 6921959214956<\/p>\n","protected":false},"featured_media":2363958,"comment_status":"closed","ping_status":"closed","template":"","meta":{"inline_featured_image":false},"product_cat":[189,192],"product_tag":[],"_links":{"self":[{"href":"https:\/\/petfest.ee\/et\/wp-json\/wp\/v2\/product\/2363717"}],"collection":[{"href":"https:\/\/petfest.ee\/et\/wp-json\/wp\/v2\/product"}],"about":[{"href":"https:\/\/petfest.ee\/et\/wp-json\/wp\/v2\/types\/product"}],"replies":[{"embeddable":true,"href":"https:\/\/petfest.ee\/et\/wp-json\/wp\/v2\/comments?post=2363717"}],"wp:featuredmedia":[{"embeddable":true,"href":"https:\/\/petfest.ee\/et\/wp-json\/wp\/v2\/media\/2363958"}],"wp:attachment":[{"href":"https:\/\/petfest.ee\/et\/wp-json\/wp\/v2\/media?parent=2363717"}],"wp:term":[{"taxonomy":"product_cat","embeddable":true,"href":"https:\/\/petfest.ee\/et\/wp-json\/wp\/v2\/product_cat?post=2363717"},{"taxonomy":"product_tag","embeddable":true,"href":"https:\/\/petfest.ee\/et\/wp-json\/wp\/v2\/product_tag?post=2363717"}],"curies":[{"name":"wp","href":"https:\/\/api.w.org\/{rel}","templated":true}]}}