{"id":2362711,"date":"2026-04-24T06:43:27","date_gmt":"2026-04-24T06:43:27","guid":{"rendered":""},"modified":"2026-04-24T06:43:27","modified_gmt":"2026-04-24T06:43:27","slug":"catfest-einekotike-lohega-zelees-margtoit-kassidele-12-x-70-g","status":"publish","type":"product","link":"https:\/\/petfest.ee\/et\/p\/catfest-einekotike-lohega-zelees-margtoit-kassidele-12-x-70-g\/","title":{"rendered":"CatFest einekotike l\u00f5hega \u017eelees,m\u00e4rgtoit kassidele 12 x 70 g"},"content":{"rendered":"<p>L\u00f5hefilee \u017eelees on t\u00e4iskasvanud kassidele m\u00f5eldud lisatoit, mis on rikastatud kasulike ainetega tervise ja aktiivsuse s\u00e4ilitamiseks. Kvaliteetse valgu ja kasulike rasvade k\u00f5rge sisaldus aitab parandada lemmiklooma \u00fcldist heaolu.<\/p>\n<p><B>Koostis:<\/B> L\u00f5he 58%, kalapuljong 40%, prebiootikumid FOS, l\u00f5he\u00f5li, E-vitamiin, tauriin, siguriekstrakt, mineraalid.<\/p>\n<p><B>Anal\u00fc\u00fctilised koostisosad<\/B>: Toorvalk 8,5%, toorrasv 2,5%, toortuhk 1,5%, toorkiud 1%, niiskus 89%.<\/p>\n<p><B>Eelised:<\/B> L\u00f5he on k\u00f5rgekvaliteedilise valgu ja omega-3 rasvhapete allikas, mis parandavad naha ja karvkatte seisundit ning toetavad s\u00fcdame tervist. Prebiootikum FOS soodustab tervislikku seedimist ja soolestiku mikrofloora s\u00e4ilitamist, samas kui siguriekstrakt aitab kaasa toitainete omastamisele. Tauriin ja E-vitamiin toetavad kassi n\u00e4gemist ja immuuns\u00fcsteemi, aidates kaasa tema \u00fcldisele aktiivsusele ja tervisele.<\/p>\n<p><B>Kasutamine<\/B>: Sobib t\u00e4iendava loodusliku toiduna k\u00f5igile t\u00e4iskasvanud kodukassidele, sealhulgas steriliseeritud ja kastreeritud kassidele ning kassidele, kellel on allergiaid v\u00f5i seedimisprobleeme. Serveeri toatemperatuuril. Hoida jahedas ja kuivas kohas. Tarbida kuni 3 pakikest p\u00e4evas. Veenduge, et kassil oleks alati juurdep\u00e4\u00e4s v\u00e4rskele veele.<\/p>","protected":false},"excerpt":{"rendered":"<p>79218916 6921959218916<\/p>\n","protected":false},"featured_media":2362713,"comment_status":"closed","ping_status":"closed","template":"","meta":{"inline_featured_image":false},"product_cat":[238,236],"product_tag":[],"_links":{"self":[{"href":"https:\/\/petfest.ee\/et\/wp-json\/wp\/v2\/product\/2362711"}],"collection":[{"href":"https:\/\/petfest.ee\/et\/wp-json\/wp\/v2\/product"}],"about":[{"href":"https:\/\/petfest.ee\/et\/wp-json\/wp\/v2\/types\/product"}],"replies":[{"embeddable":true,"href":"https:\/\/petfest.ee\/et\/wp-json\/wp\/v2\/comments?post=2362711"}],"wp:featuredmedia":[{"embeddable":true,"href":"https:\/\/petfest.ee\/et\/wp-json\/wp\/v2\/media\/2362713"}],"wp:attachment":[{"href":"https:\/\/petfest.ee\/et\/wp-json\/wp\/v2\/media?parent=2362711"}],"wp:term":[{"taxonomy":"product_cat","embeddable":true,"href":"https:\/\/petfest.ee\/et\/wp-json\/wp\/v2\/product_cat?post=2362711"},{"taxonomy":"product_tag","embeddable":true,"href":"https:\/\/petfest.ee\/et\/wp-json\/wp\/v2\/product_tag?post=2362711"}],"curies":[{"name":"wp","href":"https:\/\/api.w.org\/{rel}","templated":true}]}}