{"id":2362707,"date":"2026-04-24T06:43:27","date_gmt":"2026-04-24T06:43:27","guid":{"rendered":""},"modified":"2026-04-24T06:43:27","modified_gmt":"2026-04-24T06:43:27","slug":"catfest-einekotike-pardi-ja-lohega-zelees-margtoit-kassidele-12-x-70-g","status":"publish","type":"product","link":"https:\/\/petfest.ee\/et\/p\/catfest-einekotike-pardi-ja-lohega-zelees-margtoit-kassidele-12-x-70-g\/","title":{"rendered":"CatFest einekotike pardi ja l\u00f5hega \u017eelees,m\u00e4rgtoit kassidele 12 x 70 g"},"content":{"rendered":"<p>Pardifilee l\u00f5hega \u017eelees on delikatessne ja toitev toit t\u00e4iskasvanud kassidele. Pardiliha ja l\u00f5he k\u00f5rge sisaldus varustab kassi vajalike valkude ja kasulike rasvhapetega, toetades tema tervist ja aktiivsust.<\/p>\n<p><B>Koostis:<\/B> Pardifilee 54%, l\u00f5he 6%, lihapuljong 38%, an\u0161oovise kala\u00f5li, prebiootikumid FOS, E-vitamiin, tauriin, siguriekstrakt, mineraalid.<br \/>\n<B>Anal\u00fc\u00fctilised koostisosad<\/B>: Toorvalk 11%, toorrasv 2%, toortuhk 1,5%, toorkiud 1%, niiskus 89%.<\/p>\n<p><B>Eelised:<\/B> Part ja l\u00f5he on v\u00e4\u00e4rtuslikud valguallikad, mis aitavad s\u00e4ilitada lihasmassi ja \u00fcldist aktiivsust. Prebiootikum FOS parandab seedimist ja toetab tervislikku soolestiku mikrofloorat. An\u0161oovise\u00f5li lisab asendamatuid omega-3 rasvhappeid, mis on kasulikud kassi naha ja karvkatte tervisele.<\/p>\n<p><B>Kasutamine<\/B>: Sobib t\u00e4iendava loodusliku toiduna k\u00f5igile t\u00e4iskasvanud kodukassidele, sealhulgas steriliseeritud ja kastreeritud kassidele ning kassidele, kellel on allergiaid v\u00f5i seedimisprobleeme. Serveeri toatemperatuuril. Hoida jahedas ja kuivas kohas. Tarbida kuni 3 pakikest p\u00e4evas. Veenduge, et kassil oleks alati juurdep\u00e4\u00e4s v\u00e4rskele veele.<\/p>","protected":false},"excerpt":{"rendered":"<p>79218909 6921959218909<\/p>\n","protected":false},"featured_media":2362709,"comment_status":"closed","ping_status":"closed","template":"","meta":{"inline_featured_image":false},"product_cat":[238,236],"product_tag":[],"_links":{"self":[{"href":"https:\/\/petfest.ee\/et\/wp-json\/wp\/v2\/product\/2362707"}],"collection":[{"href":"https:\/\/petfest.ee\/et\/wp-json\/wp\/v2\/product"}],"about":[{"href":"https:\/\/petfest.ee\/et\/wp-json\/wp\/v2\/types\/product"}],"replies":[{"embeddable":true,"href":"https:\/\/petfest.ee\/et\/wp-json\/wp\/v2\/comments?post=2362707"}],"wp:featuredmedia":[{"embeddable":true,"href":"https:\/\/petfest.ee\/et\/wp-json\/wp\/v2\/media\/2362709"}],"wp:attachment":[{"href":"https:\/\/petfest.ee\/et\/wp-json\/wp\/v2\/media?parent=2362707"}],"wp:term":[{"taxonomy":"product_cat","embeddable":true,"href":"https:\/\/petfest.ee\/et\/wp-json\/wp\/v2\/product_cat?post=2362707"},{"taxonomy":"product_tag","embeddable":true,"href":"https:\/\/petfest.ee\/et\/wp-json\/wp\/v2\/product_tag?post=2362707"}],"curies":[{"name":"wp","href":"https:\/\/api.w.org\/{rel}","templated":true}]}}