{"id":2362698,"date":"2026-04-24T06:43:27","date_gmt":"2026-04-24T06:43:27","guid":{"rendered":""},"modified":"2026-04-24T06:43:27","modified_gmt":"2026-04-24T06:43:27","slug":"catfest-einekotike-lohe-ja-kalmaariga-zelees-margtoit-kassidele-12-x-70-g","status":"publish","type":"product","link":"https:\/\/petfest.ee\/et\/p\/catfest-einekotike-lohe-ja-kalmaariga-zelees-margtoit-kassidele-12-x-70-g\/","title":{"rendered":"CatFest einekotike l\u00f5he ja kalmaariga \u017eelees,m\u00e4rgtoit kassidele 12 x 70 g"},"content":{"rendered":"<p>Metsiku l\u00f5he filee kalmaariga \u017eelees on maitsev ja kasulik toode t\u00e4iskasvanud kassidele. L\u00f5he ja kalmaari k\u00f5rge sisaldus varustab kassi organismi oluliste valkude ja kasulike rasvhapetega, toetades tema tervist ja aktiivsust. Pakutakse t\u00e4iendava loodusliku toiduna.<\/p>\n<p><B>Koostis:<\/B> L\u00f5he 54%, kalmaar 6%, kalapuljong 38%, an\u0161oovise kala\u00f5li, prebiootikumid FOS, E-vitamiin, tauriin, siguriekstrakt, mineraalid.<\/p>\n<p><B>Anal\u00fc\u00fctilised koostisosad<\/B>: Toorvalk 8,5%, toorrasv 2,5%, toortuhk 1,5%, toorkiud 1%, niiskus 89%.<\/p>\n<p><B>Eelised:<\/B> L\u00f5he on suurep\u00e4rane omega-3 rasvhapete allikas, mis toetab naha tervist ja karvkatte l\u00e4iget. Prebiootikum FOS aitab parandada seedimist ja toetab soolestiku mikrofloora tasakaalu. Kalmaar lisab tekstuuri ja maitset, muutes toidu kassidele veelgi ahvatlevamaks. Sigur v\u00e4hendab kasside v\u00e4ljaheidete l\u00f5hna, aidates s\u00e4ilitada v\u00e4rsket \u00f5hku liivakasti \u00fcmbruses.<\/p>\n<p><B>Kasutamine<\/B>: Sobib t\u00e4iendava loodusliku toiduna k\u00f5igile t\u00e4iskasvanud kodukassidele, sealhulgas steriliseeritud ja kastreeritud kassidele ning kassidele, kellel on allergiaid v\u00f5i seedimisprobleeme. Serveeri toatemperatuuril. Hoida jahedas ja kuivas kohas. Tarbida kuni 3 pakikest p\u00e4evas. Veenduge, et kassil oleks alati juurdep\u00e4\u00e4s v\u00e4rskele veele.<\/p>","protected":false},"excerpt":{"rendered":"<p>79218930 6921959218930<\/p>\n","protected":false},"featured_media":2362700,"comment_status":"closed","ping_status":"closed","template":"","meta":{"inline_featured_image":false},"product_cat":[238,236],"product_tag":[],"_links":{"self":[{"href":"https:\/\/petfest.ee\/et\/wp-json\/wp\/v2\/product\/2362698"}],"collection":[{"href":"https:\/\/petfest.ee\/et\/wp-json\/wp\/v2\/product"}],"about":[{"href":"https:\/\/petfest.ee\/et\/wp-json\/wp\/v2\/types\/product"}],"replies":[{"embeddable":true,"href":"https:\/\/petfest.ee\/et\/wp-json\/wp\/v2\/comments?post=2362698"}],"wp:featuredmedia":[{"embeddable":true,"href":"https:\/\/petfest.ee\/et\/wp-json\/wp\/v2\/media\/2362700"}],"wp:attachment":[{"href":"https:\/\/petfest.ee\/et\/wp-json\/wp\/v2\/media?parent=2362698"}],"wp:term":[{"taxonomy":"product_cat","embeddable":true,"href":"https:\/\/petfest.ee\/et\/wp-json\/wp\/v2\/product_cat?post=2362698"},{"taxonomy":"product_tag","embeddable":true,"href":"https:\/\/petfest.ee\/et\/wp-json\/wp\/v2\/product_tag?post=2362698"}],"curies":[{"name":"wp","href":"https:\/\/api.w.org\/{rel}","templated":true}]}}