{"id":2362690,"date":"2026-04-24T06:43:27","date_gmt":"2026-04-24T06:43:27","guid":{"rendered":""},"modified":"2026-04-24T06:43:27","modified_gmt":"2026-04-24T06:43:27","slug":"catfest-einekotike-pardi-ja-tuunikalaga-zelees-margtoit-kassidele-12-x-70-g","status":"publish","type":"product","link":"https:\/\/petfest.ee\/et\/p\/catfest-einekotike-pardi-ja-tuunikalaga-zelees-margtoit-kassidele-12-x-70-g\/","title":{"rendered":"CatFest einekotike pardi ja tuunikalaga \u017eelees,m\u00e4rgtoit kassidele 12 x 70 g"},"content":{"rendered":"<p>Pardifilee tuunikalaga on suurep\u00e4rane t\u00e4iendus t\u00e4iskasvanud kasside toidulauale. Pardiliha ja tuunikala k\u00f5rge sisaldus tagab tasakaalustatud toitumise, aidates s\u00e4ilitada teie lemmiklooma tervist ja f\u00fc\u00fcsilist vormi.<\/p>\n<p><B>Koostis:<\/B> pardiliha 54%, tuunikala 6%,pardiliha puljong 38% , an\u0161oovise kala\u00f5li, E-vitamiin, tauriin, tapiokki t\u00e4rklis, siguriekstrakt, fruktoos, trikaltseumfosfaat.<\/p>\n<p><B>Anal\u00fc\u00fctilised koostisosad<\/B>: toorvalk 11%, toorrasv 2%, toortuhk 1,5%, toorkiud 1%, niiskus 89%.<\/p>\n<p><B>Eelised:<\/B> Pardiliha ja tuunikala on suurep\u00e4rased valguallikad, mis toetavad lihasmassi s\u00e4ilitamist ja \u00fcldist tervist. Prebiootikum FOS aitab s\u00e4ilitada tervet soolestiku mikrofloorat ja parandab seedimist. An\u0161oovise\u00f5li rikastab toitu omega-3 rasvhapetega, mis toetavad naha ja karvkatte tervist. Mineraalsed lisandid tugevdavad luid ja toetavad \u00fcldist tervist.<\/p>\n<p><B>Kasutamine<\/B>: Sobib t\u00e4iendava loodusliku toiduna k\u00f5igile t\u00e4iskasvanud kodukassidele, sealhulgas steriliseeritud ja kastreeritud kassidele ning kassidele, kellel on allergiaid v\u00f5i seedimisprobleeme. Serveeri toatemperatuuril. Hoida jahedas ja kuivas kohas. Tarbida kuni 3 pakikest p\u00e4evas. Veenduge, et kassil oleks alati juurdep\u00e4\u00e4s v\u00e4rskele veele.<\/p>","protected":false},"excerpt":{"rendered":"<p>79218893 6921959218893<\/p>\n","protected":false},"featured_media":2362692,"comment_status":"closed","ping_status":"closed","template":"","meta":{"inline_featured_image":false},"product_cat":[238,236],"product_tag":[],"_links":{"self":[{"href":"https:\/\/petfest.ee\/et\/wp-json\/wp\/v2\/product\/2362690"}],"collection":[{"href":"https:\/\/petfest.ee\/et\/wp-json\/wp\/v2\/product"}],"about":[{"href":"https:\/\/petfest.ee\/et\/wp-json\/wp\/v2\/types\/product"}],"replies":[{"embeddable":true,"href":"https:\/\/petfest.ee\/et\/wp-json\/wp\/v2\/comments?post=2362690"}],"wp:featuredmedia":[{"embeddable":true,"href":"https:\/\/petfest.ee\/et\/wp-json\/wp\/v2\/media\/2362692"}],"wp:attachment":[{"href":"https:\/\/petfest.ee\/et\/wp-json\/wp\/v2\/media?parent=2362690"}],"wp:term":[{"taxonomy":"product_cat","embeddable":true,"href":"https:\/\/petfest.ee\/et\/wp-json\/wp\/v2\/product_cat?post=2362690"},{"taxonomy":"product_tag","embeddable":true,"href":"https:\/\/petfest.ee\/et\/wp-json\/wp\/v2\/product_tag?post=2362690"}],"curies":[{"name":"wp","href":"https:\/\/api.w.org\/{rel}","templated":true}]}}